{"id":32320,"date":"2026-05-08T10:24:29","date_gmt":"2026-05-08T10:24:29","guid":{"rendered":"https:\/\/esquell.eu\/?post_type=product&#038;p=32320"},"modified":"2026-05-08T11:18:09","modified_gmt":"2026-05-08T11:18:09","slug":"moule-crane-epee-lys-francais-acs-f-1883-kopie","status":"publish","type":"product","link":"https:\/\/esquell.eu\/fr\/produit\/moule-crane-epee-lys-francais-acs-f-1883-kopie\/","title":{"rendered":"Moule cr\u00e2ne, \u00e9p\u00e9e, lys fran\u00e7ais ACS (F-1883) (kopie)"},"content":{"rendered":"<p>Moule, moule, silicone.<br \/>\nCr\u00e2ne, \u00e9p\u00e9e, lys fran\u00e7ais<br \/>\ncl\u00e9, fer \u00e0 cheval, ancre<br \/>\nExclusif d&rsquo;Art Clay<br \/>\nboucles d&rsquo;oreilles pendantes, breloques, entretoises, connecteurs<\/p>\n","protected":false},"excerpt":{"rendered":"<p style=\"text-align: justify;\">Moule Cr\u00e2ne, \u00e9p\u00e9e, lys fran\u00e7ais<\/p>\n<p style=\"text-align: justify;\">Pour pendentifs, breloques, entretoises, boucles d&rsquo;oreilles, etc.<\/p>\n<p style=\"text-align: justify;\">Avec \u0153illets de suspension.<\/p>\n<p style=\"text-align: justify;\">En exclusivit\u00e9 chez Art Clay<\/p>\n<p style=\"text-align: justify;\">\n","protected":false},"featured_media":4191,"comment_status":"closed","ping_status":"closed","template":"","meta":{"_acf_changed":false,"_seopress_robots_primary_cat":"none","_seopress_titles_title":"","_seopress_titles_desc":"","_seopress_robots_index":""},"more":[],"product_brand":[6382],"product_cat":[15643,11931],"product_tag":[6386,16174,7098,6638,19273,6473,6404,6378,6390,6405,6376,19275,6372,19271,6642,10050,6409,12494,15791,10052,6374,6798,7510,21759,6801,6381,6634,6550,6369,6472,15052,6426,7031,15646,9874,10552,15097,6652,19076,19150,6407,6805,10562,19267,19269,6803,6408],"class_list":{"0":"post-32320","1":"product","2":"type-product","3":"status-publish","4":"has-post-thumbnail","6":"product_brand-acs","7":"product_cat-moules","8":"product_cat-nouveau","9":"product_tag-aida","10":"product_tag-alphabet","11":"product_tag-anneau","12":"product_tag-anneaux","13":"product_tag-argente-2","14":"product_tag-argile-2","15":"product_tag-argile-argentee","16":"product_tag-argile-metallique","17":"product_tag-argile-metallique-2","18":"product_tag-artclay","19":"product_tag-artclaysilver","20":"product_tag-artisanat-de-largile","21":"product_tag-bijoux","22":"product_tag-bijoux-8","23":"product_tag-bijoux-2","24":"product_tag-bijoux-6","25":"product_tag-bricolage","26":"product_tag-classeur-a-anneaux","27":"product_tag-classeurs-a-anneaux","28":"product_tag-fabrication","29":"product_tag-faire","30":"product_tag-faire-2","31":"product_tag-flexible","32":"product_tag-fraise-3","33":"product_tag-il","34":"product_tag-japon","35":"product_tag-largent-3","36":"product_tag-largent-2","37":"product_tag-largent","38":"product_tag-lart","39":"product_tag-lettres","40":"product_tag-malleable","41":"product_tag-metal-2","42":"product_tag-modele-2","43":"product_tag-moule-2","44":"product_tag-moule-3","45":"product_tag-moules-2","46":"product_tag-orfevres","47":"product_tag-pigeon","48":"product_tag-silicium","49":"product_tag-silverclay-co-uk","50":"product_tag-soi","51":"product_tag-taille-de-lanneau","52":"product_tag-texte","53":"product_tag-textes","54":"product_tag-votre","55":"product_tag-vous","56":"product_shipping_class-standard","58":"first","59":"instock","60":"taxable","61":"shipping-taxable","62":"purchasable","63":"product-type-simple"},"acf":[],"_links":{"self":[{"href":"https:\/\/esquell.eu\/fr\/wp-json\/wp\/v2\/product\/32320","targetHints":{"allow":["GET"]}}],"collection":[{"href":"https:\/\/esquell.eu\/fr\/wp-json\/wp\/v2\/product"}],"about":[{"href":"https:\/\/esquell.eu\/fr\/wp-json\/wp\/v2\/types\/product"}],"replies":[{"embeddable":true,"href":"https:\/\/esquell.eu\/fr\/wp-json\/wp\/v2\/comments?post=32320"}],"wp:featuredmedia":[{"embeddable":true,"href":"https:\/\/esquell.eu\/fr\/wp-json\/wp\/v2\/media\/4191"}],"wp:attachment":[{"href":"https:\/\/esquell.eu\/fr\/wp-json\/wp\/v2\/media?parent=32320"}],"wp:term":[{"taxonomy":"more","embeddable":true,"href":"https:\/\/esquell.eu\/fr\/wp-json\/wp\/v2\/more?post=32320"},{"taxonomy":"product_brand","embeddable":true,"href":"https:\/\/esquell.eu\/fr\/wp-json\/wp\/v2\/product_brand?post=32320"},{"taxonomy":"product_cat","embeddable":true,"href":"https:\/\/esquell.eu\/fr\/wp-json\/wp\/v2\/product_cat?post=32320"},{"taxonomy":"product_tag","embeddable":true,"href":"https:\/\/esquell.eu\/fr\/wp-json\/wp\/v2\/product_tag?post=32320"}],"curies":[{"name":"wp","href":"https:\/\/api.w.org\/{rel}","templated":true}]}}