{"id":32299,"date":"2026-05-07T11:21:54","date_gmt":"2026-05-07T11:21:54","guid":{"rendered":"https:\/\/esquell.eu\/?post_type=product&#038;p=32299"},"modified":"2026-05-07T11:24:05","modified_gmt":"2026-05-07T11:24:05","slug":"frein-en-acier-avec-manche-en-bois-kopie-kopie","status":"publish","type":"product","link":"https:\/\/esquell.eu\/fr\/produit\/frein-en-acier-avec-manche-en-bois-kopie-kopie\/","title":{"rendered":"Frein en acier avec manche en bois (kopie) (kopie)"},"content":{"rendered":"<p>Acier \u00e0 sertir avec manche en bois pour sertir les pierres dans les bo\u00eetes \u00e0 sertir<\/p>\n","protected":false},"excerpt":{"rendered":"<p>Acier \u00e0 sertir avec manche en bois pour sertir les pierres dans les bo\u00eetes \u00e0 sertir<\/p>\n","protected":false},"featured_media":32303,"comment_status":"closed","ping_status":"closed","template":"","meta":{"_acf_changed":false,"_seopress_robots_primary_cat":"none","_seopress_titles_title":"","_seopress_titles_desc":"","_seopress_robots_index":""},"more":[],"product_brand":[6363],"product_cat":[11931,7396,7397],"product_tag":[6645,6646,7409,7407,6386,6372,6642,7418,6480,6402,6796,6389,6409,7430,7400,9385,6706,6743,6374,6635,6481,6550,7401,7820,7398,7428,7313,6637,6652,6643,7405,6636,7422,7279,6428,7403,7420,7416,7411,7426,7824,7424,7414],"class_list":{"0":"post-32299","1":"product","2":"type-product","3":"status-publish","4":"has-post-thumbnail","6":"product_brand-bm","7":"product_cat-nouveau","8":"product_cat-outils-pour-anneaux","9":"product_cat-pince-et-pince-a-epiler","10":"product_tag-a","11":"product_tag-acheter","12":"product_tag-acier","13":"product_tag-acier-de-montage","14":"product_tag-aida","15":"product_tag-bijoux","16":"product_tag-bijoux-2","17":"product_tag-boite-de-reglage","18":"product_tag-boites-de-composition","19":"product_tag-bon-marche","20":"product_tag-boutique-en-ligne-2","21":"product_tag-boutique-en-ligne","22":"product_tag-bricolage","23":"product_tag-cabochon","24":"product_tag-cabochons","25":"product_tag-carre","26":"product_tag-commerce-de-gros","27":"product_tag-distributeur","28":"product_tag-faire","29":"product_tag-fournitures","30":"product_tag-galets","31":"product_tag-largent-2","32":"product_tag-lieux","33":"product_tag-mettre-2","34":"product_tag-mettre","35":"product_tag-naturel","36":"product_tag-orfevre-2","37":"product_tag-orfevre","38":"product_tag-orfevres","39":"product_tag-ou","40":"product_tag-outil-2","41":"product_tag-outils","42":"product_tag-outils-de-bijouterie","43":"product_tag-pierre-2","44":"product_tag-pierre","45":"product_tag-pierre-de-taille","46":"product_tag-plateau-de-brassage","47":"product_tag-plateau-de-composition","48":"product_tag-plateaux-de-composition","49":"product_tag-reglage","50":"product_tag-reglage-de-lacier-reglage","51":"product_tag-sierande","52":"product_tag-zetkast","53":"product_shipping_class-standard","55":"first","56":"instock","57":"taxable","58":"shipping-taxable","59":"purchasable","60":"product-type-simple"},"acf":[],"_links":{"self":[{"href":"https:\/\/esquell.eu\/fr\/wp-json\/wp\/v2\/product\/32299","targetHints":{"allow":["GET"]}}],"collection":[{"href":"https:\/\/esquell.eu\/fr\/wp-json\/wp\/v2\/product"}],"about":[{"href":"https:\/\/esquell.eu\/fr\/wp-json\/wp\/v2\/types\/product"}],"replies":[{"embeddable":true,"href":"https:\/\/esquell.eu\/fr\/wp-json\/wp\/v2\/comments?post=32299"}],"wp:featuredmedia":[{"embeddable":true,"href":"https:\/\/esquell.eu\/fr\/wp-json\/wp\/v2\/media\/32303"}],"wp:attachment":[{"href":"https:\/\/esquell.eu\/fr\/wp-json\/wp\/v2\/media?parent=32299"}],"wp:term":[{"taxonomy":"more","embeddable":true,"href":"https:\/\/esquell.eu\/fr\/wp-json\/wp\/v2\/more?post=32299"},{"taxonomy":"product_brand","embeddable":true,"href":"https:\/\/esquell.eu\/fr\/wp-json\/wp\/v2\/product_brand?post=32299"},{"taxonomy":"product_cat","embeddable":true,"href":"https:\/\/esquell.eu\/fr\/wp-json\/wp\/v2\/product_cat?post=32299"},{"taxonomy":"product_tag","embeddable":true,"href":"https:\/\/esquell.eu\/fr\/wp-json\/wp\/v2\/product_tag?post=32299"}],"curies":[{"name":"wp","href":"https:\/\/api.w.org\/{rel}","templated":true}]}}