{"id":31822,"date":"2026-04-01T13:23:30","date_gmt":"2026-04-01T13:23:30","guid":{"rendered":"https:\/\/esquell.eu\/product\/tampons-alphabet-et-petites-formes-pour-largile\/"},"modified":"2026-04-01T13:23:30","modified_gmt":"2026-04-01T13:23:30","slug":"tampons-alphabet-et-petites-formes-pour-largile","status":"publish","type":"product","link":"https:\/\/esquell.eu\/fr\/produit\/tampons-alphabet-et-petites-formes-pour-largile\/","title":{"rendered":"Tampons alphabet et petites formes pour l&rsquo;argile"},"content":{"rendered":"<p>Tampons alphabet et petites formes pour l&rsquo;argile<br \/>\nConvient parfaitement \u00e0 l&rsquo;argile argent\u00e9e. Les tampons sont hauts, ce qui permet d&rsquo;\u00e9viter l&rsquo;impression de fond.   <\/p>\n<p>Les lettres peuvent \u00eatre plac\u00e9es sur le cube pour former des mots.<br \/>\nPour les dimensions, voir les photos  <\/p>\n","protected":false},"excerpt":{"rendered":"<p>Tampons alphabet et petites formes pour l&rsquo;argile Convient parfaitement \u00e0 l&rsquo;argile argent\u00e9e. Les tampons sont hauts, ce qui permet d&rsquo;\u00e9viter l&rsquo;impression de fond. Les lettres peuvent \u00eatre plac\u00e9es sur le cube pour former des mots. Pour les dimensions, voir les photos<\/p>\n","protected":false},"featured_media":31549,"comment_status":"closed","ping_status":"closed","template":"","meta":{"_acf_changed":false,"_seopress_robots_primary_cat":"none","_seopress_titles_title":"","_seopress_titles_desc":"","_seopress_robots_index":""},"more":[],"product_brand":[6398],"product_cat":[7504,6364,11931,12226],"product_tag":[22551,6404,7500,6390,22550,7506,7431],"class_list":{"0":"post-31822","1":"product","2":"type-product","3":"status-publish","4":"has-post-thumbnail","6":"product_brand-l1","7":"product_cat-argile","8":"product_cat-materiel-supplementaire","9":"product_cat-nouveau","10":"product_cat-textures-et-tampons","11":"product_tag-alfabeth","12":"product_tag-argile-argentee","13":"product_tag-argile-argentee-3","14":"product_tag-argile-metallique-2","15":"product_tag-mni","16":"product_tag-pour","17":"product_tag-timbres","19":"first","20":"instock","21":"taxable","22":"shipping-taxable","23":"purchasable","24":"product-type-simple"},"acf":[],"_links":{"self":[{"href":"https:\/\/esquell.eu\/fr\/wp-json\/wp\/v2\/product\/31822","targetHints":{"allow":["GET"]}}],"collection":[{"href":"https:\/\/esquell.eu\/fr\/wp-json\/wp\/v2\/product"}],"about":[{"href":"https:\/\/esquell.eu\/fr\/wp-json\/wp\/v2\/types\/product"}],"replies":[{"embeddable":true,"href":"https:\/\/esquell.eu\/fr\/wp-json\/wp\/v2\/comments?post=31822"}],"wp:featuredmedia":[{"embeddable":true,"href":"https:\/\/esquell.eu\/fr\/wp-json\/wp\/v2\/media\/31549"}],"wp:attachment":[{"href":"https:\/\/esquell.eu\/fr\/wp-json\/wp\/v2\/media?parent=31822"}],"wp:term":[{"taxonomy":"more","embeddable":true,"href":"https:\/\/esquell.eu\/fr\/wp-json\/wp\/v2\/more?post=31822"},{"taxonomy":"product_brand","embeddable":true,"href":"https:\/\/esquell.eu\/fr\/wp-json\/wp\/v2\/product_brand?post=31822"},{"taxonomy":"product_cat","embeddable":true,"href":"https:\/\/esquell.eu\/fr\/wp-json\/wp\/v2\/product_cat?post=31822"},{"taxonomy":"product_tag","embeddable":true,"href":"https:\/\/esquell.eu\/fr\/wp-json\/wp\/v2\/product_tag?post=31822"}],"curies":[{"name":"wp","href":"https:\/\/api.w.org\/{rel}","templated":true}]}}