{"id":31819,"date":"2026-04-08T11:21:21","date_gmt":"2026-04-08T11:21:21","guid":{"rendered":"https:\/\/esquell.eu\/product\/patina-liver-ou-sulfur-sous-forme-de-gel\/"},"modified":"2026-04-08T11:21:21","modified_gmt":"2026-04-08T11:21:21","slug":"patina-liver-ou-sulfur-sous-forme-de-gel","status":"publish","type":"product","link":"https:\/\/esquell.eu\/fr\/produit\/patina-liver-ou-sulfur-sous-forme-de-gel\/","title":{"rendered":"Patina Liver ou Sulfur sous forme de gel"},"content":{"rendered":"<p>Cool Tools Patina Gel est une patine sous forme de gel. C&rsquo;est non seulement le moyen le plus pratique et le plus facile d&rsquo;utiliser le foie ou le soufre, mais il ne perd pas son effet \u00e0 la lumi\u00e8re et \u00e0 l&rsquo;air.<br \/>\nCool Tools Patina Gel est \u00e9conomique \u00e0 utiliser. Gr\u00e2ce au distributeur pratique, vous n&rsquo;utilisez que ce dont vous avez besoin. Vous n&rsquo;aurez plus \u00e0 jeter un paquet entier parce que le couvercle n&rsquo;\u00e9tait pas bien plac\u00e9. Le gel Patina est toujours pr\u00eat \u00e0 l&#8217;emploi et vous n&rsquo;avez besoin que de quelques gouttes.<br \/>\nLe gel Patina de Cool Tools est sans danger. La composition chimique unique du Cool Tools Patina Gel le rend ininflammable       <\/p>\n<p>Le gel de patine Cool Tools peut \u00eatre rendu aussi fort ou aussi faible que vous le souhaitez. Une couleur jaune citron est un bon point de d\u00e9part. Utilisez-en plus ou moins pour ajuster l&rsquo;intensit\u00e9.  <\/p>\n<p>Patine antique : m\u00e9langez 1\/4 de cuill\u00e8re \u00e0 caf\u00e9 de gel de patine dans un r\u00e9cipient en verre ou en plastique avec 180 \u00e0 360 ml d&rsquo;eau tr\u00e8s chaude (non bouillante). Plongez les objets dans la solution de patine \u00e0 l&rsquo;aide d&rsquo;une pince \u00e0 \u00e9piler, suspendez-les \u00e0 un fil recourb\u00e9 ou utilisez des gants. Lorsque vous avez obtenu la couleur souhait\u00e9e, retirez les objets et faites-les tremper pendant environ 5 minutes dans une solution neutralisante d&rsquo;eau additionn\u00e9e d&rsquo;un peu de bicarbonate de soude, puis rincez, s\u00e9chez et terminez.  <\/p>\n<p>Patine arc-en-ciel : m\u00e9langez comme d\u00e9crit ci-dessus, mais utilisez de l&rsquo;eau ti\u00e8de au lieu de l&rsquo;eau chaude. Plongez rapidement les objets dans la solution et retirez-les. Observez le d\u00e9veloppement des couleurs. Lorsque vous obtenez les couleurs souhait\u00e9es, plongez imm\u00e9diatement les objets dans le bain de neutralisation pour arr\u00eater le processus.   <\/p>\n<p>Patine arc-en-ciel extra claire. Suivez les instructions ci-dessus pour la patine arc-en-ciel, mais ajoutez environ une cuill\u00e8re \u00e0 soupe d&rsquo;ammoniaque \u00e0 la solution. L&rsquo;ammoniaque \u00e9claircit les couleurs et les fait mieux ressortir. Neutralisez les pi\u00e8ces une fois que vous avez obtenu les couleurs souhait\u00e9es.   <\/p>\n<p>Pour obtenir une patine uniforme, le m\u00e9tal doit \u00eatre parfaitement propre et exempt de traces de doigts, de vernis, de graisse, etc.  <\/p>\n<p>Neutraliser<br \/>\nIl est tr\u00e8s important de neutraliser les pi\u00e8ces nouvellement immerg\u00e9es. Si vous ne neutralisez pas le m\u00e9tal, le foie sulfureux continuera \u00e0 r\u00e9agir avec le m\u00e9tal et votre objet devra \u00eatre repoli imm\u00e9diatement. Laissez les objets dans le bain de neutralisation pendant environ 1 \u00e0 2 minutes pour les m\u00e9taux ordinaires, et un peu plus longtemps pour l&rsquo;argile m\u00e9tallique. L&rsquo;argile m\u00e9tallique est poreuse et la solution de patine peut s&rsquo;y infiltrer et continuer \u00e0 r\u00e9agir pendant plusieurs minutes.   <\/p>\n<p>Apr\u00e8s le trempage, essayez d&rsquo;utiliser une p\u00e2te d&rsquo;eau et de bicarbonate de soude pour \u00e9liminer l&rsquo;oxydation des parties hautes. D&rsquo;ailleurs, assurez-vous d&rsquo;avoir une bo\u00eete de bicarbonate de soude pr\u00e8s de l&rsquo;\u00e9vier pendant que vous travaillez. Versez environ une cuill\u00e8re \u00e0 soupe de bicarbonate de soude dans la paume d&rsquo;une main. Ajoutez quelques gouttes d&rsquo;eau et formez une p\u00e2te \u00e9paisse. Avec vos pouces, frottez la p\u00e2te sur le m\u00e9tal. Cela permet non seulement d&rsquo;\u00e9liminer l&rsquo;oxydation des points les plus \u00e9lev\u00e9s, mais aussi de neutraliser l&rsquo;effet oxydant. Vous pouvez laisser l&rsquo;objet tel quel ou le polir \u00e0 votre guise.      <\/p>\n<p>Pour obtenir le noir le plus profond, il est pr\u00e9f\u00e9rable d&rsquo;immerger l&rsquo;objet plusieurs fois plut\u00f4t que de le tremper une seule fois pendant longtemps. Laissez l&rsquo;objet dans la solution jusqu&rsquo;\u00e0 ce qu&rsquo;il devienne gris fonc\u00e9. Sortez-le et frottez l&rsquo;oxydation ind\u00e9sirable avec une p\u00e2te de bicarbonate de soude. Rincez et appliquez \u00e0 nouveau une patine. R\u00e9p\u00e9tez l&rsquo;op\u00e9ration jusqu&rsquo;\u00e0 ce que vous soyez satisfait de la couleur noire.    <\/p>\n","protected":false},"excerpt":{"rendered":"<p>Cool Tools Patina Gel est une patine sous forme de gel. C&rsquo;est non seulement le moyen le plus pratique et le plus facile d&rsquo;utiliser le foie ou le soufre, mais il ne perd pas son effet \u00e0 la lumi\u00e8re et \u00e0 l&rsquo;air.<br \/>\nCool Tools Patina Gel est \u00e9conomique \u00e0 utiliser. Gr\u00e2ce au distributeur pratique, vous n&rsquo;utilisez que ce dont vous avez besoin. Vous n&rsquo;aurez plus \u00e0 jeter un paquet entier parce que le couvercle n&rsquo;\u00e9tait pas bien plac\u00e9. Le gel Patina est toujours pr\u00eat \u00e0 l&#8217;emploi et vous n&rsquo;avez besoin que de quelques gouttes.<br \/>\nLe gel Patina de Cool Tools est sans danger. La composition chimique unique du Cool Tools Patina Gel le rend ininflammable       <\/p>\n<p>Le gel de patine Cool Tools peut \u00eatre rendu aussi fort ou aussi faible que vous le souhaitez. Une couleur jaune citron est un bon point de d\u00e9part. Utilisez-en plus ou moins pour ajuster l&rsquo;intensit\u00e9.  <\/p>\n<p>Patine antique : m\u00e9langez 1\/4 de cuill\u00e8re \u00e0 caf\u00e9 de gel de patine dans un r\u00e9cipient en verre ou en plastique avec 180 \u00e0 360 ml d&rsquo;eau tr\u00e8s chaude (non bouillante). Plongez les objets dans la solution de patine \u00e0 l&rsquo;aide d&rsquo;une pince \u00e0 \u00e9piler, suspendez-les \u00e0 un fil recourb\u00e9 ou utilisez des gants. Lorsque vous avez obtenu la couleur souhait\u00e9e, retirez les objets et faites-les tremper pendant environ 5 minutes dans une solution neutralisante d&rsquo;eau additionn\u00e9e d&rsquo;un peu de bicarbonate de soude, puis rincez, s\u00e9chez et terminez.  <\/p>\n<p>Patine arc-en-ciel : m\u00e9langez comme d\u00e9crit ci-dessus, mais utilisez de l&rsquo;eau ti\u00e8de au lieu de l&rsquo;eau chaude. Plongez rapidement les objets dans la solution et retirez-les. Observez le d\u00e9veloppement des couleurs. Lorsque vous obtenez les couleurs souhait\u00e9es, plongez imm\u00e9diatement les objets dans le bain de neutralisation pour arr\u00eater le processus.   <\/p>\n<p>Patine arc-en-ciel extra claire. Suivez les instructions ci-dessus pour la patine arc-en-ciel, mais ajoutez environ une cuill\u00e8re \u00e0 soupe d&rsquo;ammoniaque \u00e0 la solution. L&rsquo;ammoniaque \u00e9claircit les couleurs et les fait mieux ressortir. Neutralisez les pi\u00e8ces une fois que vous avez obtenu les couleurs souhait\u00e9es.   <\/p>\n<p>Pour obtenir une patine uniforme, le m\u00e9tal doit \u00eatre parfaitement propre et exempt de traces de doigts, de vernis, de graisse, etc.  <\/p>\n<p>Neutraliser<br \/>\nIl est tr\u00e8s important de neutraliser les pi\u00e8ces nouvellement immerg\u00e9es. Si vous ne neutralisez pas le m\u00e9tal, le foie sulfureux continuera \u00e0 r\u00e9agir avec le m\u00e9tal et votre objet devra \u00eatre repoli imm\u00e9diatement. Laissez les objets dans le bain de neutralisation pendant environ 1 \u00e0 2 minutes pour les m\u00e9taux ordinaires, et un peu plus longtemps pour l&rsquo;argile m\u00e9tallique. L&rsquo;argile m\u00e9tallique est poreuse et la solution de patine peut s&rsquo;y infiltrer et continuer \u00e0 r\u00e9agir pendant plusieurs minutes.   <\/p>\n<p>Apr\u00e8s le trempage, essayez d&rsquo;utiliser une p\u00e2te d&rsquo;eau et de bicarbonate de soude pour \u00e9liminer l&rsquo;oxydation des parties hautes. D&rsquo;ailleurs, assurez-vous d&rsquo;avoir une bo\u00eete de bicarbonate de soude pr\u00e8s de l&rsquo;\u00e9vier pendant que vous travaillez. Versez environ une cuill\u00e8re \u00e0 soupe de bicarbonate de soude dans la paume d&rsquo;une main. Ajoutez quelques gouttes d&rsquo;eau et formez une p\u00e2te \u00e9paisse. Avec vos pouces, frottez la p\u00e2te sur le m\u00e9tal. Cela permet non seulement d&rsquo;\u00e9liminer l&rsquo;oxydation des points les plus \u00e9lev\u00e9s, mais aussi de neutraliser l&rsquo;effet oxydant. Vous pouvez laisser l&rsquo;objet tel quel ou le polir \u00e0 votre guise.      <\/p>\n<p>Pour obtenir le noir le plus profond, il est pr\u00e9f\u00e9rable d&rsquo;immerger l&rsquo;objet plusieurs fois plut\u00f4t que de le tremper une seule fois pendant longtemps. Laissez l&rsquo;objet dans la solution jusqu&rsquo;\u00e0 ce qu&rsquo;il devienne gris fonc\u00e9. Sortez-le et frottez l&rsquo;oxydation ind\u00e9sirable avec une p\u00e2te de bicarbonate de soude. Rincez et appliquez \u00e0 nouveau une patine. R\u00e9p\u00e9tez l&rsquo;op\u00e9ration jusqu&rsquo;\u00e0 ce que vous soyez satisfait de la couleur noire.    <\/p>\n","protected":false},"featured_media":31613,"comment_status":"closed","ping_status":"closed","template":"","meta":{"_acf_changed":false,"_seopress_robots_primary_cat":"","_seopress_titles_title":"","_seopress_titles_desc":"","_seopress_robots_index":""},"more":[],"product_brand":[6736],"product_cat":[6364,11931,6366],"product_tag":[8074,6404,6378,6390,22546,6634,22548,22549,6668,22547,10250],"class_list":{"0":"post-31819","1":"product","2":"type-product","3":"status-publish","4":"has-post-thumbnail","6":"product_brand-des-outils-sympas","7":"product_cat-materiel-supplementaire","8":"product_cat-nouveau","9":"product_cat-poncage-limage-et-polissage","10":"product_tag-antique","11":"product_tag-argile-argentee","12":"product_tag-argile-metallique","13":"product_tag-argile-metallique-2","14":"product_tag-foie","15":"product_tag-largent-3","16":"product_tag-metaux-metaux","17":"product_tag-noircir","18":"product_tag-noirs","19":"product_tag-ou-sulfure","20":"product_tag-patine","22":"first","23":"instock","24":"taxable","25":"shipping-taxable","26":"purchasable","27":"product-type-simple"},"acf":[],"_links":{"self":[{"href":"https:\/\/esquell.eu\/fr\/wp-json\/wp\/v2\/product\/31819","targetHints":{"allow":["GET"]}}],"collection":[{"href":"https:\/\/esquell.eu\/fr\/wp-json\/wp\/v2\/product"}],"about":[{"href":"https:\/\/esquell.eu\/fr\/wp-json\/wp\/v2\/types\/product"}],"replies":[{"embeddable":true,"href":"https:\/\/esquell.eu\/fr\/wp-json\/wp\/v2\/comments?post=31819"}],"wp:featuredmedia":[{"embeddable":true,"href":"https:\/\/esquell.eu\/fr\/wp-json\/wp\/v2\/media\/31613"}],"wp:attachment":[{"href":"https:\/\/esquell.eu\/fr\/wp-json\/wp\/v2\/media?parent=31819"}],"wp:term":[{"taxonomy":"more","embeddable":true,"href":"https:\/\/esquell.eu\/fr\/wp-json\/wp\/v2\/more?post=31819"},{"taxonomy":"product_brand","embeddable":true,"href":"https:\/\/esquell.eu\/fr\/wp-json\/wp\/v2\/product_brand?post=31819"},{"taxonomy":"product_cat","embeddable":true,"href":"https:\/\/esquell.eu\/fr\/wp-json\/wp\/v2\/product_cat?post=31819"},{"taxonomy":"product_tag","embeddable":true,"href":"https:\/\/esquell.eu\/fr\/wp-json\/wp\/v2\/product_tag?post=31819"}],"curies":[{"name":"wp","href":"https:\/\/api.w.org\/{rel}","templated":true}]}}