{"id":31817,"date":"2026-03-25T10:29:19","date_gmt":"2026-03-25T10:29:19","guid":{"rendered":"https:\/\/esquell.eu\/product\/mini-moule-en-silicone-etoile-de-mer-etoiles-de-mer\/"},"modified":"2026-03-25T10:29:19","modified_gmt":"2026-03-25T10:29:19","slug":"mini-moule-en-silicone-etoile-de-mer-etoiles-de-mer","status":"publish","type":"product","link":"https:\/\/esquell.eu\/fr\/produit\/mini-moule-en-silicone-etoile-de-mer-etoiles-de-mer\/","title":{"rendered":"Mini-moule en silicone \u00e9toile de mer \u00e9toiles de mer"},"content":{"rendered":"<p>Mini moule en silicone \u00e9toile de mer \u00e9toile de mer<br \/>\nTaille du moule entier environ 6*6 cm,<\/p>\n<p>Pour l&rsquo;argile, l&rsquo;\u00e9poxy, la r\u00e9sine, etc.<\/p>\n<p>Les dimensions des feuilles conviennent aux bagues, boucles d&rsquo;oreilles, pendentifs, etc.<\/p>\n<p>Lorsqu&rsquo;il est utilis\u00e9 avec de l&rsquo;argile m\u00e9tallique :<\/p>\n<p>Vaporisez toujours la formule antiadh\u00e9sive coolslip avant de l&rsquo;utiliser. Cela emp\u00eache l&rsquo;argile de coller aux moules. <\/p>\n","protected":false},"excerpt":{"rendered":"<p>Mini moule en silicone \u00e9toile de mer \u00e9toile de mer<br \/>\nTaille du moule entier environ 6*6 cm,<\/p>\n<p>Pour l&rsquo;argile, l&rsquo;\u00e9poxy, la r\u00e9sine, etc.<\/p>\n<p>Les dimensions des feuilles conviennent aux bagues, boucles d&rsquo;oreilles, pendentifs, etc.<\/p>\n<p>Lorsqu&rsquo;il est utilis\u00e9 avec de l&rsquo;argile m\u00e9tallique :<\/p>\n<p>Vaporisez toujours la formule antiadh\u00e9sive coolslip avant de l&rsquo;utiliser. Cela emp\u00eache l&rsquo;argile de coller aux moules. <\/p>\n","protected":false},"featured_media":31433,"comment_status":"closed","ping_status":"closed","template":"","meta":{"_acf_changed":false,"_seopress_robots_primary_cat":"none","_seopress_titles_title":"","_seopress_titles_desc":"","_seopress_robots_index":""},"more":[],"product_brand":[6398],"product_cat":[15643,11931],"product_tag":[6378,6390,6372,22545,19537,22544,6374,22542,9774,18364,6821,9874,21902,22541,7506,14735],"class_list":{"0":"post-31817","1":"product","2":"type-product","3":"status-publish","4":"has-post-thumbnail","6":"product_brand-l1","7":"product_cat-moules","8":"product_cat-nouveau","9":"product_tag-argile-metallique","10":"product_tag-argile-metallique-2","11":"product_tag-bijoux","12":"product_tag-etoile-de-mer-2","13":"product_tag-etoiles","14":"product_tag-etoiles-2","15":"product_tag-faire","16":"product_tag-largile-bricolage","17":"product_tag-leau","18":"product_tag-mer","19":"product_tag-mini","20":"product_tag-moule-2","21":"product_tag-ocean","22":"product_tag-poisson-2","23":"product_tag-pour","24":"product_tag-silicone","26":"first","27":"instock","28":"taxable","29":"shipping-taxable","30":"purchasable","31":"product-type-simple"},"acf":[],"_links":{"self":[{"href":"https:\/\/esquell.eu\/fr\/wp-json\/wp\/v2\/product\/31817","targetHints":{"allow":["GET"]}}],"collection":[{"href":"https:\/\/esquell.eu\/fr\/wp-json\/wp\/v2\/product"}],"about":[{"href":"https:\/\/esquell.eu\/fr\/wp-json\/wp\/v2\/types\/product"}],"replies":[{"embeddable":true,"href":"https:\/\/esquell.eu\/fr\/wp-json\/wp\/v2\/comments?post=31817"}],"wp:featuredmedia":[{"embeddable":true,"href":"https:\/\/esquell.eu\/fr\/wp-json\/wp\/v2\/media\/31433"}],"wp:attachment":[{"href":"https:\/\/esquell.eu\/fr\/wp-json\/wp\/v2\/media?parent=31817"}],"wp:term":[{"taxonomy":"more","embeddable":true,"href":"https:\/\/esquell.eu\/fr\/wp-json\/wp\/v2\/more?post=31817"},{"taxonomy":"product_brand","embeddable":true,"href":"https:\/\/esquell.eu\/fr\/wp-json\/wp\/v2\/product_brand?post=31817"},{"taxonomy":"product_cat","embeddable":true,"href":"https:\/\/esquell.eu\/fr\/wp-json\/wp\/v2\/product_cat?post=31817"},{"taxonomy":"product_tag","embeddable":true,"href":"https:\/\/esquell.eu\/fr\/wp-json\/wp\/v2\/product_tag?post=31817"}],"curies":[{"name":"wp","href":"https:\/\/api.w.org\/{rel}","templated":true}]}}