{"id":31780,"date":"2026-04-08T12:38:32","date_gmt":"2026-04-08T12:38:32","guid":{"rendered":"https:\/\/esquell.eu\/product\/moule-en-silicone-pour-ornements-divers\/"},"modified":"2026-04-08T12:38:32","modified_gmt":"2026-04-08T12:38:32","slug":"moule-en-silicone-pour-ornements-divers","status":"publish","type":"product","link":"https:\/\/esquell.eu\/fr\/produit\/moule-en-silicone-pour-ornements-divers\/","title":{"rendered":"Moule en silicone pour ornements divers"},"content":{"rendered":"<p>Moule en silicone<br \/>\npetits ornements d\u00e9coratifs<br \/>\nDimensions du moule dimension du moule entier 7.5 * 10.5 cm<\/p>\n<p>Avec ce moule unique, vous pouvez facilement fabriquer et d\u00e9corer les plus beaux bijoux. Le moule est fabriqu\u00e9 en silicone de haute qualit\u00e9 et contient diff\u00e9rents petits oiseaux. <\/p>\n<p>Le mat\u00e9riau en silicone est flexible et durable, ce qui permet d&rsquo;utiliser le moule \u00e0 plusieurs reprises. En outre, le mat\u00e9riau est facile \u00e0 nettoyer et \u00e0 entretenir. Vous disposez donc toujours d&rsquo;un moule propre, pr\u00eat pour la prochaine cr\u00e9ation.  <\/p>\n<p>Pour l&rsquo;utilisation de l&rsquo;argile argent\u00e9e \/ argile m\u00e9tallique, Coolslip est recommand\u00e9 comme agent antiadh\u00e9sif.<\/p>\n","protected":false},"excerpt":{"rendered":"<p>Moule en silicone<br \/>\npetits ornements d\u00e9coratifs<br \/>\nDimensions du moule moule entier 7.5 * 10.5 cm<\/p>\n<p>Avec ce moule unique, vous pouvez facilement fabriquer et d\u00e9corer les plus beaux bijoux. Le moule est fabriqu\u00e9 en silicone de haute qualit\u00e9 et contient diff\u00e9rents petits oiseaux. <\/p>\n<p>Le mat\u00e9riau en silicone est flexible et durable, ce qui permet d&rsquo;utiliser le moule \u00e0 plusieurs reprises. En outre, le mat\u00e9riau est facile \u00e0 nettoyer et \u00e0 entretenir. Vous disposez donc toujours d&rsquo;un moule propre, pr\u00eat pour la prochaine cr\u00e9ation.  <\/p>\n<p>Pour l&rsquo;utilisation de l&rsquo;argile argent\u00e9e \/ argile m\u00e9tallique, Coolslip est recommand\u00e9 comme agent antiadh\u00e9sif.<\/p>\n","protected":false},"featured_media":31618,"comment_status":"closed","ping_status":"closed","template":"","meta":{"_acf_changed":false,"_seopress_robots_primary_cat":"none","_seopress_titles_title":"","_seopress_titles_desc":"","_seopress_robots_index":""},"more":[],"product_brand":[6398],"product_cat":[15643,11931],"product_tag":[22520,6388,6404,7500,22522,6390,6372,12810,9380,6374,6849,12660,6821,9874,18285,19075,22521,18287,18368,15645,7506,14735,9388],"class_list":{"0":"post-31780","1":"product","2":"type-product","3":"status-publish","4":"has-post-thumbnail","6":"product_brand-l1","7":"product_cat-moules","8":"product_cat-nouveau","9":"product_tag-anges-3","10":"product_tag-argile","11":"product_tag-argile-argentee","12":"product_tag-argile-argentee-3","13":"product_tag-argile-de-bronze-argile-de-cuivre","14":"product_tag-argile-metallique-2","15":"product_tag-bijoux","16":"product_tag-bijoux-diy-3","17":"product_tag-differents","18":"product_tag-faire","19":"product_tag-formulaires","20":"product_tag-gracieux-2","21":"product_tag-mini","22":"product_tag-moule-2","23":"product_tag-oiseau","24":"product_tag-oiseaux","25":"product_tag-oiseaux-2","26":"product_tag-ornements","27":"product_tag-ornements-2","28":"product_tag-papillon","29":"product_tag-pour","30":"product_tag-silicone","31":"product_tag-types","33":"first","34":"instock","35":"taxable","36":"shipping-taxable","37":"purchasable","38":"product-type-simple"},"acf":[],"_links":{"self":[{"href":"https:\/\/esquell.eu\/fr\/wp-json\/wp\/v2\/product\/31780","targetHints":{"allow":["GET"]}}],"collection":[{"href":"https:\/\/esquell.eu\/fr\/wp-json\/wp\/v2\/product"}],"about":[{"href":"https:\/\/esquell.eu\/fr\/wp-json\/wp\/v2\/types\/product"}],"replies":[{"embeddable":true,"href":"https:\/\/esquell.eu\/fr\/wp-json\/wp\/v2\/comments?post=31780"}],"wp:featuredmedia":[{"embeddable":true,"href":"https:\/\/esquell.eu\/fr\/wp-json\/wp\/v2\/media\/31618"}],"wp:attachment":[{"href":"https:\/\/esquell.eu\/fr\/wp-json\/wp\/v2\/media?parent=31780"}],"wp:term":[{"taxonomy":"more","embeddable":true,"href":"https:\/\/esquell.eu\/fr\/wp-json\/wp\/v2\/more?post=31780"},{"taxonomy":"product_brand","embeddable":true,"href":"https:\/\/esquell.eu\/fr\/wp-json\/wp\/v2\/product_brand?post=31780"},{"taxonomy":"product_cat","embeddable":true,"href":"https:\/\/esquell.eu\/fr\/wp-json\/wp\/v2\/product_cat?post=31780"},{"taxonomy":"product_tag","embeddable":true,"href":"https:\/\/esquell.eu\/fr\/wp-json\/wp\/v2\/product_tag?post=31780"}],"curies":[{"name":"wp","href":"https:\/\/api.w.org\/{rel}","templated":true}]}}