{"id":31766,"date":"2026-03-23T12:50:03","date_gmt":"2026-03-23T12:50:03","guid":{"rendered":"https:\/\/esquell.eu\/product\/mini-moule-en-silicone-pour-champignons-2\/"},"modified":"2026-03-23T12:50:03","modified_gmt":"2026-03-23T12:50:03","slug":"mini-moule-en-silicone-pour-champignons-2","status":"publish","type":"product","link":"https:\/\/esquell.eu\/fr\/produit\/mini-moule-en-silicone-pour-champignons-2\/","title":{"rendered":"Mini-moule en silicone pour champignons 2"},"content":{"rendered":"<p>Mini-moule en silicone pour champignons divers<\/p>\n<p>La taille du moule entier est d&rsquo;environ 6*6 cm,<\/p>\n<p>Pour l&rsquo;argile, l&rsquo;\u00e9poxy, la r\u00e9sine, etc.<\/p>\n<p>Les dimensions des feuilles conviennent aux bagues, boucles d&rsquo;oreilles, pendentifs, etc.<\/p>\n<p>Lorsqu&rsquo;il est utilis\u00e9 avec de l&rsquo;argile m\u00e9tallique :<\/p>\n<p>Vaporisez toujours la formule antiadh\u00e9sive coolslip avant de l&rsquo;utiliser. Cela emp\u00eache l&rsquo;argile de coller aux moules. <\/p>\n","protected":false},"excerpt":{"rendered":"<p>Mini-moule en silicone pour champignons divers La taille du moule entier est d&rsquo;environ 6*6 cm, Pour l&rsquo;argile, l&rsquo;\u00e9poxy, la r\u00e9sine, etc. Les dimensions des feuilles conviennent aux bagues, boucles d&rsquo;oreilles, pendentifs, etc. Lorsqu&rsquo;il est utilis\u00e9 avec de l&rsquo;argile m\u00e9tallique : Vaporisez toujours la formule antiadh\u00e9sive coolslip avant de l&rsquo;utiliser. Cela emp\u00eache l&rsquo;argile de coller aux&#8230;<\/p>\n","protected":false},"featured_media":31220,"comment_status":"closed","ping_status":"closed","template":"","meta":{"_acf_changed":false,"_seopress_robots_primary_cat":"none","_seopress_titles_title":"","_seopress_titles_desc":"","_seopress_robots_index":""},"more":[],"product_brand":[6398],"product_cat":[15643,11931],"product_tag":[6388,6404,6378,18424,22338,22337,17408,17409,6423,6833,19582,22340,6821,15646,9874,15097,22339,6816,7506,14735],"class_list":{"0":"post-31766","1":"product","2":"type-product","3":"status-publish","4":"has-post-thumbnail","6":"product_brand-l1","7":"product_cat-moules","8":"product_cat-nouveau","9":"product_tag-argile","10":"product_tag-argile-argentee","11":"product_tag-argile-metallique","12":"product_tag-automne","13":"product_tag-bourgeon-de-lys","14":"product_tag-bouton-de-fleur","15":"product_tag-champignon","16":"product_tag-champignons","17":"product_tag-de","18":"product_tag-fleurs","19":"product_tag-lys","20":"product_tag-min","21":"product_tag-mini","22":"product_tag-modele-2","23":"product_tag-moule-2","24":"product_tag-moules-2","25":"product_tag-nenuphar","26":"product_tag-pate-polymere","27":"product_tag-pour","28":"product_tag-silicone","30":"first","31":"instock","32":"taxable","33":"shipping-taxable","34":"purchasable","35":"product-type-simple"},"acf":[],"_links":{"self":[{"href":"https:\/\/esquell.eu\/fr\/wp-json\/wp\/v2\/product\/31766","targetHints":{"allow":["GET"]}}],"collection":[{"href":"https:\/\/esquell.eu\/fr\/wp-json\/wp\/v2\/product"}],"about":[{"href":"https:\/\/esquell.eu\/fr\/wp-json\/wp\/v2\/types\/product"}],"replies":[{"embeddable":true,"href":"https:\/\/esquell.eu\/fr\/wp-json\/wp\/v2\/comments?post=31766"}],"wp:featuredmedia":[{"embeddable":true,"href":"https:\/\/esquell.eu\/fr\/wp-json\/wp\/v2\/media\/31220"}],"wp:attachment":[{"href":"https:\/\/esquell.eu\/fr\/wp-json\/wp\/v2\/media?parent=31766"}],"wp:term":[{"taxonomy":"more","embeddable":true,"href":"https:\/\/esquell.eu\/fr\/wp-json\/wp\/v2\/more?post=31766"},{"taxonomy":"product_brand","embeddable":true,"href":"https:\/\/esquell.eu\/fr\/wp-json\/wp\/v2\/product_brand?post=31766"},{"taxonomy":"product_cat","embeddable":true,"href":"https:\/\/esquell.eu\/fr\/wp-json\/wp\/v2\/product_cat?post=31766"},{"taxonomy":"product_tag","embeddable":true,"href":"https:\/\/esquell.eu\/fr\/wp-json\/wp\/v2\/product_tag?post=31766"}],"curies":[{"name":"wp","href":"https:\/\/api.w.org\/{rel}","templated":true}]}}