{"id":31375,"date":"2026-03-23T12:56:47","date_gmt":"2026-03-23T12:56:47","guid":{"rendered":"https:\/\/esquell.eu\/product\/moule-en-silicone-grande-feuille-decorative\/"},"modified":"2026-03-23T12:56:47","modified_gmt":"2026-03-23T12:56:47","slug":"moule-en-silicone-grande-feuille-decorative","status":"publish","type":"product","link":"https:\/\/esquell.eu\/fr\/produit\/moule-en-silicone-grande-feuille-decorative\/","title":{"rendered":"Moule en silicone grande feuille d\u00e9corative"},"content":{"rendered":"<p>Moule en silicone grande feuille<\/p>\n<p>La taille du moule entier est d&rsquo;environ 6*8 cm,<\/p>\n<p>Pour l&rsquo;argile, l&rsquo;\u00e9poxy, la r\u00e9sine, etc.<\/p>\n<p>Particuli\u00e8rement adapt\u00e9 \u00e0 l&rsquo;argile polym\u00e8re, l&rsquo;argile bronze et l&rsquo;argile cuivre<br \/>\nMoins adapt\u00e9 \u00e0 l&rsquo;argile argent\u00e9e en raison de sa taille.  <\/p>\n<p>Lorsqu&rsquo;il est utilis\u00e9 avec de l&rsquo;argile m\u00e9tallique :<\/p>\n<p>Vaporisez toujours la formule antiadh\u00e9sive coolslip avant de l&rsquo;utiliser. Cela emp\u00eache l&rsquo;argile de coller aux moules. <\/p>\n","protected":false},"excerpt":{"rendered":"<p>Moule en silicone grande feuille La taille du moule entier est d&rsquo;environ 6*8 cm, Pour l&rsquo;argile, l&rsquo;\u00e9poxy, la r\u00e9sine, etc. Particuli\u00e8rement adapt\u00e9 \u00e0 l&rsquo;argile polym\u00e8re, l&rsquo;argile bronze et l&rsquo;argile cuivre Moins adapt\u00e9 \u00e0 l&rsquo;argile argent\u00e9e en raison de sa taille. Lorsqu&rsquo;il est utilis\u00e9 avec de l&rsquo;argile m\u00e9tallique : Vaporisez toujours la formule antiadh\u00e9sive coolslip avant&#8230;<\/p>\n","protected":false},"featured_media":31222,"comment_status":"closed","ping_status":"closed","template":"","meta":{"_acf_changed":false,"_seopress_robots_primary_cat":"none","_seopress_titles_title":"","_seopress_titles_desc":"","_seopress_robots_index":""},"more":[],"product_brand":[6398],"product_cat":[15643,11931],"product_tag":[6388,6404,6378,18424,22338,22337,9045,8358,17408,17409,6423,6810,18726,8992,6833,9280,19582,22340,6821,15646,9874,15097,22339,6816,7506,14735],"class_list":{"0":"post-31375","1":"product","2":"type-product","3":"status-publish","4":"has-post-thumbnail","6":"product_brand-l1","7":"product_cat-moules","8":"product_cat-nouveau","9":"product_tag-argile","10":"product_tag-argile-argentee","11":"product_tag-argile-metallique","12":"product_tag-automne","13":"product_tag-bourgeon-de-lys","14":"product_tag-bouton-de-fleur","15":"product_tag-broche-4","16":"product_tag-broche-2","17":"product_tag-champignon","18":"product_tag-champignons","19":"product_tag-de","20":"product_tag-feuille","21":"product_tag-feuille-dautomne","22":"product_tag-feuilles-2","23":"product_tag-fleurs","24":"product_tag-grand","25":"product_tag-lys","26":"product_tag-min","27":"product_tag-mini","28":"product_tag-modele-2","29":"product_tag-moule-2","30":"product_tag-moules-2","31":"product_tag-nenuphar","32":"product_tag-pate-polymere","33":"product_tag-pour","34":"product_tag-silicone","36":"first","37":"instock","38":"taxable","39":"shipping-taxable","40":"purchasable","41":"product-type-simple"},"acf":[],"_links":{"self":[{"href":"https:\/\/esquell.eu\/fr\/wp-json\/wp\/v2\/product\/31375","targetHints":{"allow":["GET"]}}],"collection":[{"href":"https:\/\/esquell.eu\/fr\/wp-json\/wp\/v2\/product"}],"about":[{"href":"https:\/\/esquell.eu\/fr\/wp-json\/wp\/v2\/types\/product"}],"replies":[{"embeddable":true,"href":"https:\/\/esquell.eu\/fr\/wp-json\/wp\/v2\/comments?post=31375"}],"wp:featuredmedia":[{"embeddable":true,"href":"https:\/\/esquell.eu\/fr\/wp-json\/wp\/v2\/media\/31222"}],"wp:attachment":[{"href":"https:\/\/esquell.eu\/fr\/wp-json\/wp\/v2\/media?parent=31375"}],"wp:term":[{"taxonomy":"more","embeddable":true,"href":"https:\/\/esquell.eu\/fr\/wp-json\/wp\/v2\/more?post=31375"},{"taxonomy":"product_brand","embeddable":true,"href":"https:\/\/esquell.eu\/fr\/wp-json\/wp\/v2\/product_brand?post=31375"},{"taxonomy":"product_cat","embeddable":true,"href":"https:\/\/esquell.eu\/fr\/wp-json\/wp\/v2\/product_cat?post=31375"},{"taxonomy":"product_tag","embeddable":true,"href":"https:\/\/esquell.eu\/fr\/wp-json\/wp\/v2\/product_tag?post=31375"}],"curies":[{"name":"wp","href":"https:\/\/api.w.org\/{rel}","templated":true}]}}