{"id":31360,"date":"2026-03-14T12:09:45","date_gmt":"2026-03-14T12:09:45","guid":{"rendered":"https:\/\/esquell.eu\/product\/argile-a-braser-wolf\/"},"modified":"2026-03-14T12:09:45","modified_gmt":"2026-03-14T12:09:45","slug":"argile-a-braser-wolf","status":"publish","type":"product","link":"https:\/\/esquell.eu\/fr\/produit\/argile-a-braser-wolf\/","title":{"rendered":"Argile \u00e0 braser Wolf"},"content":{"rendered":"<p>Cette argile de Wolf Tools maintient fermement vos pi\u00e8ces m\u00e9talliques pendant les op\u00e9rations de soudage.<br \/>\nL&rsquo;argile ne gonfle pas, ne se d\u00e9forme pas et ne br\u00fble pas. Elle peut \u00eatre facilement m\u00e9lang\u00e9e \u00e0 de l&rsquo;eau pour \u00eatre r\u00e9utilis\u00e9e.<br \/>\nL&rsquo;argile \u00e0 loups ne contient pas d&rsquo;amiante ni de substances potentiellement nocives.<br \/>\nPeut \u00eatre r\u00e9utilis\u00e9 plusieurs fois. contenu 170 grammes<br \/>\nNote : ne pas utiliser avec du platine. <\/p>\n","protected":false},"excerpt":{"rendered":"<p>Cette argile de Wolf Tools maintient fermement vos pi\u00e8ces m\u00e9talliques pendant les op\u00e9rations de soudage. L&rsquo;argile ne gonfle pas, ne se d\u00e9forme pas et ne br\u00fble pas. Elle peut \u00eatre facilement m\u00e9lang\u00e9e \u00e0 de l&rsquo;eau pour \u00eatre r\u00e9utilis\u00e9e. L&rsquo;argile \u00e0 loups ne contient pas d&rsquo;amiante ni de substances potentiellement nocives. Peut \u00eatre r\u00e9utilis\u00e9 plusieurs fois&#8230;.<\/p>\n","protected":false},"featured_media":31128,"comment_status":"closed","ping_status":"closed","template":"","meta":{"_acf_changed":false,"_seopress_robots_primary_cat":"none","_seopress_titles_title":"","_seopress_titles_desc":"","_seopress_robots_index":""},"more":[],"product_brand":[6736],"product_cat":[11931,10058],"product_tag":[6388,22317,6372,22322,11318,11642,22320,22319,7506,13122,18536,22321,8078,13474],"class_list":{"0":"post-31360","1":"product","2":"type-product","3":"status-publish","4":"has-post-thumbnail","6":"product_brand-des-outils-sympas","7":"product_cat-nouveau","8":"product_cat-soudure","9":"product_tag-argile","10":"product_tag-argile-a-loups","11":"product_tag-bijoux","12":"product_tag-bouclier","13":"product_tag-chaleur","14":"product_tag-chaleur-2","15":"product_tag-foin","16":"product_tag-loup","17":"product_tag-pour","18":"product_tag-resistant-a-la-chaleur","19":"product_tag-resistant-a-la-chaleur-3","20":"product_tag-resistant-a-la-chaleur-5","21":"product_tag-soudure","22":"product_tag-soudure-3","24":"first","25":"instock","26":"taxable","27":"shipping-taxable","28":"purchasable","29":"product-type-simple"},"acf":[],"_links":{"self":[{"href":"https:\/\/esquell.eu\/fr\/wp-json\/wp\/v2\/product\/31360","targetHints":{"allow":["GET"]}}],"collection":[{"href":"https:\/\/esquell.eu\/fr\/wp-json\/wp\/v2\/product"}],"about":[{"href":"https:\/\/esquell.eu\/fr\/wp-json\/wp\/v2\/types\/product"}],"replies":[{"embeddable":true,"href":"https:\/\/esquell.eu\/fr\/wp-json\/wp\/v2\/comments?post=31360"}],"wp:featuredmedia":[{"embeddable":true,"href":"https:\/\/esquell.eu\/fr\/wp-json\/wp\/v2\/media\/31128"}],"wp:attachment":[{"href":"https:\/\/esquell.eu\/fr\/wp-json\/wp\/v2\/media?parent=31360"}],"wp:term":[{"taxonomy":"more","embeddable":true,"href":"https:\/\/esquell.eu\/fr\/wp-json\/wp\/v2\/more?post=31360"},{"taxonomy":"product_brand","embeddable":true,"href":"https:\/\/esquell.eu\/fr\/wp-json\/wp\/v2\/product_brand?post=31360"},{"taxonomy":"product_cat","embeddable":true,"href":"https:\/\/esquell.eu\/fr\/wp-json\/wp\/v2\/product_cat?post=31360"},{"taxonomy":"product_tag","embeddable":true,"href":"https:\/\/esquell.eu\/fr\/wp-json\/wp\/v2\/product_tag?post=31360"}],"curies":[{"name":"wp","href":"https:\/\/api.w.org\/{rel}","templated":true}]}}