{"id":31342,"date":"2026-03-12T20:31:14","date_gmt":"2026-03-12T20:31:14","guid":{"rendered":"https:\/\/esquell.eu\/product\/artclaysilver-tas-canvas-original-en-edition-limitee-gratuit-a-partir-de-150-e-de-commande\/"},"modified":"2026-03-12T20:31:14","modified_gmt":"2026-03-12T20:31:14","slug":"artclaysilver-tas-canvas-original-en-edition-limitee-gratuit-a-partir-de-150-e-de-commande","status":"publish","type":"product","link":"https:\/\/esquell.eu\/fr\/produit\/artclaysilver-tas-canvas-original-en-edition-limitee-gratuit-a-partir-de-150-e-de-commande\/","title":{"rendered":"ArtClaySilver TAS CANVAS ORIGINAL EN \u00c9DITION LIMIT\u00c9E GRATUIT A PARTIR DE 150 \u20ac DE COMMANDE"},"content":{"rendered":"<p>Sac fourre-tout carr\u00e9 et spacieux avec deux poign\u00e9es. Disposition pratique avec plusieurs compartiments et fermetures \u00e0 glissi\u00e8re. Sac en toile robuste. Sac polyvalent, durable et \u00e0 la mode. Pratique pour l&rsquo;atelier, mais aussi pour le shopping, le travail, l&rsquo;\u00e9cole ou les loisirs.     <\/p>\n<p>Gratuit \u00e0 partir de 150 \u20ac d&rsquo;achat<\/p>\n<p>Couleurs, rose, vert, bleu, jaune, noir<\/p>\n<p>(Veuillez mentionner votre pr\u00e9f\u00e9rence de couleur dans le champ des commentaires, dans la mesure o\u00f9 la couleur est disponible, nous en tiendrons compte).  <\/p>\n","protected":false},"excerpt":{"rendered":"<p>Sac fourre-tout carr\u00e9 et spacieux avec deux poign\u00e9es. Disposition pratique avec plusieurs compartiments et fermetures \u00e0 glissi\u00e8re. Sac en toile robuste. Sac polyvalent, durable et \u00e0 la mode. Pratique pour l&rsquo;atelier, mais aussi pour le shopping, le travail, l&rsquo;\u00e9cole ou les loisirs. Gratuit \u00e0 partir de 150 \u20ac d&rsquo;achat Couleurs, rose, vert, bleu, jaune, noir&#8230;<\/p>\n","protected":false},"featured_media":31099,"comment_status":"closed","ping_status":"closed","template":"","meta":{"_acf_changed":false,"_seopress_robots_primary_cat":"none","_seopress_titles_title":"","_seopress_titles_desc":"","_seopress_robots_index":""},"more":[],"product_brand":[],"product_cat":[6364,7412],"product_tag":[],"class_list":{"0":"post-31342","1":"product","2":"type-product","3":"status-publish","4":"has-post-thumbnail","6":"product_cat-materiel-supplementaire","7":"product_cat-outils-de-base","9":"first","10":"instock","11":"taxable","12":"shipping-taxable","13":"purchasable","14":"product-type-simple"},"acf":[],"_links":{"self":[{"href":"https:\/\/esquell.eu\/fr\/wp-json\/wp\/v2\/product\/31342","targetHints":{"allow":["GET"]}}],"collection":[{"href":"https:\/\/esquell.eu\/fr\/wp-json\/wp\/v2\/product"}],"about":[{"href":"https:\/\/esquell.eu\/fr\/wp-json\/wp\/v2\/types\/product"}],"replies":[{"embeddable":true,"href":"https:\/\/esquell.eu\/fr\/wp-json\/wp\/v2\/comments?post=31342"}],"wp:featuredmedia":[{"embeddable":true,"href":"https:\/\/esquell.eu\/fr\/wp-json\/wp\/v2\/media\/31099"}],"wp:attachment":[{"href":"https:\/\/esquell.eu\/fr\/wp-json\/wp\/v2\/media?parent=31342"}],"wp:term":[{"taxonomy":"more","embeddable":true,"href":"https:\/\/esquell.eu\/fr\/wp-json\/wp\/v2\/more?post=31342"},{"taxonomy":"product_brand","embeddable":true,"href":"https:\/\/esquell.eu\/fr\/wp-json\/wp\/v2\/product_brand?post=31342"},{"taxonomy":"product_cat","embeddable":true,"href":"https:\/\/esquell.eu\/fr\/wp-json\/wp\/v2\/product_cat?post=31342"},{"taxonomy":"product_tag","embeddable":true,"href":"https:\/\/esquell.eu\/fr\/wp-json\/wp\/v2\/product_tag?post=31342"}],"curies":[{"name":"wp","href":"https:\/\/api.w.org\/{rel}","templated":true}]}}