{"id":31340,"date":"2026-03-09T14:01:45","date_gmt":"2026-03-09T14:01:45","guid":{"rendered":"https:\/\/esquell.eu\/product\/adhesif-better-bond-metal-clay-pour-des-liaisons-solides\/"},"modified":"2026-03-09T14:01:45","modified_gmt":"2026-03-09T14:01:45","slug":"adhesif-better-bond-metal-clay-pour-des-liaisons-solides","status":"publish","type":"product","link":"https:\/\/esquell.eu\/fr\/produit\/adhesif-better-bond-metal-clay-pour-des-liaisons-solides\/","title":{"rendered":"Adh\u00e9sif Better Bond Metal Clay. Pour des liaisons solides"},"content":{"rendered":"<p>Better Bond &#8211; 20 ml<\/p>\n<p>Better Bond est un adh\u00e9sif sp\u00e9cialement formul\u00e9, enti\u00e8rement naturel, con\u00e7u pour \u00eatre utilis\u00e9 avec tous les types d&rsquo;argile m\u00e9tallique. Contrairement aux adh\u00e9sifs traditionnels, cet adh\u00e9sif est con\u00e7u pour br\u00fbler compl\u00e8tement pendant la cuisson, cr\u00e9ant ainsi une liaison m\u00e9tal-m\u00e9tal forte et propre. <\/p>\n<p>Utilisation universelle &#8211; Convient pour l&rsquo;argent, le cuivre, le bronze et d&rsquo;autres argiles m\u00e9talliques.<\/p>\n<p>Better Bond fonctionne comme de la colle. D\u00e9posez une goutte sur votre pi\u00e8ce et fixez la seconde. Utilisez-le avec parcimonie car il adh\u00e8re rapidement. Appliquez une l\u00e9g\u00e8re pression pendant quelques secondes pour assurer une bonne adh\u00e9rence. Better Bond peut \u00eatre utilis\u00e9 \u00e0 la fois au stade de l&rsquo;argile et sur des pi\u00e8ces cuites avec de l&rsquo;argile fra\u00eeche.      <\/p>\n<p>Chaque flacon de Better Bond est livr\u00e9 avec un compte-gouttes et un embout de pr\u00e9cision. Pour utiliser l&#8217;embout de pr\u00e9cision, retirez l&rsquo;insert du compte-gouttes en prenant soin de ne pas endommager le bouchon ou le flacon. Retirez la bande blanche (situ\u00e9e sur l&#8217;embout de pr\u00e9cision) et placez l&rsquo;anneau en caoutchouc sur le flacon, sous l&#8217;emplacement du capuchon de pr\u00e9cision. Vissez l&#8217;embout de pr\u00e9cision sur le flacon.   <\/p>\n<p>Pourquoi une meilleure obligation ?<\/p>\n<p>  Joints solides et propres : formul\u00e9s pour permettre des connexions solides entre les composants en argile m\u00e9tallique.<br \/>\n  Facile \u00e0 utiliser : une seule goutte entre les pi\u00e8ces &#8211; aucune pr\u00e9paration compliqu\u00e9e ou durcissement n&rsquo;est n\u00e9cessaire.<br \/>\n  Test\u00e9 en studio : d\u00e9velopp\u00e9 par un artiste certifi\u00e9 en argile m\u00e9tallique \u00e0 travers une exp\u00e9rimentation et un raffinement rigoureux.<br \/>\n  Polyvalent : fonctionne parfaitement avec toutes les marques d&rsquo;argile m\u00e9tallique.<\/p>\n<p>Mode d&#8217;emploi :<\/p>\n<p>Pour l&rsquo;argile m\u00e9tallique non cuite<\/p>\n<p>  Appliquez une petite quantit\u00e9 de Better Bond sur une surface.<br \/>\n  Pressez d\u00e9licatement les morceaux ensemble.<br \/>\n  Laissez s\u00e9cher avant de passer au four.<\/p>\n<p>Pour bloc de m\u00e9tal non cuit sur bloc de m\u00e9tal cuit<\/p>\n<p>  Rendre la pi\u00e8ce cuite rugueuse uniquement \u00e0 l&rsquo;endroit du joint.<br \/>\n  Appliquez Better Bond sur la pi\u00e8ce cuite et sur la pi\u00e8ce non cuite.<br \/>\n  Prenez une petite quantit\u00e9 d&rsquo;argile fra\u00eeche, placez-la entre vos deux pi\u00e8ces et joignez-les.<\/p>\n<p>De la cuisson \u00e0 la friture<\/p>\n<p>  Rendez les deux pi\u00e8ces rugueuses dans la zone du joint.<br \/>\n  Ajoutez Better Bond aux deux pi\u00e8ces.<br \/>\n  Prenez une petite quantit\u00e9 d&rsquo;argile fra\u00eeche, placez-la entre vos deux pi\u00e8ces et joignez-les.<\/p>\n","protected":false},"excerpt":{"rendered":"<p>Better Bond &#8211; 20 ml Better Bond est un adh\u00e9sif sp\u00e9cialement formul\u00e9, enti\u00e8rement naturel, con\u00e7u pour \u00eatre utilis\u00e9 avec tous les types d&rsquo;argile m\u00e9tallique. Contrairement aux adh\u00e9sifs traditionnels, cet adh\u00e9sif est con\u00e7u pour br\u00fbler compl\u00e8tement pendant la cuisson, cr\u00e9ant ainsi une liaison m\u00e9tal-m\u00e9tal forte et propre. Utilisation universelle &#8211; Convient pour l&rsquo;argent, le cuivre, le&#8230;<\/p>\n","protected":false},"featured_media":31059,"comment_status":"closed","ping_status":"closed","template":"","meta":{"_acf_changed":false,"_seopress_robots_primary_cat":"none","_seopress_titles_title":"","_seopress_titles_desc":"","_seopress_robots_index":""},"more":[],"product_brand":[6736,13825],"product_cat":[6364,11931,7412],"product_tag":[],"class_list":{"0":"post-31340","1":"product","2":"type-product","3":"status-publish","4":"has-post-thumbnail","6":"product_brand-des-outils-sympas","7":"product_brand-vanesch","8":"product_cat-materiel-supplementaire","9":"product_cat-nouveau","10":"product_cat-outils-de-base","12":"first","13":"instock","14":"taxable","15":"shipping-taxable","16":"purchasable","17":"product-type-simple"},"acf":[],"_links":{"self":[{"href":"https:\/\/esquell.eu\/fr\/wp-json\/wp\/v2\/product\/31340","targetHints":{"allow":["GET"]}}],"collection":[{"href":"https:\/\/esquell.eu\/fr\/wp-json\/wp\/v2\/product"}],"about":[{"href":"https:\/\/esquell.eu\/fr\/wp-json\/wp\/v2\/types\/product"}],"replies":[{"embeddable":true,"href":"https:\/\/esquell.eu\/fr\/wp-json\/wp\/v2\/comments?post=31340"}],"wp:featuredmedia":[{"embeddable":true,"href":"https:\/\/esquell.eu\/fr\/wp-json\/wp\/v2\/media\/31059"}],"wp:attachment":[{"href":"https:\/\/esquell.eu\/fr\/wp-json\/wp\/v2\/media?parent=31340"}],"wp:term":[{"taxonomy":"more","embeddable":true,"href":"https:\/\/esquell.eu\/fr\/wp-json\/wp\/v2\/more?post=31340"},{"taxonomy":"product_brand","embeddable":true,"href":"https:\/\/esquell.eu\/fr\/wp-json\/wp\/v2\/product_brand?post=31340"},{"taxonomy":"product_cat","embeddable":true,"href":"https:\/\/esquell.eu\/fr\/wp-json\/wp\/v2\/product_cat?post=31340"},{"taxonomy":"product_tag","embeddable":true,"href":"https:\/\/esquell.eu\/fr\/wp-json\/wp\/v2\/product_tag?post=31340"}],"curies":[{"name":"wp","href":"https:\/\/api.w.org\/{rel}","templated":true}]}}