{"id":31326,"date":"2026-02-19T10:47:43","date_gmt":"2026-02-19T10:47:43","guid":{"rendered":"https:\/\/esquell.eu\/product\/serti-a-laide-dune-broche-rond-differentes-tailles-convient-a-la-cuisson-de-largile-argentee\/"},"modified":"2026-02-19T10:47:43","modified_gmt":"2026-02-19T10:47:43","slug":"serti-a-laide-dune-broche-rond-differentes-tailles-convient-a-la-cuisson-de-largile-argentee","status":"publish","type":"product","link":"https:\/\/esquell.eu\/fr\/produit\/serti-a-laide-dune-broche-rond-differentes-tailles-convient-a-la-cuisson-de-largile-argentee\/","title":{"rendered":"Serti \u00e0 l&rsquo;aide d&rsquo;une broche. rond. Diff\u00e9rentes tailles.   Convient \u00e0 la cuisson de l&rsquo;argile argent\u00e9e"},"content":{"rendered":"<p>Sertissage \u00e0 griffes. 6 branches. <\/p>\n<p>Diam\u00e8tre 3mm et 5mm<\/p>\n<p>Avec goupille<\/p>\n<p>Convient \u00e0 la cuisson de l&rsquo;argile argent\u00e9e<\/p>\n","protected":false},"excerpt":{"rendered":"<p>Sertissage \u00e0 griffes. 6 branches. Diam\u00e8tre 3mm et 5mm Avec goupille Convient \u00e0 la cuisson de l&rsquo;argile argent\u00e9e<\/p>\n","protected":false},"featured_media":30800,"comment_status":"closed","ping_status":"closed","template":"","meta":{"_acf_changed":false,"_seopress_robots_primary_cat":"","_seopress_titles_title":"","_seopress_titles_desc":"","_seopress_robots_index":""},"more":[],"product_brand":[6521],"product_cat":[11931,10991,10990],"product_tag":[16617,16618,16619,6476,6404,6378,22286,8055,6634,6369,7506,7426],"class_list":{"0":"post-31326","1":"product","2":"type-product","3":"status-publish","4":"has-post-thumbnail","6":"product_brand-promethee","7":"product_cat-nouveau","8":"product_cat-pieces-adaptees-a-la-cocuisson-avec-de-largile-metallique","9":"product_cat-reglements-et-chatons","10":"product_tag-3mm","11":"product_tag-4mm","12":"product_tag-5mm","13":"product_tag-6476","14":"product_tag-argile-argentee","15":"product_tag-argile-metallique","16":"product_tag-avec-goupille","17":"product_tag-broche","18":"product_tag-largent-3","19":"product_tag-largent","20":"product_tag-pour","21":"product_tag-reglage","22":"pa_diameter-3mm","23":"pa_diameter-5mm","25":"first","26":"instock","27":"taxable","28":"shipping-taxable","29":"purchasable","30":"product-type-simple"},"acf":[],"_links":{"self":[{"href":"https:\/\/esquell.eu\/fr\/wp-json\/wp\/v2\/product\/31326","targetHints":{"allow":["GET"]}}],"collection":[{"href":"https:\/\/esquell.eu\/fr\/wp-json\/wp\/v2\/product"}],"about":[{"href":"https:\/\/esquell.eu\/fr\/wp-json\/wp\/v2\/types\/product"}],"replies":[{"embeddable":true,"href":"https:\/\/esquell.eu\/fr\/wp-json\/wp\/v2\/comments?post=31326"}],"wp:featuredmedia":[{"embeddable":true,"href":"https:\/\/esquell.eu\/fr\/wp-json\/wp\/v2\/media\/30800"}],"wp:attachment":[{"href":"https:\/\/esquell.eu\/fr\/wp-json\/wp\/v2\/media?parent=31326"}],"wp:term":[{"taxonomy":"more","embeddable":true,"href":"https:\/\/esquell.eu\/fr\/wp-json\/wp\/v2\/more?post=31326"},{"taxonomy":"product_brand","embeddable":true,"href":"https:\/\/esquell.eu\/fr\/wp-json\/wp\/v2\/product_brand?post=31326"},{"taxonomy":"product_cat","embeddable":true,"href":"https:\/\/esquell.eu\/fr\/wp-json\/wp\/v2\/product_cat?post=31326"},{"taxonomy":"product_tag","embeddable":true,"href":"https:\/\/esquell.eu\/fr\/wp-json\/wp\/v2\/product_tag?post=31326"}],"curies":[{"name":"wp","href":"https:\/\/api.w.org\/{rel}","templated":true}]}}