{"id":31308,"date":"2026-02-18T10:40:42","date_gmt":"2026-02-18T10:40:42","guid":{"rendered":"https:\/\/esquell.eu\/product\/rondelle-en-acier-inoxydable-avec-filetage-m25-differentes-tailles\/"},"modified":"2026-02-18T10:40:42","modified_gmt":"2026-02-18T10:40:42","slug":"rondelle-en-acier-inoxydable-avec-filetage-m25-differentes-tailles","status":"publish","type":"product","link":"https:\/\/esquell.eu\/fr\/produit\/rondelle-en-acier-inoxydable-avec-filetage-m25-differentes-tailles\/","title":{"rendered":"Rondelle en acier inoxydable avec filetage M2,5 Diff\u00e9rentes tailles"},"content":{"rendered":"<p>Anneau de changement avec filetage M2,5<br \/>\nLargeur de l&rsquo;anneau 5mm, longueur du filetage 3,5mm<br \/>\nTr\u00e8s poli<\/p>\n<p>Acier inoxydable hypoallerg\u00e9nique<\/p>\n<p>Cet anneau est sp\u00e9cialement con\u00e7u pour le glastop, l&rsquo;\u00e9mail ou l&rsquo;argile m\u00e9tallique.<\/p>\n<p>Tailles 16, 16,5, 17, 17,5 et 18mm<\/p>\n","protected":false},"excerpt":{"rendered":"<p>Anneau de changement avec filetage M2,5<br \/>\nLargeur de l&rsquo;anneau 5 mm, longueur du filetage 3,5 mm<br \/>\nTr\u00e8s poli<\/p>\n<p>Acier inoxydable hypoallerg\u00e9nique<\/p>\n<p>Cet anneau est sp\u00e9cialement con\u00e7u pour le glastop, l&rsquo;\u00e9mail ou l&rsquo;argile m\u00e9tallique.<\/p>\n","protected":false},"featured_media":30777,"comment_status":"closed","ping_status":"closed","template":"","meta":{"_acf_changed":false,"_seopress_robots_primary_cat":"none","_seopress_titles_title":"","_seopress_titles_desc":"","_seopress_robots_index":""},"more":[],"product_brand":[6914],"product_cat":[21460,11931,6705,7468],"product_tag":[7098,22262,6378,22272,22263,6650,6423,22265,22267,9384,7229,22264,6369,7506,11291,22270,7055],"class_list":{"0":"post-31308","1":"product","2":"type-product","3":"status-publish","4":"has-post-thumbnail","6":"product_brand-ayu","7":"product_cat-divers","8":"product_cat-nouveau","9":"product_cat-outils-et-fournitures-pour-lemaillage","10":"product_cat-outils-et-fournitures-pour-le-verre","11":"product_tag-anneau","12":"product_tag-anneau-de-commutation","13":"product_tag-argile-metallique","14":"product_tag-brond","15":"product_tag-changer-le-haut","16":"product_tag-cuivre","17":"product_tag-de","18":"product_tag-dessus-en-email","19":"product_tag-dessus-en-metal-argileux","20":"product_tag-divers","21":"product_tag-email","22":"product_tag-glastop","23":"product_tag-largent","24":"product_tag-pour","25":"product_tag-tailles","26":"product_tag-top","27":"product_tag-verre","29":"first","30":"instock","31":"taxable","32":"shipping-taxable","33":"purchasable","34":"product-type-simple"},"acf":[],"_links":{"self":[{"href":"https:\/\/esquell.eu\/fr\/wp-json\/wp\/v2\/product\/31308","targetHints":{"allow":["GET"]}}],"collection":[{"href":"https:\/\/esquell.eu\/fr\/wp-json\/wp\/v2\/product"}],"about":[{"href":"https:\/\/esquell.eu\/fr\/wp-json\/wp\/v2\/types\/product"}],"replies":[{"embeddable":true,"href":"https:\/\/esquell.eu\/fr\/wp-json\/wp\/v2\/comments?post=31308"}],"wp:featuredmedia":[{"embeddable":true,"href":"https:\/\/esquell.eu\/fr\/wp-json\/wp\/v2\/media\/30777"}],"wp:attachment":[{"href":"https:\/\/esquell.eu\/fr\/wp-json\/wp\/v2\/media?parent=31308"}],"wp:term":[{"taxonomy":"more","embeddable":true,"href":"https:\/\/esquell.eu\/fr\/wp-json\/wp\/v2\/more?post=31308"},{"taxonomy":"product_brand","embeddable":true,"href":"https:\/\/esquell.eu\/fr\/wp-json\/wp\/v2\/product_brand?post=31308"},{"taxonomy":"product_cat","embeddable":true,"href":"https:\/\/esquell.eu\/fr\/wp-json\/wp\/v2\/product_cat?post=31308"},{"taxonomy":"product_tag","embeddable":true,"href":"https:\/\/esquell.eu\/fr\/wp-json\/wp\/v2\/product_tag?post=31308"}],"curies":[{"name":"wp","href":"https:\/\/api.w.org\/{rel}","templated":true}]}}