{"id":31244,"date":"2026-03-23T13:38:47","date_gmt":"2026-03-23T13:38:47","guid":{"rendered":"https:\/\/esquell.eu\/?post_type=product&#038;p=31244"},"modified":"2026-03-23T19:59:11","modified_gmt":"2026-03-23T19:59:11","slug":"moule-en-silicone-pour-petits-oiseaux-kopie","status":"publish","type":"product","link":"https:\/\/esquell.eu\/fr\/produit\/moule-en-silicone-pour-petits-oiseaux-kopie\/","title":{"rendered":"Mini-moule en silicone pour papillons et libellules"},"content":{"rendered":"<p>Mini moule en silicone pour papillons et libellules<br \/>\nTaille du moule env. 6*6 cm<\/p>\n<p>Peut \u00eatre utilis\u00e9 avec de la p\u00e2te \u00e0 modeler, de la p\u00e2te polym\u00e8re, de la p\u00e2te fimo, etc.<\/p>\n<p>Si vous utilisez de la p\u00e2te \u00e0 modeler, vaporisez le moule avant chaque utilisation avec la formule antiadh\u00e9sive coolslip pour \u00e9viter que la p\u00e2te \u00e0 modeler ne colle au moule.<\/p>\n","protected":false},"excerpt":{"rendered":"<p>Mini moule en silicone pour papillons et libellules<br \/>\nTaille du moule env. 6*6 cm<\/p>\n<p>Peut \u00eatre utilis\u00e9 avec de la p\u00e2te \u00e0 modeler, de la p\u00e2te polym\u00e8re, de la p\u00e2te fimo, etc.<\/p>\n<p>Si vous utilisez de la p\u00e2te \u00e0 modeler, vaporisez le moule avant chaque utilisation avec la formule antiadh\u00e9sive coolslip pour \u00e9viter que la p\u00e2te \u00e0 modeler ne colle au moule.<\/p>\n","protected":false},"featured_media":31248,"comment_status":"closed","ping_status":"closed","template":"","meta":{"_acf_changed":false,"_seopress_robots_primary_cat":"none","_seopress_titles_title":"","_seopress_titles_desc":"","_seopress_robots_index":""},"more":[],"product_brand":[6398],"product_cat":[15643,11931],"product_tag":[18958,6386,6397,6923,6741,6388,6404,6378,22357,18956,6376,6393,8238,6372,7548,6658,6935,11335,17674,6423,6395,22356,22355,9797,6374,6401,6933,6381,18577,18444,6559,6400,17653,6821,16283,9874,22354,15097,18513,15645,18584,6391,7094,7506,9894,14735],"class_list":{"0":"post-31244","1":"product","2":"type-product","3":"status-publish","4":"has-post-thumbnail","6":"product_brand-l1","7":"product_cat-moules","8":"product_cat-nouveau","9":"product_tag-2-modelisation","10":"product_tag-aida","11":"product_tag-allemagne","12":"product_tag-amsterdam","13":"product_tag-argile-3","14":"product_tag-argile","15":"product_tag-argile-argentee","16":"product_tag-argile-metallique","17":"product_tag-argile-oleagineuse","18":"product_tag-artclayacademy-eu","19":"product_tag-artclaysilver","20":"product_tag-belgique","21":"product_tag-benelux","22":"product_tag-bijoux","23":"product_tag-bijoux-en-argile-2","24":"product_tag-bijoux-en-argile","25":"product_tag-bruxelles","26":"product_tag-caoutchouc-2","27":"product_tag-composants-2","28":"product_tag-de","29":"product_tag-deutsland","30":"product_tag-elephant","31":"product_tag-elephants","32":"product_tag-epoxy","33":"product_tag-faire","34":"product_tag-france","35":"product_tag-gentilhomme","36":"product_tag-japon","37":"product_tag-libellule-2","38":"product_tag-libellule","39":"product_tag-lignes-dartisanat","40":"product_tag-luxembourg","41":"product_tag-melange","42":"product_tag-mini","43":"product_tag-modeles-4","44":"product_tag-moule-2","45":"product_tag-moule-6","46":"product_tag-moules-2","47":"product_tag-nailart","48":"product_tag-papillon","49":"product_tag-papillon-3","50":"product_tag-pays-bas","51":"product_tag-pont","52":"product_tag-pour","53":"product_tag-resine-2","54":"product_tag-silicone","55":"product_shipping_class-standard","57":"first","58":"instock","59":"taxable","60":"shipping-taxable","61":"purchasable","62":"product-type-simple"},"acf":[],"_links":{"self":[{"href":"https:\/\/esquell.eu\/fr\/wp-json\/wp\/v2\/product\/31244","targetHints":{"allow":["GET"]}}],"collection":[{"href":"https:\/\/esquell.eu\/fr\/wp-json\/wp\/v2\/product"}],"about":[{"href":"https:\/\/esquell.eu\/fr\/wp-json\/wp\/v2\/types\/product"}],"replies":[{"embeddable":true,"href":"https:\/\/esquell.eu\/fr\/wp-json\/wp\/v2\/comments?post=31244"}],"wp:featuredmedia":[{"embeddable":true,"href":"https:\/\/esquell.eu\/fr\/wp-json\/wp\/v2\/media\/31248"}],"wp:attachment":[{"href":"https:\/\/esquell.eu\/fr\/wp-json\/wp\/v2\/media?parent=31244"}],"wp:term":[{"taxonomy":"more","embeddable":true,"href":"https:\/\/esquell.eu\/fr\/wp-json\/wp\/v2\/more?post=31244"},{"taxonomy":"product_brand","embeddable":true,"href":"https:\/\/esquell.eu\/fr\/wp-json\/wp\/v2\/product_brand?post=31244"},{"taxonomy":"product_cat","embeddable":true,"href":"https:\/\/esquell.eu\/fr\/wp-json\/wp\/v2\/product_cat?post=31244"},{"taxonomy":"product_tag","embeddable":true,"href":"https:\/\/esquell.eu\/fr\/wp-json\/wp\/v2\/product_tag?post=31244"}],"curies":[{"name":"wp","href":"https:\/\/api.w.org\/{rel}","templated":true}]}}