{"id":31063,"date":"2026-03-09T14:12:55","date_gmt":"2026-03-09T14:12:55","guid":{"rendered":"https:\/\/esquell.eu\/?post_type=product&#038;p=31063"},"modified":"2026-03-23T19:57:39","modified_gmt":"2026-03-23T19:57:39","slug":"fil-de-galerie-fil-de-fixation-laiton-10-cm-kopie","status":"publish","type":"product","link":"https:\/\/esquell.eu\/fr\/produit\/fil-de-galerie-fil-de-fixation-laiton-10-cm-kopie\/","title":{"rendered":"Fil de galerie, suppositoire \u00e0 motifs Cuivre 10cm 4mm de haut"},"content":{"rendered":"<p>Ce fil \u00e0 sertir en cuivre peut \u00eatre co-cuit avec de la p\u00e2te \u00e0 cuivre<br \/>\nPeut \u00e9galement \u00eatre soud\u00e9 avec de la soudure argent\u00e9e \u00e0 basse temp\u00e9rature ou de la p\u00e2te \u00e0 braser en cuivre<br \/>\nLongueur 10 cm<br \/>\nHauteur 4 mm<\/p>\n","protected":false},"excerpt":{"rendered":"<p>Fil de galerie, fil \u00e0 sertir Argent 925 Feuille<\/p>\n<p>Convient \u00e0 la cuisson de l&rsquo;argile argent\u00e9e<\/p>\n<p>&nbsp;<\/p>\n<p>Longueur 10 cm<\/p>\n<p>Hauteur 5 mm<\/p>\n<p>&nbsp;<\/p>\n<p>La longueur command\u00e9e sera livr\u00e9e, dans la mesure du possible, \u00e0 1 longueur.<br \/>\nSi 1 longueur est vraiment une exigence, veuillez l&rsquo;indiquer dans le champ commentaires lors de la commande.<\/p>\n<p>&nbsp;<\/p>\n<p>Pas assez en stock ? Envoyez un e-mail \u00e0 info@esquell. Si possible, nous le commanderons pour vous. <\/p>\n<p>&nbsp;<\/p>\n","protected":false},"featured_media":31067,"comment_status":"closed","ping_status":"closed","template":"","meta":{"_acf_changed":false,"_seopress_robots_primary_cat":"none","_seopress_titles_title":"","_seopress_titles_desc":"","_seopress_robots_index":""},"more":[],"product_brand":[6736],"product_cat":[12426,11931],"product_tag":[6470,6476,6645,16800,6646,6404,6378,6390,6405,7567,6376,6389,6409,7400,12400,6650,7104,7498,6374,12394,16801,12634,14380,8507,12392,12396,12390,12452,12398,6745,12402,6563,6381,6369,6559,6478,12404,6643,6483,7029,22318,6751,7426,22316,15056],"class_list":{"0":"post-31063","1":"product","2":"type-product","3":"status-publish","4":"has-post-thumbnail","6":"product_brand-des-outils-sympas","7":"product_cat-cuivre-bronze-laiton-acier-inoxydable","8":"product_cat-nouveau","9":"product_tag-6470","10":"product_tag-6476","11":"product_tag-a","12":"product_tag-a-motifs","13":"product_tag-acheter","14":"product_tag-argile-argentee","15":"product_tag-argile-metallique","16":"product_tag-argile-metallique-2","17":"product_tag-artclay","18":"product_tag-artclayacademy","19":"product_tag-artclaysilver","20":"product_tag-boutique-en-ligne","21":"product_tag-bricolage","22":"product_tag-cabochons","23":"product_tag-certifie-certifie","24":"product_tag-cuivre","25":"product_tag-cuivre-2","26":"product_tag-cuivre-3","27":"product_tag-faire","28":"product_tag-fantaisie","29":"product_tag-fil-a-broder","30":"product_tag-fil-de-cuivre","31":"product_tag-fil-de-cuivre-2","32":"product_tag-fil-de-fer","33":"product_tag-fil-de-fer-2","34":"product_tag-fil-de-la-galerie","35":"product_tag-fil-de-reglage","36":"product_tag-galerie","37":"product_tag-gracieux","38":"product_tag-instructeur","39":"product_tag-instructeur-3","40":"product_tag-instructeurs","41":"product_tag-japon","42":"product_tag-largent","43":"product_tag-lignes-dartisanat","44":"product_tag-lunette","45":"product_tag-lunette-2","46":"product_tag-ou","47":"product_tag-pierre-naturelle","48":"product_tag-pmc","49":"product_tag-pour-les-reglements","50":"product_tag-reduction","51":"product_tag-reglage","52":"product_tag-reglements","53":"product_tag-secours","54":"product_shipping_class-standard","56":"first","57":"instock","58":"taxable","59":"shipping-taxable","60":"purchasable","61":"product-type-simple"},"acf":[],"_links":{"self":[{"href":"https:\/\/esquell.eu\/fr\/wp-json\/wp\/v2\/product\/31063","targetHints":{"allow":["GET"]}}],"collection":[{"href":"https:\/\/esquell.eu\/fr\/wp-json\/wp\/v2\/product"}],"about":[{"href":"https:\/\/esquell.eu\/fr\/wp-json\/wp\/v2\/types\/product"}],"replies":[{"embeddable":true,"href":"https:\/\/esquell.eu\/fr\/wp-json\/wp\/v2\/comments?post=31063"}],"wp:featuredmedia":[{"embeddable":true,"href":"https:\/\/esquell.eu\/fr\/wp-json\/wp\/v2\/media\/31067"}],"wp:attachment":[{"href":"https:\/\/esquell.eu\/fr\/wp-json\/wp\/v2\/media?parent=31063"}],"wp:term":[{"taxonomy":"more","embeddable":true,"href":"https:\/\/esquell.eu\/fr\/wp-json\/wp\/v2\/more?post=31063"},{"taxonomy":"product_brand","embeddable":true,"href":"https:\/\/esquell.eu\/fr\/wp-json\/wp\/v2\/product_brand?post=31063"},{"taxonomy":"product_cat","embeddable":true,"href":"https:\/\/esquell.eu\/fr\/wp-json\/wp\/v2\/product_cat?post=31063"},{"taxonomy":"product_tag","embeddable":true,"href":"https:\/\/esquell.eu\/fr\/wp-json\/wp\/v2\/product_tag?post=31063"}],"curies":[{"name":"wp","href":"https:\/\/api.w.org\/{rel}","templated":true}]}}