{"id":30931,"date":"2026-02-28T09:31:10","date_gmt":"2026-02-28T09:31:10","guid":{"rendered":"https:\/\/esquell.eu\/?post_type=product&#038;p=30931"},"modified":"2026-03-23T19:56:48","modified_gmt":"2026-03-23T19:56:48","slug":"set-de-soudure-et-de-cuisson-souder-des-bijoux-et-cuire-de-la-pate-dargent-kopie","status":"publish","type":"product","link":"https:\/\/esquell.eu\/fr\/produit\/set-de-soudure-et-de-cuisson-souder-des-bijoux-et-cuire-de-la-pate-dargent-kopie\/","title":{"rendered":"Set de cuisson de base pour argile argent\u00e9e \/ argile m\u00e9tallique"},"content":{"rendered":"<p>Ensemble pour la cuisson de bijoux en argile argent\u00e9e et d&rsquo;autres types d&rsquo;argile m\u00e9tallique.<\/p>\n<ul>\n<li>Chalumeau \/ micro chalumeau \/ br\u00fbleur \u00e0 gaz manuel<\/li>\n<li>Bloc de soudure en vermiculite<\/li>\n<li>Pince \u00e0 fermeture automatique r\u00e9sistante \u00e0 la chaleur<\/li>\n<\/ul>\n<p>* L&rsquo;argile argent\u00e9e 999 peut toujours \u00eatre cuite au chalumeau,<\/p>\n<p>*L&rsquo;argile argent\u00e9e 950 ne peut pas \u00eatre cuite au chalumeau.<\/p>\n<p>* Certains types de bronze et de cuivre peuvent \u00eatre cuits avec le chalumeau (br\u00fbleur \u00e0 gaz manuel), mais pas tous. Lisez donc toujours attentivement les instructions qui accompagnent le produit. <\/p>\n","protected":false},"excerpt":{"rendered":"<p>Set pour souder des bijoux en argent et cuire de la p\u00e2te d&rsquo;argent.<\/p>\n<ul>\n<li>Chalumeau \/ micro chalumeau \/ br\u00fbleur \u00e0 gaz manuel<\/li>\n<li>Bloc de soudure en vermiculite<\/li>\n<li>Bloc de charbon de bois pour conserver la chaleur<\/li>\n<li>Pince \u00e0 souder \u00e0 fermeture automatique r\u00e9sistante \u00e0 la chaleur<\/li>\n<li>P\u00e2te \u00e0 braser \u00e0 l&rsquo;argent 650 \/ 8 gr (soudure \u00e0 l&rsquo;argent et flux en un) Cette p\u00e2te \u00e0 braser fond \u00e0 une temp\u00e9rature de 650\u00b0C<\/li>\n<li>Grille de cuisson<\/li>\n<li>Cage de d\u00e9tartrage<\/li>\n<\/ul>\n<p>&nbsp;<\/p>\n<p>Brasage manuel avec de la p\u00e2te \u00e0 braser \u00e0 l&rsquo;argent<\/p>\n<p>&nbsp;<\/p>\n","protected":false},"featured_media":30937,"comment_status":"closed","ping_status":"closed","template":"","meta":{"_acf_changed":false,"_seopress_robots_primary_cat":"none","_seopress_titles_title":"","_seopress_titles_desc":"","_seopress_robots_index":""},"more":[],"product_brand":[13644,9626,13777],"product_cat":[9823,6364,11931,7412,7393,10058],"product_tag":[6470,6476,6645,6646,6939,6473,6404,6378,7525,6405,6376,6575,6393,6372,11643,13784,13782,13790,6402,11814,6958,6389,6796,6941,20927,6409,11406,20930,11646,11640,6649,20920,11407,8641,11757,6655,11505,6647,6763,6374,6798,13792,20918,6855,6785,6635,6653,10880,13786,13572,6651,6659,13796,6801,6761,8722,22306,8428,6369,6550,6634,6472,6789,7681,13788,13780,11811,6661,6410,6567,6652,6643,7405,6657,6391,6665,6966,6644,13778,13536,13794,6749,6805,20924,8078,11637,6663,21562,8647,13542,20922,6787,13647,6803,6667],"class_list":{"0":"post-30931","1":"product","2":"type-product","3":"status-publish","4":"has-post-thumbnail","6":"product_brand-diender","7":"product_brand-hh","8":"product_brand-wiegman","9":"product_cat-bake-off","10":"product_cat-materiel-supplementaire","11":"product_cat-nouveau","12":"product_cat-outils-de-base","13":"product_cat-paquets-de-depart","14":"product_cat-soudure","15":"product_tag-6470","16":"product_tag-6476","17":"product_tag-a","18":"product_tag-acheter","19":"product_tag-acheter-2","20":"product_tag-argile-2","21":"product_tag-argile-argentee","22":"product_tag-argile-metallique","23":"product_tag-art-clay-argent","24":"product_tag-artclay","25":"product_tag-artclaysilver","26":"product_tag-ateliers","27":"product_tag-belgique","28":"product_tag-bijoux","29":"product_tag-bloc-de-charbon-de-bois","30":"product_tag-bloc-de-soudure","31":"product_tag-bloc-de-vermiculite","32":"product_tag-blocage-automatique","33":"product_tag-bon-marche","34":"product_tag-boraxine","35":"product_tag-boutique","36":"product_tag-boutique-en-ligne","37":"product_tag-boutique-en-ligne-2","38":"product_tag-brabant","39":"product_tag-brasage-au-gaz","40":"product_tag-bricolage","41":"product_tag-bruleur-a-gaz","42":"product_tag-cage-de-demarcation","43":"product_tag-chaleur-3","44":"product_tag-charbon-de-bois","45":"product_tag-commande","46":"product_tag-conduite","47":"product_tag-cuisiniere-a-gaz","48":"product_tag-cuisson","49":"product_tag-doux","50":"product_tag-drenthe","51":"product_tag-dur","52":"product_tag-en-ligne","53":"product_tag-facebook","54":"product_tag-faire","55":"product_tag-faire-2","56":"product_tag-fermeture-automatique","57":"product_tag-fermeture-automatique-2","58":"product_tag-fixer","59":"product_tag-flevoland","60":"product_tag-fournitures","61":"product_tag-frise","62":"product_tag-gaz-butane","63":"product_tag-goedoop","64":"product_tag-grille-de-cuisson","65":"product_tag-groningue","66":"product_tag-gueldre","67":"product_tag-guide","68":"product_tag-il","69":"product_tag-instagram","70":"product_tag-internet","71":"product_tag-kit-de-cuisson","72":"product_tag-kit-de-demarrage","73":"product_tag-largent","74":"product_tag-largent-2","75":"product_tag-largent-3","76":"product_tag-lart","77":"product_tag-limbourg","78":"product_tag-magasin-de-perles","79":"product_tag-meme-bruler","80":"product_tag-microtorche","81":"product_tag-moyen","82":"product_tag-nord","83":"product_tag-nouveau","84":"product_tag-offrir","85":"product_tag-orfevres","86":"product_tag-ou","87":"product_tag-outil-2","88":"product_tag-overijssel","89":"product_tag-pays-bas","90":"product_tag-pays-bas-2","91":"product_tag-perles-2","92":"product_tag-pieces","93":"product_tag-pince-a-souder","94":"product_tag-pincettes","95":"product_tag-pincettes-2","96":"product_tag-professionnel","97":"product_tag-soi","98":"product_tag-soudeur-de-gaz","99":"product_tag-soudure","100":"product_tag-soudure-a-largent","101":"product_tag-sud","102":"product_tag-tir-2","103":"product_tag-torche","104":"product_tag-torche-a-souder","105":"product_tag-torche-a-souder-a-gaz","106":"product_tag-utrecht","107":"product_tag-vermiculite-2","108":"product_tag-votre","109":"product_tag-zelande","110":"product_shipping_class-standard","112":"first","113":"instock","114":"sale","115":"taxable","116":"shipping-taxable","117":"purchasable","118":"product-type-simple"},"acf":[],"_links":{"self":[{"href":"https:\/\/esquell.eu\/fr\/wp-json\/wp\/v2\/product\/30931","targetHints":{"allow":["GET"]}}],"collection":[{"href":"https:\/\/esquell.eu\/fr\/wp-json\/wp\/v2\/product"}],"about":[{"href":"https:\/\/esquell.eu\/fr\/wp-json\/wp\/v2\/types\/product"}],"replies":[{"embeddable":true,"href":"https:\/\/esquell.eu\/fr\/wp-json\/wp\/v2\/comments?post=30931"}],"wp:featuredmedia":[{"embeddable":true,"href":"https:\/\/esquell.eu\/fr\/wp-json\/wp\/v2\/media\/30937"}],"wp:attachment":[{"href":"https:\/\/esquell.eu\/fr\/wp-json\/wp\/v2\/media?parent=30931"}],"wp:term":[{"taxonomy":"more","embeddable":true,"href":"https:\/\/esquell.eu\/fr\/wp-json\/wp\/v2\/more?post=30931"},{"taxonomy":"product_brand","embeddable":true,"href":"https:\/\/esquell.eu\/fr\/wp-json\/wp\/v2\/product_brand?post=30931"},{"taxonomy":"product_cat","embeddable":true,"href":"https:\/\/esquell.eu\/fr\/wp-json\/wp\/v2\/product_cat?post=30931"},{"taxonomy":"product_tag","embeddable":true,"href":"https:\/\/esquell.eu\/fr\/wp-json\/wp\/v2\/product_tag?post=30931"}],"curies":[{"name":"wp","href":"https:\/\/api.w.org\/{rel}","templated":true}]}}