{"id":30822,"date":"2026-02-19T11:08:35","date_gmt":"2026-02-19T11:08:35","guid":{"rendered":"https:\/\/esquell.eu\/?post_type=product&#038;p=30822"},"modified":"2026-03-23T19:56:32","modified_gmt":"2026-03-23T19:56:32","slug":"argile-cuivreuse-promethee-conditionnement-de-200-grammes-kopie","status":"publish","type":"product","link":"https:\/\/esquell.eu\/fr\/produit\/argile-cuivreuse-promethee-conditionnement-de-200-grammes-kopie\/","title":{"rendered":"Argile cuivreuse Prom\u00e9th\u00e9e. Conditionnement de 50 grammes"},"content":{"rendered":"<p>Paquet de 100 grammes d&rsquo;argile cuivr\u00e9e Prometheus.<\/p>\n<p>L&rsquo;argile au cuivre Prometheus se conserve \u00e0 temp\u00e9rature ambiante et s\u00e8che lentement, ce qui vous permet de la p\u00e9trir et de la modeler plus longtemps. De nombreuses propri\u00e9t\u00e9s sont similaires \u00e0 celles de l&rsquo;argile argent\u00e9e. <\/p>\n<p>Consultez la <strong><u>base de connaissances <\/u><\/strong>pour conna\u00eetre la m\u00e9thode de travail de l&rsquo;argile cuivreuse<\/p>\n","protected":false},"excerpt":{"rendered":"<p>Paquet de 200 grammes d&rsquo;argile cuivr\u00e9e Prometheus.<\/p>\n<p>L&rsquo;argile au cuivre Prometheus se conserve \u00e0 temp\u00e9rature ambiante et s\u00e8che lentement, ce qui vous permet de la p\u00e9trir et de la modeler plus longtemps. De nombreuses propri\u00e9t\u00e9s sont similaires \u00e0 celles de l&rsquo;argile argent\u00e9e. <\/p>\n<p>&nbsp;<\/p>\n<p>Consultez la <strong><u><a href=\"https:\/\/www.esquell.nl\/c\/kennisbank\/koperklei-copper-clay-art-clay-copper\">base de connaissances<\/a> <\/u><\/strong>pour conna\u00eetre la m\u00e9thode de travail de l&rsquo;argile cuivreuse<\/p>\n","protected":false},"featured_media":30826,"comment_status":"closed","ping_status":"closed","template":"","meta":{"_acf_changed":false,"_seopress_robots_primary_cat":"none","_seopress_titles_title":"","_seopress_titles_desc":"","_seopress_robots_index":""},"more":[],"product_brand":[6521],"product_cat":[7090],"product_tag":[6757,22298,22297,6473,7141,7028,6780,6378,6405,7139,6650,7104,6423,22300,6747,6472,6418,6782],"class_list":{"0":"post-30822","1":"product","2":"type-product","3":"status-publish","4":"has-post-thumbnail","6":"product_brand-promethee","7":"product_cat-argile-cuivreuse","8":"product_tag-6757","9":"product_tag-50-g","10":"product_tag-50-grammes","11":"product_tag-argile-2","12":"product_tag-argile-cuivree","13":"product_tag-argile-cuivreuse","14":"product_tag-argile-en-spray","15":"product_tag-argile-metallique","16":"product_tag-artclay","17":"product_tag-artclaycopper","18":"product_tag-cuivre","19":"product_tag-cuivre-2","20":"product_tag-de","21":"product_tag-gr","22":"product_tag-gramme","23":"product_tag-lart","24":"product_tag-promethee","25":"product_tag-seringue","26":"product_shipping_class-standard","28":"first","29":"instock","30":"taxable","31":"shipping-taxable","32":"purchasable","33":"product-type-simple"},"acf":[],"_links":{"self":[{"href":"https:\/\/esquell.eu\/fr\/wp-json\/wp\/v2\/product\/30822","targetHints":{"allow":["GET"]}}],"collection":[{"href":"https:\/\/esquell.eu\/fr\/wp-json\/wp\/v2\/product"}],"about":[{"href":"https:\/\/esquell.eu\/fr\/wp-json\/wp\/v2\/types\/product"}],"replies":[{"embeddable":true,"href":"https:\/\/esquell.eu\/fr\/wp-json\/wp\/v2\/comments?post=30822"}],"wp:featuredmedia":[{"embeddable":true,"href":"https:\/\/esquell.eu\/fr\/wp-json\/wp\/v2\/media\/30826"}],"wp:attachment":[{"href":"https:\/\/esquell.eu\/fr\/wp-json\/wp\/v2\/media?parent=30822"}],"wp:term":[{"taxonomy":"more","embeddable":true,"href":"https:\/\/esquell.eu\/fr\/wp-json\/wp\/v2\/more?post=30822"},{"taxonomy":"product_brand","embeddable":true,"href":"https:\/\/esquell.eu\/fr\/wp-json\/wp\/v2\/product_brand?post=30822"},{"taxonomy":"product_cat","embeddable":true,"href":"https:\/\/esquell.eu\/fr\/wp-json\/wp\/v2\/product_cat?post=30822"},{"taxonomy":"product_tag","embeddable":true,"href":"https:\/\/esquell.eu\/fr\/wp-json\/wp\/v2\/product_tag?post=30822"}],"curies":[{"name":"wp","href":"https:\/\/api.w.org\/{rel}","templated":true}]}}