{"id":30814,"date":"2026-02-19T11:02:25","date_gmt":"2026-02-19T11:02:25","guid":{"rendered":"https:\/\/esquell.eu\/?post_type=product&#038;p=30814"},"modified":"2026-03-23T19:56:10","modified_gmt":"2026-03-23T19:56:10","slug":"promethee-argile-blanche-bronze-10-g-pate-en-spray-3-bouchees-kopie","status":"publish","type":"product","link":"https:\/\/esquell.eu\/fr\/produit\/promethee-argile-blanche-bronze-10-g-pate-en-spray-3-bouchees-kopie\/","title":{"rendered":"Prometheus Sterling White Bronze Clay 10 g p\u00e2te en spray &#8211; 3 bouch\u00e9es"},"content":{"rendered":"<p>Prometheus Sterling White Bronze Clay 10 g p\u00e2te en spray &#8211; 3 bouch\u00e9es<\/p>\n<p>La p\u00e2te \u00e0 pulv\u00e9riser Prometheus Sterling White Bronze Clay se pr\u00e9sente sous la forme d&rsquo;une p\u00e2te liquide et est livr\u00e9e avec 3 buses. L&rsquo;argile blanche Prometheus se conserve \u00e0 temp\u00e9rature ambiante et s\u00e8che lentement. De nombreuses propri\u00e9t\u00e9s correspondent \u00e0 celles de l&rsquo;argile argent\u00e9e. L&#8217;emballage contient 10 grammes de p\u00e2te \u00e0 pulv\u00e9riser.   <\/p>\n<p>Peut \u00eatre utilis\u00e9 pour dessiner des lignes fines et cr\u00e9er des motifs d\u00e9licats pour des pi\u00e8ces ajour\u00e9es. Comme pour la p\u00e2te, vous pouvez l&rsquo;attacher \u00e0 l&rsquo;argile, r\u00e9parer les fissures, etc. dans l&rsquo;argile et appliquer des motifs et de la texture.  <\/p>\n<p>Vous pouvez placer trois embouts diff\u00e9rents sur la seringue.<br \/>\nLes embouts peuvent \u00e9galement \u00eatre taill\u00e9s pour une ouverture encore plus grande ou de mani\u00e8re \u00e0 ce qu&rsquo;une ficelle d\u00e9form\u00e9e en sorte.<\/p>\n<p>Lorsque vous ne travaillez pas avec la p\u00e2te \u00e0 pulv\u00e9riser et son embout, mettez-les toujours dans un bol d&rsquo;eau. Cela permet d&rsquo;\u00e9viter que la p\u00e2te contenue dans la buse ne se dess\u00e8che.<strong><br \/>\n<\/strong><\/p>\n","protected":false},"excerpt":{"rendered":"<p>Prometheus Sterling White Bronze Clay 10 g p\u00e2te en spray &#8211; 3 bouch\u00e9es<\/p>\n<p>La p\u00e2te \u00e0 pulv\u00e9riser Prometheus Sterling White Bronze Clay se pr\u00e9sente sous la forme d&rsquo;une p\u00e2te liquide et est livr\u00e9e avec 3 buses. L&rsquo;argile blanche Prometheus se conserve \u00e0 temp\u00e9rature ambiante et s\u00e8che lentement. De nombreuses propri\u00e9t\u00e9s correspondent \u00e0 celles de l&rsquo;argile argent\u00e9e. L&#8217;emballage contient 10 grammes de p\u00e2te \u00e0 pulv\u00e9riser.   <\/p>\n<p>Peut \u00eatre utilis\u00e9 pour dessiner des lignes fines et cr\u00e9er des motifs d\u00e9licats pour des pi\u00e8ces ajour\u00e9es. Comme pour la p\u00e2te, vous pouvez l&rsquo;attacher \u00e0 l&rsquo;argile, r\u00e9parer les fissures, etc. dans l&rsquo;argile et appliquer des motifs et de la texture.  <\/p>\n<p>Vous pouvez placer trois embouts diff\u00e9rents sur la seringue.<br \/>\nLes embouts peuvent \u00e9galement \u00eatre taill\u00e9s pour une ouverture encore plus grande ou de mani\u00e8re \u00e0 ce qu&rsquo;une ficelle d\u00e9form\u00e9e en sorte.<\/p>\n<p>Lorsque vous ne travaillez pas avec la p\u00e2te \u00e0 pulv\u00e9riser et son embout, mettez-les toujours dans un bol d&rsquo;eau. Cela permet d&rsquo;\u00e9viter que la p\u00e2te contenue dans la buse ne se dess\u00e8che.<\/p>\n<p>&nbsp;<\/p>\n<p>Vous pouvez placer trois embouts diff\u00e9rents sur la seringue.<br \/>\nLes embouts peuvent \u00e9galement \u00eatre taill\u00e9s pour une ouverture encore plus grande ou de mani\u00e8re \u00e0 ce qu&rsquo;une ficelle d\u00e9form\u00e9e en sorte.<\/p>\n<p>Lorsque vous ne travaillez pas avec la p\u00e2te \u00e0 pulv\u00e9riser et son embout, mettez-les toujours dans un bol d&rsquo;eau. Cela permet d&rsquo;\u00e9viter que la p\u00e2te contenue dans la buse ne se dess\u00e8che.<strong><br \/>\n<\/strong><\/p>\n<p>&nbsp;<\/p>\n","protected":false},"featured_media":30818,"comment_status":"closed","ping_status":"closed","template":"","meta":{"_acf_changed":false,"_seopress_robots_primary_cat":"none","_seopress_titles_title":"","_seopress_titles_desc":"","_seopress_robots_index":""},"more":[],"product_brand":[6521],"product_cat":[6383],"product_tag":[6388,6473,6404,6420,6530,6780,6372,8947,7210,6522,6409,6412,6528,6374,6526,6418,6524,6782,6919,6408],"class_list":{"0":"post-30814","1":"product","2":"type-product","3":"status-publish","4":"has-post-thumbnail","6":"product_brand-promethee","7":"product_cat-argile-de-bronze","8":"product_tag-argile","9":"product_tag-argile-2","10":"product_tag-argile-argentee","11":"product_tag-argile-bronze","12":"product_tag-argile-bronzee","13":"product_tag-argile-en-spray","14":"product_tag-bijoux","15":"product_tag-bijoux-en-bronze","16":"product_tag-blanc-3","17":"product_tag-blanc","18":"product_tag-bricolage","19":"product_tag-bronze","20":"product_tag-bronze-2","21":"product_tag-faire","22":"product_tag-incendie","23":"product_tag-promethee","24":"product_tag-rapide-faible","25":"product_tag-seringue","26":"product_tag-sterling","27":"product_tag-vous","28":"product_shipping_class-standard","30":"first","31":"instock","32":"taxable","33":"shipping-taxable","34":"purchasable","35":"product-type-simple"},"acf":[],"_links":{"self":[{"href":"https:\/\/esquell.eu\/fr\/wp-json\/wp\/v2\/product\/30814","targetHints":{"allow":["GET"]}}],"collection":[{"href":"https:\/\/esquell.eu\/fr\/wp-json\/wp\/v2\/product"}],"about":[{"href":"https:\/\/esquell.eu\/fr\/wp-json\/wp\/v2\/types\/product"}],"replies":[{"embeddable":true,"href":"https:\/\/esquell.eu\/fr\/wp-json\/wp\/v2\/comments?post=30814"}],"wp:featuredmedia":[{"embeddable":true,"href":"https:\/\/esquell.eu\/fr\/wp-json\/wp\/v2\/media\/30818"}],"wp:attachment":[{"href":"https:\/\/esquell.eu\/fr\/wp-json\/wp\/v2\/media?parent=30814"}],"wp:term":[{"taxonomy":"more","embeddable":true,"href":"https:\/\/esquell.eu\/fr\/wp-json\/wp\/v2\/more?post=30814"},{"taxonomy":"product_brand","embeddable":true,"href":"https:\/\/esquell.eu\/fr\/wp-json\/wp\/v2\/product_brand?post=30814"},{"taxonomy":"product_cat","embeddable":true,"href":"https:\/\/esquell.eu\/fr\/wp-json\/wp\/v2\/product_cat?post=30814"},{"taxonomy":"product_tag","embeddable":true,"href":"https:\/\/esquell.eu\/fr\/wp-json\/wp\/v2\/product_tag?post=30814"}],"curies":[{"name":"wp","href":"https:\/\/api.w.org\/{rel}","templated":true}]}}