{"id":30753,"date":"2026-02-17T11:45:41","date_gmt":"2026-02-17T11:45:41","guid":{"rendered":"https:\/\/esquell.eu\/?post_type=product&#038;p=30753"},"modified":"2026-03-23T19:55:20","modified_gmt":"2026-03-23T19:55:20","slug":"fermoir-a-bascule-13-5-27mm-fil-torsade-en-argent-925-sterling-kopie","status":"publish","type":"product","link":"https:\/\/esquell.eu\/fr\/produit\/fermoir-a-bascule-13-5-27mm-fil-torsade-en-argent-925-sterling-kopie\/","title":{"rendered":"Fermoir \u00e0 bascule 9.5\/17mm, fil torsad\u00e9 en argent 925 antique"},"content":{"rendered":"<p>Verrouillage \u00e0 genouill\u00e8re, fil torsad\u00e9<\/p>\n<p id=\"productName\" class=\"productGeneral\">9,5\/17 mm<\/p>\n<p>Antiquit\u00e9s<\/p>\n<p>Fermoir pour bracelet ou collier<\/p>\n","protected":false},"excerpt":{"rendered":"<p>Verrou \u00e0 bascule, fil torsad\u00e9<br \/>\nAnneau 13.5 mm Broche 27 mm<\/p>\n<p>Antique<\/p>\n<p>Fermoir pour bracelet ou collier<\/p>\n<p>&nbsp;<\/p>\n","protected":false},"featured_media":30757,"comment_status":"closed","ping_status":"closed","template":"","meta":{"_acf_changed":false,"_seopress_robots_primary_cat":"none","_seopress_titles_title":"","_seopress_titles_desc":"","_seopress_robots_index":""},"more":[],"product_brand":[6914],"product_cat":[11146,11931],"product_tag":[15038,6470,6476,6645,6646,6945,16516,7024,6960,7016,6923,7098,16564,8074,6931,16505,6473,6404,6420,7028,6378,6390,6405,6376,8077,6949,16509,9668,6540,16508,6393,6372,6658,7792,6402,6958,6389,16561,16562,6941,6792,12603,6716,7116,6409,16550,6935,10907,7400,16512,16520,6794,16547,6962,7018,7780,16548,8519,16536,10820,7847,7047,6395,10959,6655,7038,7043,16499,6374,6798,14658,11153,16507,8039,16503,10198,11839,6785,6635,6401,7479,6653,10913,9392,6933,6651,6659,16497,16511,6801,8029,6369,6550,6634,16513,6472,6930,7026,7030,6789,6400,7042,6426,11024,6708,7031,16506,7040,16549,6661,14292,6567,9223,6652,6937,6643,6636,6657,6391,6665,7092,16514,6966,16523,6644,8028,16526,16529,8515,7094,7506,6922,6954,9284,6751,6778,7151,6925,16546,11154,16501,16538,16510,16515,16504,6805,6964,6919,6663,15356,10139,6787,7055,10802,6803,6408,6807,6776,6667,7032],"class_list":{"0":"post-30753","1":"product","2":"type-product","3":"status-publish","4":"has-post-thumbnail","6":"product_brand-ayu","7":"product_cat-argent-925","8":"product_cat-nouveau","9":"product_tag-voici","10":"product_tag-6470","11":"product_tag-6476","12":"product_tag-a","13":"product_tag-acheter","14":"product_tag-alkmaar","15":"product_tag-allemagneh","16":"product_tag-almere","17":"product_tag-amende","18":"product_tag-amende-2","19":"product_tag-amsterdam","20":"product_tag-anneau","21":"product_tag-anneaux-de-verre","22":"product_tag-antique","23":"product_tag-anvers","24":"product_tag-applaudissements","25":"product_tag-argile-2","26":"product_tag-argile-argentee","27":"product_tag-argile-bronze","28":"product_tag-argile-cuivreuse","29":"product_tag-argile-metallique","30":"product_tag-argile-metallique-2","31":"product_tag-artclay","32":"product_tag-artclaysilver","33":"product_tag-aspect-antique","34":"product_tag-assen","35":"product_tag-ateliers-de-pate-dargent","36":"product_tag-autour-de","37":"product_tag-avantageux","38":"product_tag-battements","39":"product_tag-belgique","40":"product_tag-bijoux","41":"product_tag-bijoux-en-argile","42":"product_tag-bijoux-en-verre","43":"product_tag-bon-marche","44":"product_tag-boutique","45":"product_tag-boutique-en-ligne","46":"product_tag-bouton-de-manchette","47":"product_tag-boutons-de-manchette","48":"product_tag-brabant","49":"product_tag-bracelet","50":"product_tag-bracelet-2","51":"product_tag-breloques","52":"product_tag-breloques-2","53":"product_tag-bricolage","54":"product_tag-brins","55":"product_tag-bruxelles","56":"product_tag-cabochon-en-verre","57":"product_tag-cabochons","58":"product_tag-calotte","59":"product_tag-capuchon-dextremite","60":"product_tag-chaine","61":"product_tag-chaine-de-couches","62":"product_tag-collier","63":"product_tag-collier-2","64":"product_tag-collier-3","65":"product_tag-collier-a-couches","66":"product_tag-cordon","67":"product_tag-crochet","68":"product_tag-de-haute-qualite","69":"product_tag-degagement","70":"product_tag-delft","71":"product_tag-deutsland","72":"product_tag-dichroique","73":"product_tag-drenthe","74":"product_tag-eindhoven","75":"product_tag-enschede","76":"product_tag-etendu","77":"product_tag-faire","78":"product_tag-faire-2","79":"product_tag-fait-a-la-main-2","80":"product_tag-fermeture","81":"product_tag-fermeture-en-homard","82":"product_tag-fermetures","83":"product_tag-fermoir-a-mousqueton","84":"product_tag-finition","85":"product_tag-finition-2","86":"product_tag-flevoland","87":"product_tag-fournitures","88":"product_tag-france","89":"product_tag-france-2","90":"product_tag-frise","91":"product_tag-fusionne","92":"product_tag-gamme","93":"product_tag-gentilhomme","94":"product_tag-groningue","95":"product_tag-gueldre","96":"product_tag-homard","97":"product_tag-homard-2","98":"product_tag-il","99":"product_tag-kumihimo","100":"product_tag-largent","101":"product_tag-largent-2","102":"product_tag-largent-3","103":"product_tag-largent-5","104":"product_tag-lart","105":"product_tag-leeuwarden","106":"product_tag-lelystad","107":"product_tag-liege","108":"product_tag-limbourg","109":"product_tag-luxembourg","110":"product_tag-maastricht","111":"product_tag-malleable","112":"product_tag-materiaux","113":"product_tag-mercerie","114":"product_tag-metal-2","115":"product_tag-metallurgie-4","116":"product_tag-middelburg","117":"product_tag-multiples","118":"product_tag-nord","119":"product_tag-oeil-3","120":"product_tag-offrir","121":"product_tag-offrir-2","122":"product_tag-orfevres","123":"product_tag-ostende","124":"product_tag-ou","125":"product_tag-outils","126":"product_tag-overijssel","127":"product_tag-pays-bas","128":"product_tag-pays-bas-2","129":"product_tag-pendentif-2","130":"product_tag-perle-pincee","131":"product_tag-perles-2","132":"product_tag-piece-dextremite","133":"product_tag-pieces","134":"product_tag-pieces-de-bijouterie","135":"product_tag-pince-a-dentelle","136":"product_tag-pince-de-cordon","137":"product_tag-plat","138":"product_tag-pont","139":"product_tag-pour","140":"product_tag-pur","141":"product_tag-pur-2","142":"product_tag-pur-3","143":"product_tag-reduction","144":"product_tag-reel","145":"product_tag-reglable-2","146":"product_tag-rotterdam","147":"product_tag-separateur-de-fils","148":"product_tag-serrure-2","149":"product_tag-serrure-3","150":"product_tag-serrure-a-crochet","151":"product_tag-serrure-a-homard","152":"product_tag-serrure-a-homard-2","153":"product_tag-serrures-2","154":"product_tag-soi","155":"product_tag-sollid","156":"product_tag-sterling","157":"product_tag-sud","158":"product_tag-toggle","159":"product_tag-unique","160":"product_tag-utrecht","161":"product_tag-verre","162":"product_tag-verre-2","163":"product_tag-votre","164":"product_tag-vous","165":"product_tag-vous-2","166":"product_tag-vraiment","167":"product_tag-zelande","168":"product_tag-zwolle","169":"product_shipping_class-standard","170":"pa_afmeting-15mm","171":"pa_afmeting-10-mm","172":"pa_afmeting-11mm","173":"pa_afmeting-12mm","174":"pa_afmeting-13mm","175":"pa_afmeting-14mm","176":"pa_afmeting-16mm","177":"pa_afmeting-18mm","178":"pa_afmeting-1mm","179":"pa_afmeting-22mm","180":"pa_afmeting-2mm","181":"pa_afmeting-35mm-2","182":"pa_afmeting-3mm","183":"pa_afmeting-4mm","184":"pa_afmeting-55mm","185":"pa_afmeting-5mm","186":"pa_afmeting-6mm","187":"pa_afmeting-8mm","188":"pa_afmeting-9mm","190":"first","191":"instock","192":"taxable","193":"shipping-taxable","194":"purchasable","195":"product-type-simple"},"acf":[],"_links":{"self":[{"href":"https:\/\/esquell.eu\/fr\/wp-json\/wp\/v2\/product\/30753","targetHints":{"allow":["GET"]}}],"collection":[{"href":"https:\/\/esquell.eu\/fr\/wp-json\/wp\/v2\/product"}],"about":[{"href":"https:\/\/esquell.eu\/fr\/wp-json\/wp\/v2\/types\/product"}],"replies":[{"embeddable":true,"href":"https:\/\/esquell.eu\/fr\/wp-json\/wp\/v2\/comments?post=30753"}],"wp:featuredmedia":[{"embeddable":true,"href":"https:\/\/esquell.eu\/fr\/wp-json\/wp\/v2\/media\/30757"}],"wp:attachment":[{"href":"https:\/\/esquell.eu\/fr\/wp-json\/wp\/v2\/media?parent=30753"}],"wp:term":[{"taxonomy":"more","embeddable":true,"href":"https:\/\/esquell.eu\/fr\/wp-json\/wp\/v2\/more?post=30753"},{"taxonomy":"product_brand","embeddable":true,"href":"https:\/\/esquell.eu\/fr\/wp-json\/wp\/v2\/product_brand?post=30753"},{"taxonomy":"product_cat","embeddable":true,"href":"https:\/\/esquell.eu\/fr\/wp-json\/wp\/v2\/product_cat?post=30753"},{"taxonomy":"product_tag","embeddable":true,"href":"https:\/\/esquell.eu\/fr\/wp-json\/wp\/v2\/product_tag?post=30753"}],"curies":[{"name":"wp","href":"https:\/\/api.w.org\/{rel}","templated":true}]}}