{"id":30708,"date":"2026-02-17T11:15:00","date_gmt":"2026-02-17T11:15:00","guid":{"rendered":"https:\/\/esquell.eu\/?post_type=product&#038;p=30708"},"modified":"2026-03-23T19:54:18","modified_gmt":"2026-03-23T19:54:18","slug":"chaine-omega-3mm-longueur-45-cm-acier-inoxydable-kopie-kopie","status":"publish","type":"product","link":"https:\/\/esquell.eu\/fr\/produit\/chaine-omega-3mm-longueur-45-cm-acier-inoxydable-kopie-kopie\/","title":{"rendered":"Cha\u00eene om\u00e9ga 3mm. Diff\u00e9rentes longueurs"},"content":{"rendered":"<p>Cha\u00eene, om\u00e9ga,<\/p>\n<p>Acier inoxydable<\/p>\n<p>Largeur 3mm,<\/p>\n<p>Finition brillante<\/p>\n<p>&nbsp;<\/p>\n<p>&nbsp;<\/p>\n<p>&nbsp;<\/p>\n","protected":false},"excerpt":{"rendered":"<p>Cha\u00eene, om\u00e9ga,<\/p>\n<p>Acier inoxydable<\/p>\n<p>Largeur 4mm,<br \/>\nLongueur 45cm<br \/>\nFinition brillante<\/p>\n<p>&nbsp;<\/p>\n<p>&nbsp;<\/p>\n<p>&nbsp;<\/p>\n","protected":false},"featured_media":30724,"comment_status":"closed","ping_status":"closed","template":"","meta":{"_acf_changed":false,"_seopress_robots_primary_cat":"none","_seopress_titles_title":"","_seopress_titles_desc":"","_seopress_robots_index":""},"more":[],"product_brand":[6398],"product_cat":[6915,11931],"product_tag":[16615,16616,16617,16618,6470,6477,6476,6645,6939,6646,10187,9122,10091,16579,6847,6945,7045,7024,7016,7036,6923,6931,6404,6420,7028,6947,6405,6949,6393,6718,7792,6941,6935,7770,6819,6794,7790,6772,7785,7762,6962,7018,7780,7778,7047,7053,7776,6655,8833,7038,8836,6647,7043,7766,6374,6815,7510,8834,9562,6653,6933,7772,6651,6659,6951,7049,12006,11992,8832,22249,22246,22247,6369,6550,6634,7215,6930,7026,7030,7768,6789,7042,8837,7040,8838,7034,6661,22245,7051,6937,6643,6657,6816,6391,6665,6774,7687,8831,6710,7794,7823,6927,6954,6922,6778,7774,6443,6925,6943,7786,6964,8835,8844,7782,7788,6919,6663,8841,7764,6787,8521,7055,6408,6776,6667,7032],"class_list":{"0":"post-30708","1":"product","2":"type-product","3":"status-publish","4":"has-post-thumbnail","6":"product_brand-l1","7":"product_cat-colliers-chaines-bracelets","8":"product_cat-nouveau","9":"product_tag-1mm","10":"product_tag-2mm","11":"product_tag-3mm","12":"product_tag-4mm","13":"product_tag-6470","14":"product_tag-6477","15":"product_tag-6476","16":"product_tag-a","17":"product_tag-acheter-2","18":"product_tag-acheter","19":"product_tag-acier-2","20":"product_tag-acier-inoxydable-2","21":"product_tag-acier-inoxydable-3","22":"product_tag-acier-inoxydable-5","23":"product_tag-acier-inoxydable","24":"product_tag-alkmaar","25":"product_tag-almelo","26":"product_tag-almere","27":"product_tag-amende-2","28":"product_tag-amersfoort","29":"product_tag-amsterdam","30":"product_tag-anvers","31":"product_tag-argile-argentee","32":"product_tag-argile-bronze","33":"product_tag-argile-cuivreuse","34":"product_tag-arnhem","35":"product_tag-artclay","36":"product_tag-assen","37":"product_tag-belgique","38":"product_tag-bijoux-3","39":"product_tag-bijoux-en-verre","40":"product_tag-brabant","41":"product_tag-bruxelles","42":"product_tag-camps","43":"product_tag-cernit","44":"product_tag-chaine","45":"product_tag-changer","46":"product_tag-charme","47":"product_tag-chooker","48":"product_tag-coevorden","49":"product_tag-collier","50":"product_tag-collier-2","51":"product_tag-collier-3","52":"product_tag-corne","53":"product_tag-delft","54":"product_tag-delftzijl","55":"product_tag-drachten","56":"product_tag-drenthe","57":"product_tag-echangeable","58":"product_tag-eindhoven","59":"product_tag-en-baisse","60":"product_tag-en-ligne","61":"product_tag-enschede","62":"product_tag-etreilen","63":"product_tag-faire","64":"product_tag-fimo","65":"product_tag-flexible","66":"product_tag-flexible-2","67":"product_tag-flexible-3","68":"product_tag-frise","69":"product_tag-gentilhomme","70":"product_tag-gratter","71":"product_tag-groningue","72":"product_tag-gueldre","73":"product_tag-heerenveen","74":"product_tag-hilversum","75":"product_tag-hypoallergenique","76":"product_tag-inoxydable","77":"product_tag-interchangeable","78":"product_tag-ip","79":"product_tag-ip-gold","80":"product_tag-ipgold","81":"product_tag-largent","82":"product_tag-largent-2","83":"product_tag-largent-3","84":"product_tag-lor-2","85":"product_tag-leeuwarden","86":"product_tag-lelystad","87":"product_tag-liege","88":"product_tag-liege-2","89":"product_tag-limbourg","90":"product_tag-maastricht","91":"product_tag-meilleur","92":"product_tag-middelburg","93":"product_tag-middelharnis","94":"product_tag-nijmegen","95":"product_tag-nord","96":"product_tag-omega","97":"product_tag-oss","98":"product_tag-ostende","99":"product_tag-ou","100":"product_tag-overijssel","101":"product_tag-pate-polymere","102":"product_tag-pays-bas","103":"product_tag-pays-bas-2","104":"product_tag-pendentif","105":"product_tag-pendentif-en-argile-argentee","106":"product_tag-pendentif-en-verre","107":"product_tag-pendentifs","108":"product_tag-pendentifs-en-verre","109":"product_tag-plaque-or","110":"product_tag-plomb","111":"product_tag-pur-2","112":"product_tag-pur","113":"product_tag-reel","114":"product_tag-resine","115":"product_tag-resine-uv","116":"product_tag-rotterdam","117":"product_tag-scheveningen","118":"product_tag-solide","119":"product_tag-sollid","120":"product_tag-souple-tombant","121":"product_tag-spakenburg","122":"product_tag-spang","123":"product_tag-spangen","124":"product_tag-sterling","125":"product_tag-sud","126":"product_tag-twente","127":"product_tag-urk","128":"product_tag-utrecht","129":"product_tag-valkenburg","130":"product_tag-verre","131":"product_tag-vous","132":"product_tag-vraiment","133":"product_tag-zelande","134":"product_tag-zwolle","135":"product_shipping_class-standard","137":"first","138":"instock","139":"taxable","140":"shipping-taxable","141":"purchasable","142":"product-type-variable"},"acf":[],"_links":{"self":[{"href":"https:\/\/esquell.eu\/fr\/wp-json\/wp\/v2\/product\/30708","targetHints":{"allow":["GET"]}}],"collection":[{"href":"https:\/\/esquell.eu\/fr\/wp-json\/wp\/v2\/product"}],"about":[{"href":"https:\/\/esquell.eu\/fr\/wp-json\/wp\/v2\/types\/product"}],"replies":[{"embeddable":true,"href":"https:\/\/esquell.eu\/fr\/wp-json\/wp\/v2\/comments?post=30708"}],"wp:featuredmedia":[{"embeddable":true,"href":"https:\/\/esquell.eu\/fr\/wp-json\/wp\/v2\/media\/30724"}],"wp:attachment":[{"href":"https:\/\/esquell.eu\/fr\/wp-json\/wp\/v2\/media?parent=30708"}],"wp:term":[{"taxonomy":"more","embeddable":true,"href":"https:\/\/esquell.eu\/fr\/wp-json\/wp\/v2\/more?post=30708"},{"taxonomy":"product_brand","embeddable":true,"href":"https:\/\/esquell.eu\/fr\/wp-json\/wp\/v2\/product_brand?post=30708"},{"taxonomy":"product_cat","embeddable":true,"href":"https:\/\/esquell.eu\/fr\/wp-json\/wp\/v2\/product_cat?post=30708"},{"taxonomy":"product_tag","embeddable":true,"href":"https:\/\/esquell.eu\/fr\/wp-json\/wp\/v2\/product_tag?post=30708"}],"curies":[{"name":"wp","href":"https:\/\/api.w.org\/{rel}","templated":true}]}}