{"id":30683,"date":"2026-02-16T13:27:25","date_gmt":"2026-02-16T13:27:25","guid":{"rendered":"https:\/\/esquell.eu\/?post_type=product&#038;p=30683"},"modified":"2026-03-23T19:54:09","modified_gmt":"2026-03-23T19:54:09","slug":"pendentif-en-argent-anneau-argent-925-11mm-kopie","status":"publish","type":"product","link":"https:\/\/esquell.eu\/fr\/produit\/pendentif-en-argent-anneau-argent-925-11mm-kopie\/","title":{"rendered":"Oeils \u00e0 vis argent\u00e9s diam\u00e8tre de l&rsquo;oeil 3mm par 10 pi\u00e8ces"},"content":{"rendered":"<p>Oeil \u00e0 vis en argent<\/p>\n<p>Diam\u00e8tre de l&rsquo;oeil 3mm<\/p>\n<p>925 argent sterling<\/p>\n","protected":false},"excerpt":{"rendered":"<p><strong>Lors de l&rsquo;achat de plusieurs pi\u00e8ces tr\u00e8s bon march\u00e9<\/strong><\/p>\n<p><strong> <\/strong> <\/p>\n<p> Pendentif en argent, anneau, argent 925 11mm<\/p>\n<p>Oreilles de lapin<\/p>\n<p>&nbsp;<\/p>\n<p>&nbsp;<\/p>\n","protected":false},"featured_media":30687,"comment_status":"closed","ping_status":"closed","template":"","meta":{"_acf_changed":false,"_seopress_robots_primary_cat":"none","_seopress_titles_title":"","_seopress_titles_desc":"","_seopress_robots_index":""},"more":[],"product_brand":[6363],"product_cat":[12319],"product_tag":[6470,14334,6476,14321,7016,14336,14288,6372,9352,14319,6958,6389,6409,11335,12322,14324,6772,6962,14325,14313,14037,6374,11027,12015,8031,6369,6550,6634,14323,12554,14332,14330,6637,10082,7405,6544,7092,6774,12320,12552,9566,14328,10118,8028,14326,7506,6954,6922,9284,6778,14316,6964,6919,6776],"class_list":{"0":"post-30683","1":"product","2":"type-product","3":"status-publish","4":"has-post-thumbnail","6":"product_brand-bm","7":"product_cat-oeillets-de-pendentifs-bails-et-oeillets-a-vis","8":"product_tag-6470","9":"product_tag-14334","10":"product_tag-6476","11":"product_tag-alesage","12":"product_tag-amende-2","13":"product_tag-argantum","14":"product_tag-bailles","15":"product_tag-bijoux","16":"product_tag-bijoux-diy","17":"product_tag-bouchon","18":"product_tag-boutique","19":"product_tag-boutique-en-ligne","20":"product_tag-bricolage","21":"product_tag-caoutchouc-2","22":"product_tag-caution","23":"product_tag-caution-a-linterieur","24":"product_tag-charme","25":"product_tag-collier","26":"product_tag-deplacer","27":"product_tag-dessins-et-modeles","28":"product_tag-fabrication-de-bijoux-3","29":"product_tag-faire","30":"product_tag-forgeage","31":"product_tag-fournitures-pour-bijoux-5","32":"product_tag-fournitures-pour-bijoux","33":"product_tag-largent","34":"product_tag-largent-2","35":"product_tag-largent-3","36":"product_tag-oeil-crochu","37":"product_tag-oeil-de-vis","38":"product_tag-oreilles","39":"product_tag-oreilles-de-lapin","40":"product_tag-orfevre","41":"product_tag-orfevre-3","42":"product_tag-outil-2","43":"product_tag-pas","44":"product_tag-pendentif-2","45":"product_tag-pendentif","46":"product_tag-pendentif-oeil","47":"product_tag-pendentif-oeil-2","48":"product_tag-perle","49":"product_tag-perle-darret","50":"product_tag-peut","51":"product_tag-pieces-de-bijouterie","52":"product_tag-plus-2","53":"product_tag-pour","54":"product_tag-pur-2","55":"product_tag-pur","56":"product_tag-pur-3","57":"product_tag-reel","58":"product_tag-renflouement","59":"product_tag-sollid","60":"product_tag-sterling","61":"product_tag-vraiment","62":"product_shipping_class-standard","64":"first","65":"outofstock","66":"taxable","67":"shipping-taxable","68":"purchasable","69":"product-type-simple"},"acf":[],"_links":{"self":[{"href":"https:\/\/esquell.eu\/fr\/wp-json\/wp\/v2\/product\/30683","targetHints":{"allow":["GET"]}}],"collection":[{"href":"https:\/\/esquell.eu\/fr\/wp-json\/wp\/v2\/product"}],"about":[{"href":"https:\/\/esquell.eu\/fr\/wp-json\/wp\/v2\/types\/product"}],"replies":[{"embeddable":true,"href":"https:\/\/esquell.eu\/fr\/wp-json\/wp\/v2\/comments?post=30683"}],"wp:featuredmedia":[{"embeddable":true,"href":"https:\/\/esquell.eu\/fr\/wp-json\/wp\/v2\/media\/30687"}],"wp:attachment":[{"href":"https:\/\/esquell.eu\/fr\/wp-json\/wp\/v2\/media?parent=30683"}],"wp:term":[{"taxonomy":"more","embeddable":true,"href":"https:\/\/esquell.eu\/fr\/wp-json\/wp\/v2\/more?post=30683"},{"taxonomy":"product_brand","embeddable":true,"href":"https:\/\/esquell.eu\/fr\/wp-json\/wp\/v2\/product_brand?post=30683"},{"taxonomy":"product_cat","embeddable":true,"href":"https:\/\/esquell.eu\/fr\/wp-json\/wp\/v2\/product_cat?post=30683"},{"taxonomy":"product_tag","embeddable":true,"href":"https:\/\/esquell.eu\/fr\/wp-json\/wp\/v2\/product_tag?post=30683"}],"curies":[{"name":"wp","href":"https:\/\/api.w.org\/{rel}","templated":true}]}}