{"id":30651,"date":"2026-02-10T13:33:31","date_gmt":"2026-02-10T13:33:31","guid":{"rendered":"https:\/\/esquell.eu\/product\/pack-de-demarrage-pour-lemaillage\/"},"modified":"2026-03-23T20:02:55","modified_gmt":"2026-03-23T20:02:55","slug":"pack-de-demarrage-pour-lemaillage","status":"publish","type":"product","link":"https:\/\/esquell.eu\/fr\/produit\/pack-de-demarrage-pour-lemaillage\/","title":{"rendered":"Pack de d\u00e9marrage pour l&rsquo;\u00e9maillage"},"content":{"rendered":"<p>Id\u00e9al si vous souhaitez commencer \u00e0 \u00e9mailler sur de l&rsquo;argent, de la p\u00e2te d&rsquo;argent, du cuivre, de la p\u00e2te de cuivre, etc.<\/p>\n<p>Contenu<\/p>\n<ul>\n<li>8 couleurs diff\u00e9rentes de poudres d&rsquo;\u00e9mail japonaises de haute qualit\u00e9. M\u00e9langez les couleurs opaques et transparentes. Environ 15 grammes par couleur.<br \/>\n(couleurs or, transparent, rouge, bleu marine, vert, jaune, violet, rose)<\/li>\n<li>Grille en \u00e9mail<\/li>\n<li>Tamis en \u00e9mail<\/li>\n<li>Pierre \u00e0 poncer<\/li>\n<li>2x pipettes<\/li>\n<li>Klyr fire, le fixateur est id\u00e9al pour maintenir la poudre d&rsquo;\u00e9mail en place pendant que vous dessinez.<\/li>\n<li>Masque anti-poussi\u00e8re<\/li>\n<li>Brosse<\/li>\n<li>Emaillage manuel<\/li>\n<\/ul>\n<p>Prix de vente normal \u20ac100.25<\/p>\n<p>&nbsp;<\/p>\n","protected":false},"excerpt":{"rendered":"<p>Id\u00e9al si vous souhaitez commencer \u00e0 \u00e9mailler sur de l&rsquo;argent, de la p\u00e2te d&rsquo;argent, du cuivre, de la p\u00e2te de cuivre, etc.<\/p>\n<p>Contenu<\/p>\n<ul>\n<li>8 couleurs diff\u00e9rentes de poudres d&rsquo;\u00e9mail japonaises de haute qualit\u00e9. M\u00e9langez les couleurs opaques et transparentes. Environ 15 grammes par couleur.  <\/li>\n<li>Grille en \u00e9mail<\/li>\n<li>Tamis en \u00e9mail<\/li>\n<li>Pierre \u00e0 poncer<\/li>\n<li>2x pipettes<\/li>\n<li>Klyr fire, le fixateur est id\u00e9al pour maintenir la poudre d&rsquo;\u00e9mail en place pendant que vous dessinez.<\/li>\n<li>Masque anti-poussi\u00e8re<\/li>\n<li>Brosse<\/li>\n<\/ul>\n","protected":false},"featured_media":30652,"comment_status":"closed","ping_status":"closed","template":"","meta":{"_acf_changed":false,"_seopress_robots_primary_cat":"none","_seopress_titles_title":"","_seopress_titles_desc":"","_seopress_robots_index":""},"more":[],"product_brand":[6382,6736,10819,7186],"product_cat":[6705,7393],"product_tag":[10601,6565,22130,19492,10597,7229,8867,9476,7236,22135,13531,7249,15538,8433,16035,22132,22131,6714,22129,10599,10784,22134,10793,22133,8456,10796,22127,22367,22381,22128],"class_list":{"0":"post-30651","1":"product","2":"type-product","3":"status-publish","4":"has-post-thumbnail","6":"product_brand-acs","7":"product_brand-des-outils-sympas","8":"product_brand-div","9":"product_brand-rio","10":"product_cat-outils-et-fournitures-pour-lemaillage","11":"product_cat-paquets-de-depart","12":"product_tag-a-lest","13":"product_tag-atelier","14":"product_tag-atelier-demail","15":"product_tag-bloc-dargent","16":"product_tag-denamel","17":"product_tag-email","18":"product_tag-email-2","19":"product_tag-email-4","20":"product_tag-emaux","21":"product_tag-enamelsifter","22":"product_tag-grille","23":"product_tag-japonais-2","24":"product_tag-kit-de-demarrage-2","25":"product_tag-kits-de-demarrage","26":"product_tag-klyr-fire","27":"product_tag-klyrfire","28":"product_tag-masque-anti-poussiere","29":"product_tag-pack-de-demarrage","30":"product_tag-pack-de-demarrage-3","31":"product_tag-pam","32":"product_tag-pameast","33":"product_tag-passoire-en-email","34":"product_tag-pierre-a-poncer","35":"product_tag-pipettes","36":"product_tag-poudres-demail","37":"product_tag-tamis","38":"product_tag-tamis-3","39":"product_tag-tamis-4","40":"product_tag-tamis-5","41":"product_tag-tripot","43":"first","44":"instock","45":"sale","46":"taxable","47":"shipping-taxable","48":"purchasable","49":"product-type-simple"},"acf":[],"_links":{"self":[{"href":"https:\/\/esquell.eu\/fr\/wp-json\/wp\/v2\/product\/30651","targetHints":{"allow":["GET"]}}],"collection":[{"href":"https:\/\/esquell.eu\/fr\/wp-json\/wp\/v2\/product"}],"about":[{"href":"https:\/\/esquell.eu\/fr\/wp-json\/wp\/v2\/types\/product"}],"replies":[{"embeddable":true,"href":"https:\/\/esquell.eu\/fr\/wp-json\/wp\/v2\/comments?post=30651"}],"wp:featuredmedia":[{"embeddable":true,"href":"https:\/\/esquell.eu\/fr\/wp-json\/wp\/v2\/media\/30652"}],"wp:attachment":[{"href":"https:\/\/esquell.eu\/fr\/wp-json\/wp\/v2\/media?parent=30651"}],"wp:term":[{"taxonomy":"more","embeddable":true,"href":"https:\/\/esquell.eu\/fr\/wp-json\/wp\/v2\/more?post=30651"},{"taxonomy":"product_brand","embeddable":true,"href":"https:\/\/esquell.eu\/fr\/wp-json\/wp\/v2\/product_brand?post=30651"},{"taxonomy":"product_cat","embeddable":true,"href":"https:\/\/esquell.eu\/fr\/wp-json\/wp\/v2\/product_cat?post=30651"},{"taxonomy":"product_tag","embeddable":true,"href":"https:\/\/esquell.eu\/fr\/wp-json\/wp\/v2\/product_tag?post=30651"}],"curies":[{"name":"wp","href":"https:\/\/api.w.org\/{rel}","templated":true}]}}