{"id":30607,"date":"2026-02-13T08:40:39","date_gmt":"2026-02-13T08:40:39","guid":{"rendered":"https:\/\/esquell.eu\/?post_type=product&#038;p=30607"},"modified":"2026-02-14T10:02:24","modified_gmt":"2026-02-14T10:02:24","slug":"matrices-de-decoupe-pour-bijoux-en-argile-lot-de-6-coeurs-kopie","status":"publish","type":"product","link":"https:\/\/esquell.eu\/fr\/produit\/matrices-de-decoupe-pour-bijoux-en-argile-lot-de-6-coeurs-kopie\/","title":{"rendered":"Matrices de d\u00e9coupe pour bijoux en argile Set de 6 coeurs en forme libre"},"content":{"rendered":"<p>Ensemble de 6<\/p>\n<p>Dimension hauteur<\/p>\n<p>La plus petite taille est d&rsquo;environ 1,2 cm<\/p>\n<p>La plus grande est d&rsquo;environ 3,8 cm<\/p>\n<p>Cr\u00e9ez sans effort des formes uniques et modernes \u00e0 partir de l&rsquo;argile gr\u00e2ce \u00e0 ce jeu d&#8217;emporte-pi\u00e8ces de haute qualit\u00e9 aux formes organiques. Id\u00e9al pour l&rsquo;argile argent\u00e9e, l&rsquo;argile cuivreuse, l&rsquo;argile bronze et d&rsquo;autres types d&rsquo;argile. Convient \u00e9galement \u00e0 la c\u00e9ramique et \u00e0 l&rsquo;argile polym\u00e8re. <\/p>\n<p>De petite \u00e0 grande taille, ils sont parfaits pour les boucles d&rsquo;oreilles, les pendentifs, les liens et les \u00e9l\u00e9ments d\u00e9coratifs.<\/p>\n<p>Pour un usage fr\u00e9quent. Fabriqu\u00e9 en plastique de haute qualit\u00e9. Conserve sa forme  <\/p>\n<p>L&rsquo;avantage par rapport au stylo aiguille est qu&rsquo;il permet d&rsquo;obtenir des bords de coupe serr\u00e9s sans s&rsquo;effilocher. Et il est facile \u00e0 reproduire, ce qui est pratique pour les boucles d&rsquo;oreilles, par exemple. <\/p>\n<p>Combinez les formes entre elles, avec d&rsquo;autres formes provenant d&rsquo;autres d\u00e9coupes.<\/p>\n<p>Combinez avec des tapis de texture et des tampons pour cr\u00e9er des motifs, des textures et des reliefs.<\/p>\n","protected":false},"excerpt":{"rendered":"<p>Ensemble de 6 Dimension hauteur La plus petite taille est d&rsquo;environ 1,2 cm La plus grande est d&rsquo;environ 3,8 cm Cr\u00e9ez sans effort des formes uniques et modernes \u00e0 partir de l&rsquo;argile gr\u00e2ce \u00e0 ce jeu d&#8217;emporte-pi\u00e8ces de haute qualit\u00e9 aux formes organiques. Id\u00e9al pour l&rsquo;argile argent\u00e9e, l&rsquo;argile cuivreuse, l&rsquo;argile bronze et d&rsquo;autres types d&rsquo;argile&#8230;.<\/p>\n","protected":false},"featured_media":30612,"comment_status":"closed","ping_status":"closed","template":"","meta":{"_acf_changed":false,"_seopress_robots_primary_cat":"none","_seopress_titles_title":"","_seopress_titles_desc":"","_seopress_robots_index":""},"more":[],"product_brand":[6398],"product_cat":[6808,11931],"product_tag":[6388,6473,6404,6378,6372,6658,6409,15793,15806,15794,16138,9886,9405,6827,6823,6851,6423,16161,8727,6825,6374,6859,6849,6635,6640,8712,7405,6816,7506,22103,7699,22098,22100,6408],"class_list":{"0":"post-30607","1":"product","2":"type-product","3":"status-publish","4":"has-post-thumbnail","6":"product_brand-l1","7":"product_cat-couteaux-pour-largile","8":"product_cat-nouveau","9":"product_tag-argile","10":"product_tag-argile-2","11":"product_tag-argile-argentee","12":"product_tag-argile-metallique","13":"product_tag-bijoux","14":"product_tag-bijoux-en-argile","15":"product_tag-bricolage","16":"product_tag-coeur","17":"product_tag-coeur-2","18":"product_tag-coeurs","19":"product_tag-coeurs-2","20":"product_tag-convexe","21":"product_tag-coupeur-dargile","22":"product_tag-coupeurs-dargile","23":"product_tag-cutter","24":"product_tag-cutters","25":"product_tag-de","26":"product_tag-debroussailleur","27":"product_tag-decoupe","28":"product_tag-decouper-des-formes","29":"product_tag-faire","30":"product_tag-formulaire","31":"product_tag-formulaires","32":"product_tag-fournitures","33":"product_tag-maison","34":"product_tag-moules","35":"product_tag-outil-2","36":"product_tag-pate-polymere","37":"product_tag-pour","38":"product_tag-pour-largile","39":"product_tag-projection","40":"product_tag-valentin","41":"product_tag-valentins","42":"product_tag-vous","44":"first","45":"instock","46":"taxable","47":"shipping-taxable","48":"purchasable","49":"product-type-simple"},"acf":[],"_links":{"self":[{"href":"https:\/\/esquell.eu\/fr\/wp-json\/wp\/v2\/product\/30607","targetHints":{"allow":["GET"]}}],"collection":[{"href":"https:\/\/esquell.eu\/fr\/wp-json\/wp\/v2\/product"}],"about":[{"href":"https:\/\/esquell.eu\/fr\/wp-json\/wp\/v2\/types\/product"}],"replies":[{"embeddable":true,"href":"https:\/\/esquell.eu\/fr\/wp-json\/wp\/v2\/comments?post=30607"}],"wp:featuredmedia":[{"embeddable":true,"href":"https:\/\/esquell.eu\/fr\/wp-json\/wp\/v2\/media\/30612"}],"wp:attachment":[{"href":"https:\/\/esquell.eu\/fr\/wp-json\/wp\/v2\/media?parent=30607"}],"wp:term":[{"taxonomy":"more","embeddable":true,"href":"https:\/\/esquell.eu\/fr\/wp-json\/wp\/v2\/more?post=30607"},{"taxonomy":"product_brand","embeddable":true,"href":"https:\/\/esquell.eu\/fr\/wp-json\/wp\/v2\/product_brand?post=30607"},{"taxonomy":"product_cat","embeddable":true,"href":"https:\/\/esquell.eu\/fr\/wp-json\/wp\/v2\/product_cat?post=30607"},{"taxonomy":"product_tag","embeddable":true,"href":"https:\/\/esquell.eu\/fr\/wp-json\/wp\/v2\/product_tag?post=30607"}],"curies":[{"name":"wp","href":"https:\/\/api.w.org\/{rel}","templated":true}]}}