{"id":30530,"date":"2026-01-31T19:16:44","date_gmt":"2026-01-31T19:16:44","guid":{"rendered":"https:\/\/esquell.eu\/product\/epingle-pour-fabriquer-vos-propres-broches-melange-nickel-argent-k-1230\/"},"modified":"2026-01-31T19:16:44","modified_gmt":"2026-01-31T19:16:44","slug":"epingle-pour-fabriquer-vos-propres-broches-melange-nickel-argent-k-1230","status":"publish","type":"product","link":"https:\/\/esquell.eu\/fr\/produit\/epingle-pour-fabriquer-vos-propres-broches-melange-nickel-argent-k-1230\/","title":{"rendered":"\u00c9pingle pour fabriquer vos propres broches. M\u00e9lange nickel\/argent (K-1230)"},"content":{"rendered":"<p>Taille diam\u00e8tre 0,9 mm longueur 120 mm<br \/>\nAvec du nickel suppl\u00e9mentaire pour la duret\u00e9 requise pour les \u00e9pingles \u00e0 broche \/ \u00e9pingles \u00e0 r\u00e9verb\u00e8re \/ \u00e9pingles \u00e0 chapeau, etc.<\/p>\n","protected":false},"excerpt":{"rendered":"<p>Taille diam\u00e8tre 0,9 mm longueur 120 mm Avec du nickel suppl\u00e9mentaire pour la duret\u00e9 requise pour les \u00e9pingles \u00e0 broche \/ \u00e9pingles \u00e0 r\u00e9verb\u00e8re \/ \u00e9pingles \u00e0 chapeau, etc.<\/p>\n","protected":false},"featured_media":30346,"comment_status":"closed","ping_status":"closed","template":"","meta":{"_acf_changed":false,"_seopress_robots_primary_cat":"none","_seopress_titles_title":"","_seopress_titles_desc":"","_seopress_robots_index":""},"more":[],"product_brand":[6382],"product_cat":[12511,11931],"product_tag":[6409,8358,12040,22074,6374,6759,7506,12513,12515,6408],"class_list":{"0":"post-30530","1":"product","2":"type-product","3":"status-publish","4":"has-post-thumbnail","6":"product_brand-acs","7":"product_cat-broches-et-pieces","8":"product_cat-nouveau","9":"product_tag-bricolage","10":"product_tag-broche-2","11":"product_tag-epingle","12":"product_tag-epingle-a-chapeau","13":"product_tag-faire","14":"product_tag-metal","15":"product_tag-pour","16":"product_tag-revers","17":"product_tag-reverspin","18":"product_tag-vous","20":"first","21":"instock","22":"taxable","23":"shipping-taxable","24":"purchasable","25":"product-type-simple"},"acf":[],"_links":{"self":[{"href":"https:\/\/esquell.eu\/fr\/wp-json\/wp\/v2\/product\/30530","targetHints":{"allow":["GET"]}}],"collection":[{"href":"https:\/\/esquell.eu\/fr\/wp-json\/wp\/v2\/product"}],"about":[{"href":"https:\/\/esquell.eu\/fr\/wp-json\/wp\/v2\/types\/product"}],"replies":[{"embeddable":true,"href":"https:\/\/esquell.eu\/fr\/wp-json\/wp\/v2\/comments?post=30530"}],"wp:featuredmedia":[{"embeddable":true,"href":"https:\/\/esquell.eu\/fr\/wp-json\/wp\/v2\/media\/30346"}],"wp:attachment":[{"href":"https:\/\/esquell.eu\/fr\/wp-json\/wp\/v2\/media?parent=30530"}],"wp:term":[{"taxonomy":"more","embeddable":true,"href":"https:\/\/esquell.eu\/fr\/wp-json\/wp\/v2\/more?post=30530"},{"taxonomy":"product_brand","embeddable":true,"href":"https:\/\/esquell.eu\/fr\/wp-json\/wp\/v2\/product_brand?post=30530"},{"taxonomy":"product_cat","embeddable":true,"href":"https:\/\/esquell.eu\/fr\/wp-json\/wp\/v2\/product_cat?post=30530"},{"taxonomy":"product_tag","embeddable":true,"href":"https:\/\/esquell.eu\/fr\/wp-json\/wp\/v2\/product_tag?post=30530"}],"curies":[{"name":"wp","href":"https:\/\/api.w.org\/{rel}","templated":true}]}}