{"id":30495,"date":"2026-01-22T13:43:16","date_gmt":"2026-01-22T13:43:16","guid":{"rendered":"https:\/\/esquell.eu\/product\/mini-atelier-fleurs-heureuses-creaweekend-hardenberg\/"},"modified":"2026-01-22T13:43:16","modified_gmt":"2026-01-22T13:43:16","slug":"mini-atelier-fleurs-heureuses-creaweekend-hardenberg","status":"publish","type":"product","link":"https:\/\/esquell.eu\/fr\/produit\/mini-atelier-fleurs-heureuses-creaweekend-hardenberg\/","title":{"rendered":"Mini atelier \u00ab\u00a0Fleurs heureuses\u00a0\u00bb Creaweekend Hardenberg"},"content":{"rendered":"<p>Vous souhaitez faire connaissance avec Art Clay Silver lors du Crea-Weekend \u00e0 Hardenberg ?<\/p>\n<p>Suivez ensuite le mini atelier <strong>\u00ab\u00a0Happy Flowers\u00a0\u00bb<\/strong> sur notre stand (313, 314).<\/p>\n<p>Au cours de ce court atelier, vous fabriquerez votre propre pendentif, breloque ou boucles d&rsquo;oreilles en argent fin \u00e0 partir d&rsquo;argile argent\u00e9e \/ Art Clay Silver en quelques \u00e9tapes simples.<br \/>\nVous repartirez avec un bijou unique en argent fin.<\/p>\n<p>Les ateliers auront lieu tous les jours :<br \/>\nvendredi 6 mars, samedi 7 mars et dimanche 8 mars.<\/p>\n<p>1er : d\u00e9but 11h00<\/p>\n<p>2\u00e8me : d\u00e9but 13:00<\/p>\n<p>3\u00e8me : d\u00e9but 15:00<\/p>\n<p>Apr\u00e8s avoir achet\u00e9 l&rsquo;atelier dans la boutique en ligne, vous recevrez une facture de confirmation. La facture est votre preuve de r\u00e9servation. Apportez-la avec vous \u00e0 l&rsquo;atelier.  <\/p>\n<p>&nbsp;<\/p>\n","protected":false},"excerpt":{"rendered":"<p>Vous souhaitez faire connaissance avec Art Clay Silver lors du Crea-Weekend \u00e0 Hardenberg ? Suivez ensuite le mini atelier \u00ab\u00a0Happy Flowers\u00a0\u00bb sur notre stand (313, 314). Au cours de ce court atelier, vous fabriquerez votre propre pendentif, breloque ou boucles d&rsquo;oreilles en argent fin \u00e0 partir d&rsquo;argile argent\u00e9e \/ Art Clay Silver en quelques \u00e9tapes&#8230;<\/p>\n","protected":false},"featured_media":30498,"comment_status":"closed","ping_status":"closed","template":"","meta":{"_acf_changed":false,"_seopress_robots_primary_cat":"none","_seopress_titles_title":"","_seopress_titles_desc":"","_seopress_robots_index":""},"more":[12210],"product_brand":[],"product_cat":[11931],"product_tag":[],"class_list":{"0":"post-30495","1":"product","2":"type-product","3":"status-publish","4":"has-post-thumbnail","6":"more-evenements","7":"product_cat-nouveau","9":"first","10":"instock","11":"taxable","12":"shipping-taxable","13":"purchasable","14":"product-type-variable"},"acf":[],"_links":{"self":[{"href":"https:\/\/esquell.eu\/fr\/wp-json\/wp\/v2\/product\/30495","targetHints":{"allow":["GET"]}}],"collection":[{"href":"https:\/\/esquell.eu\/fr\/wp-json\/wp\/v2\/product"}],"about":[{"href":"https:\/\/esquell.eu\/fr\/wp-json\/wp\/v2\/types\/product"}],"replies":[{"embeddable":true,"href":"https:\/\/esquell.eu\/fr\/wp-json\/wp\/v2\/comments?post=30495"}],"wp:featuredmedia":[{"embeddable":true,"href":"https:\/\/esquell.eu\/fr\/wp-json\/wp\/v2\/media\/30498"}],"wp:attachment":[{"href":"https:\/\/esquell.eu\/fr\/wp-json\/wp\/v2\/media?parent=30495"}],"wp:term":[{"taxonomy":"more","embeddable":true,"href":"https:\/\/esquell.eu\/fr\/wp-json\/wp\/v2\/more?post=30495"},{"taxonomy":"product_brand","embeddable":true,"href":"https:\/\/esquell.eu\/fr\/wp-json\/wp\/v2\/product_brand?post=30495"},{"taxonomy":"product_cat","embeddable":true,"href":"https:\/\/esquell.eu\/fr\/wp-json\/wp\/v2\/product_cat?post=30495"},{"taxonomy":"product_tag","embeddable":true,"href":"https:\/\/esquell.eu\/fr\/wp-json\/wp\/v2\/product_tag?post=30495"}],"curies":[{"name":"wp","href":"https:\/\/api.w.org\/{rel}","templated":true}]}}