{"id":30480,"date":"2026-01-31T19:10:28","date_gmt":"2026-01-31T19:10:28","guid":{"rendered":"https:\/\/esquell.eu\/product\/regle-plastique-transparent-avec-bande-metallique-f-1502\/"},"modified":"2026-01-31T19:10:28","modified_gmt":"2026-01-31T19:10:28","slug":"regle-plastique-transparent-avec-bande-metallique-f-1502","status":"publish","type":"product","link":"https:\/\/esquell.eu\/fr\/produit\/regle-plastique-transparent-avec-bande-metallique-f-1502\/","title":{"rendered":"R\u00e8gle, plastique transparent avec bande m\u00e9tallique (F-1502)"},"content":{"rendered":"<p>R\u00e8gle, plastique, transparente avec grille et bande m\u00e9tallique.<\/p>\n<p>Parfaite pour les travaux de d\u00e9coupe et de dessin de pr\u00e9cision.<\/p>\n","protected":false},"excerpt":{"rendered":"<p>R\u00e8gle, plastique, transparente avec grille et bande m\u00e9tallique. Parfaite pour les travaux de d\u00e9coupe et de dessin de pr\u00e9cision.<\/p>\n","protected":false},"featured_media":30342,"comment_status":"closed","ping_status":"closed","template":"","meta":{"_acf_changed":false,"_seopress_robots_primary_cat":"","_seopress_titles_title":"","_seopress_titles_desc":"","_seopress_robots_index":""},"more":[],"product_brand":[6382],"product_cat":[6364,10641,11931],"product_tag":[22019,9742,8457,14985,14587,17033,8701,7506,13197,7266],"class_list":{"0":"post-30480","1":"product","2":"type-product","3":"status-publish","4":"has-post-thumbnail","6":"product_brand-acs","7":"product_cat-materiel-supplementaire","8":"product_cat-mesure","9":"product_cat-nouveau","10":"product_tag-bord","11":"product_tag-comique","12":"product_tag-couper","13":"product_tag-dessiner","14":"product_tag-exactement","15":"product_tag-grille-2","16":"product_tag-metal-3","17":"product_tag-pour","18":"product_tag-regle","19":"product_tag-transparent","21":"first","22":"instock","23":"taxable","24":"shipping-taxable","25":"purchasable","26":"product-type-simple"},"acf":[],"_links":{"self":[{"href":"https:\/\/esquell.eu\/fr\/wp-json\/wp\/v2\/product\/30480","targetHints":{"allow":["GET"]}}],"collection":[{"href":"https:\/\/esquell.eu\/fr\/wp-json\/wp\/v2\/product"}],"about":[{"href":"https:\/\/esquell.eu\/fr\/wp-json\/wp\/v2\/types\/product"}],"replies":[{"embeddable":true,"href":"https:\/\/esquell.eu\/fr\/wp-json\/wp\/v2\/comments?post=30480"}],"wp:featuredmedia":[{"embeddable":true,"href":"https:\/\/esquell.eu\/fr\/wp-json\/wp\/v2\/media\/30342"}],"wp:attachment":[{"href":"https:\/\/esquell.eu\/fr\/wp-json\/wp\/v2\/media?parent=30480"}],"wp:term":[{"taxonomy":"more","embeddable":true,"href":"https:\/\/esquell.eu\/fr\/wp-json\/wp\/v2\/more?post=30480"},{"taxonomy":"product_brand","embeddable":true,"href":"https:\/\/esquell.eu\/fr\/wp-json\/wp\/v2\/product_brand?post=30480"},{"taxonomy":"product_cat","embeddable":true,"href":"https:\/\/esquell.eu\/fr\/wp-json\/wp\/v2\/product_cat?post=30480"},{"taxonomy":"product_tag","embeddable":true,"href":"https:\/\/esquell.eu\/fr\/wp-json\/wp\/v2\/product_tag?post=30480"}],"curies":[{"name":"wp","href":"https:\/\/api.w.org\/{rel}","templated":true}]}}