{"id":30368,"date":"2026-02-01T20:56:49","date_gmt":"2026-02-01T20:56:49","guid":{"rendered":"https:\/\/esquell.eu\/?post_type=product&#038;p=30368"},"modified":"2026-02-04T20:45:35","modified_gmt":"2026-02-04T20:45:35","slug":"plan-de-travail-en-teflon-1010-cm-budget-emballe-par-4-feuilles-kopie","status":"publish","type":"product","link":"https:\/\/esquell.eu\/fr\/produit\/plan-de-travail-en-teflon-1010-cm-budget-emballe-par-4-feuilles-kopie\/","title":{"rendered":"Tuff Cards Cartes r\u00e9sistantes \u00e0 la chaleur pour les projets en p\u00e2te \u00e0 modeler"},"content":{"rendered":"<p>Les Tuff Cards sont des cartes \u00e9paisses et antiadh\u00e9sives utilis\u00e9es pour composer, assembler et s\u00e9cher les projets d&rsquo;argile m\u00e9tallique.<br \/>\nElles sont plus \u00e9paisses qu&rsquo;un T\u00e9flon standard et ont la m\u00eame taille pratique.<br \/>\nLes Tuff Cards emp\u00eachent le travail de tomber rapidement lorsque vous le d\u00e9placez sur votre plaque chauffante d&rsquo;argile m\u00e9tallique ou ailleurs. Les Tuff Cards sont lisses, sans texture et peuvent r\u00e9sister \u00e0 une chaleur allant jusqu&rsquo;\u00e0 500 \u00b0F. <\/p>\n<p>Taille 6,35 cm x 8,9 cm<\/p>\n","protected":false},"excerpt":{"rendered":"<p>Surface de travail r\u00e9sistante \u00e0 la chaleur. 10*10 cm <\/p>\n<p>Emball\u00e9 par 4 feuilles<\/p>\n<p>T\u00e9flon \u00e9pais et robuste<\/p>\n","protected":false},"featured_media":30375,"comment_status":"closed","ping_status":"closed","template":"","meta":{"_acf_changed":false,"_seopress_robots_primary_cat":"none","_seopress_titles_title":"","_seopress_titles_desc":"","_seopress_robots_index":""},"more":[],"product_brand":[6382],"product_cat":[7504,11931,7412],"product_tag":[6645,6646,6386,6404,6420,7028,6378,6390,6376,22006,11642,6743,22009,11495,9280,6381,6559,10176,6643,13235,7029,7506,22008,6418,13233,13122,16971,6407,17150,13238,13237,17149,22004,22002,17151],"class_list":{"0":"post-30368","1":"product","2":"type-product","3":"status-publish","4":"has-post-thumbnail","6":"product_brand-acs","7":"product_cat-argile","8":"product_cat-nouveau","9":"product_cat-outils-de-base","10":"product_tag-a","11":"product_tag-acheter","12":"product_tag-aida","13":"product_tag-argile-argentee","14":"product_tag-argile-bronze","15":"product_tag-argile-cuivreuse","16":"product_tag-argile-metallique","17":"product_tag-argile-metallique-2","18":"product_tag-artclaysilver","19":"product_tag-carte","20":"product_tag-chaleur-2","21":"product_tag-distributeur","22":"product_tag-dur-2","23":"product_tag-epais","24":"product_tag-grand","25":"product_tag-japon","26":"product_tag-lignes-dartisanat","27":"product_tag-metaaklei","28":"product_tag-ou","29":"product_tag-plan-de-travail","30":"product_tag-pmc","31":"product_tag-pour","32":"product_tag-projets","33":"product_tag-promethee","34":"product_tag-resistant","35":"product_tag-resistant-a-la-chaleur","36":"product_tag-robuste-2","37":"product_tag-silverclay-co-uk","38":"product_tag-tapis-de-sechage","39":"product_tag-tapis-de-travail","40":"product_tag-teflon","41":"product_tag-tefon","42":"product_tag-tuf","43":"product_tag-tuffcard","44":"product_tag-wermatje","45":"product_shipping_class-standard","47":"first","48":"instock","49":"taxable","50":"shipping-taxable","51":"purchasable","52":"product-type-simple"},"acf":[],"_links":{"self":[{"href":"https:\/\/esquell.eu\/fr\/wp-json\/wp\/v2\/product\/30368","targetHints":{"allow":["GET"]}}],"collection":[{"href":"https:\/\/esquell.eu\/fr\/wp-json\/wp\/v2\/product"}],"about":[{"href":"https:\/\/esquell.eu\/fr\/wp-json\/wp\/v2\/types\/product"}],"replies":[{"embeddable":true,"href":"https:\/\/esquell.eu\/fr\/wp-json\/wp\/v2\/comments?post=30368"}],"wp:featuredmedia":[{"embeddable":true,"href":"https:\/\/esquell.eu\/fr\/wp-json\/wp\/v2\/media\/30375"}],"wp:attachment":[{"href":"https:\/\/esquell.eu\/fr\/wp-json\/wp\/v2\/media?parent=30368"}],"wp:term":[{"taxonomy":"more","embeddable":true,"href":"https:\/\/esquell.eu\/fr\/wp-json\/wp\/v2\/more?post=30368"},{"taxonomy":"product_brand","embeddable":true,"href":"https:\/\/esquell.eu\/fr\/wp-json\/wp\/v2\/product_brand?post=30368"},{"taxonomy":"product_cat","embeddable":true,"href":"https:\/\/esquell.eu\/fr\/wp-json\/wp\/v2\/product_cat?post=30368"},{"taxonomy":"product_tag","embeddable":true,"href":"https:\/\/esquell.eu\/fr\/wp-json\/wp\/v2\/product_tag?post=30368"}],"curies":[{"name":"wp","href":"https:\/\/api.w.org\/{rel}","templated":true}]}}