{"id":30174,"date":"2026-01-19T22:16:55","date_gmt":"2026-01-19T22:16:55","guid":{"rendered":"https:\/\/esquell.eu\/?post_type=product&#038;p=30174"},"modified":"2026-02-04T20:50:46","modified_gmt":"2026-02-04T20:50:46","slug":"cornaline-agate-cabochon-facette-pierre-naturelle-ronde-6-mm-kopie-kopie-kopie","status":"publish","type":"product","link":"https:\/\/esquell.eu\/fr\/produit\/cornaline-agate-cabochon-facette-pierre-naturelle-ronde-6-mm-kopie-kopie-kopie\/","title":{"rendered":"Cabochon \u00e0 facettes Agate fuchsia clair Pierre naturelle ronde \u00e0 fond plat 4 mm"},"content":{"rendered":"<p>Cabochon en pierre naturelle de diff\u00e9rentes tailles<\/p>\n<p>Rond<\/p>\n<p>Fond plat<\/p>\n<p>Dalle de pierre<\/p>\n<p>*Comme il s&rsquo;agit d&rsquo;une pierre naturelle, tous les cabochons sont diff\u00e9rents.<\/p>\n<p><a href=\"https:\/\/esquell.eu\/fr\/categorie-de-produits\/pieces-de-bijoux\/reglements-et-chatons\/\"><u>Vous trouverez ici des couverts et des armoires en argent assortis.<\/u><\/a><\/p>\n<p>Fabriquez vos propres plateaux de composition ?<\/p>\n<p><a href=\"https:\/\/esquell.eu\/?s=zetdraad\"><u>Regardez ici pour le fil de composition<\/u><\/a><\/p>\n<p><u><a href=\"https:\/\/esquell.eu\/fr\/produit\/compose-anti-retrecissement-pour-largile-metallique-argile-dargent-differents-contenus\/\">Regardez ici pour Anti shrinkage compound for<\/a><a href=\"https:\/\/esquell.eu\/fr\/produit\/compose-anti-retrecissement-pour-largile-metallique-argile-dargent-differents-contenus\/\"> m\u00e9tal cl<\/a><a href=\"https:\/\/esquell.eu\/fr\/produit\/compose-anti-retrecissement-pour-largile-metallique-argile-dargent-differents-contenus\/\">ei<\/a><a href=\"https:\/\/esquell.eu\/fr\/produit\/compose-anti-retrecissement-pour-largile-metallique-argile-dargent-differents-contenus\/\"> \/ argile argent\u00e9e<\/a><strong><br \/>\n<\/strong><\/u><\/p>\n<p><a href=\"https:\/\/esquell.eu\/?s=sieradenlijm\">Colle pour bijoux<\/a><\/p>\n<p><a href=\"https:\/\/esquell.eu\/?s=zetstaa\"><u>acier de montage<\/u><\/a><\/p>\n","protected":false},"excerpt":{"rendered":"<p>Cabochon en pierre naturelle de diff\u00e9rentes tailles<\/p>\n<p>Ovale. Fond plat <\/p>\n<p><strong>*Comme il s&rsquo;agit d&rsquo;une pierre naturelle, tous les cabochons pr\u00e9sentent des diff\u00e9rences de couleur et de motif.  <\/strong><\/p>\n<p>Pour la fabrication de bijoux<\/p>\n<p>p\u00eache<\/p>\n<p>facette<\/p>\n","protected":false},"featured_media":30178,"comment_status":"closed","ping_status":"closed","template":"","meta":{"_acf_changed":false,"_seopress_robots_primary_cat":"none","_seopress_titles_title":"","_seopress_titles_desc":"","_seopress_robots_index":""},"more":[],"product_brand":[6953],"product_cat":[12014,11931],"product_tag":[12934,9048,22065,11581,13015,8983,9668,12940,12898,12896,13025,6372,7477,9352,10341,12938,7223,12914,13020,13039,13041,7418,6480,6402,12950,13018,6409,8055,9660,12930,7430,12957,13024,13032,9919,12928,12926,13011,6706,12959,11842,7245,12575,12955,12576,11757,13016,10052,10080,12892,12531,22067,22063,6374,22068,12390,13040,8031,13030,22069,12900,12922,13026,13038,12902,12953,13028,12918,10984,13023,6385,7983,10969,13017,13034,12894,13021,7275,12916,11577,6567,6637,10082,6652,8211,12942,6428,8053,7403,6483,12936,6484,12904,12932,7602,12910,11133,12965,7420,7644,12906,7274,13013,12912,7426,8351,8059,10302,10693,11533,7252,12920,12963,12924,8056,10996,12908,13012,13035,13036,7248,9467,13014,12961],"class_list":{"0":"post-30174","1":"product","2":"type-product","3":"status-publish","4":"has-post-thumbnail","6":"product_brand-925-artisanat","7":"product_cat-cabochons-ronds","8":"product_cat-nouveau","9":"product_tag-23-bijoux","10":"product_tag-agate","11":"product_tag-agate-violette","12":"product_tag-amethyste","13":"product_tag-arizona","14":"product_tag-artclay-argent-2","15":"product_tag-autour-de","16":"product_tag-bague-en-pierre-naturelle","17":"product_tag-bijou-moderne","18":"product_tag-bijoumodern","19":"product_tag-bijoumoederne","20":"product_tag-bijoux","21":"product_tag-bijoux-4","22":"product_tag-bijoux-diy","23":"product_tag-bijoux-en-pierre-naturelle","24":"product_tag-bijoux-en-pierre-naturelle-2","25":"product_tag-bleu","26":"product_tag-bleu-3","27":"product_tag-bleu-vert-2","28":"product_tag-bleuatre","29":"product_tag-bleuatre-2","30":"product_tag-boite-de-reglage","31":"product_tag-boites-de-composition","32":"product_tag-bon-marche","33":"product_tag-boucles-doreilles-en-pierre-naturelle","34":"product_tag-boucles-doreilles-en-pierre-naturelle-2","35":"product_tag-bricolage","36":"product_tag-broche","37":"product_tag-brun","38":"product_tag-brun-2","39":"product_tag-cabochon","40":"product_tag-cabochons-en-pierre-naturelle","41":"product_tag-cabouchon","42":"product_tag-chrysoprase-2","43":"product_tag-colle","44":"product_tag-colle-a-cabochon","45":"product_tag-colle-pour-pierres-precieuses","46":"product_tag-colore","47":"product_tag-commerce-de-gros","48":"product_tag-cornaline","49":"product_tag-couleur","50":"product_tag-couleurs","51":"product_tag-couronnement","52":"product_tag-denim","53":"product_tag-dents","54":"product_tag-doux","55":"product_tag-equitable","56":"product_tag-fabrication","57":"product_tag-fabrication-de-bijoux-2","58":"product_tag-fabriquez-vos-propres-bijoux","59":"product_tag-facette","60":"product_tag-facette-2","61":"product_tag-faillite","62":"product_tag-faire","63":"product_tag-fichsia","64":"product_tag-fil-de-reglage","65":"product_tag-foire-aux-mineraux","66":"product_tag-fournitures-pour-bijoux","67":"product_tag-fournitures-pour-la-fabrication-de-bijoux-2","68":"product_tag-fuchsia","69":"product_tag-giethoorn","70":"product_tag-guerison","71":"product_tag-hommes-2","72":"product_tag-lenfer","73":"product_tag-lapis","74":"product_tag-lapislazuli","75":"product_tag-laval-2","76":"product_tag-lazuli","77":"product_tag-lilas","78":"product_tag-lolite-2","79":"product_tag-lumiere","80":"product_tag-lumiere-2","81":"product_tag-lumiere-3","82":"product_tag-lumineux","83":"product_tag-menthe-2","84":"product_tag-messieurs-et-mesdames","85":"product_tag-mineraux","86":"product_tag-moitie","87":"product_tag-mtn","88":"product_tag-oeil-de-tigre","89":"product_tag-offrir","90":"product_tag-orfevre","91":"product_tag-orfevre-3","92":"product_tag-orfevres","93":"product_tag-pate-2","94":"product_tag-pendentif-en-pierre-naturelle","95":"product_tag-pierre","96":"product_tag-pierre-3","97":"product_tag-pierre-de-taille","98":"product_tag-pierre-naturelle","99":"product_tag-pierre-naturelle-cabochon-2","100":"product_tag-pierre-precieuse","101":"product_tag-pierre-semi-precieuse","102":"product_tag-pierres-dagate","103":"product_tag-pierres-precieuses","104":"product_tag-pierres-precieuses-3","105":"product_tag-pierres-semi-precieuses","106":"product_tag-plaque","107":"product_tag-plateau-de-brassage","108":"product_tag-poli","109":"product_tag-poli-2","110":"product_tag-pourpre","111":"product_tag-pourpre-2","112":"product_tag-proprietes","113":"product_tag-reglage","114":"product_tag-reglage-2","115":"product_tag-reglage-des-griffes","116":"product_tag-rijswijk","117":"product_tag-ronde","118":"product_tag-rose-3","119":"product_tag-rouge","120":"product_tag-rouge-3","121":"product_tag-rouge-fonce","122":"product_tag-sens","123":"product_tag-sertissage","124":"product_tag-strass-4","125":"product_tag-strass-5","126":"product_tag-turquoise","127":"product_tag-verdatre","128":"product_tag-verdatre-2","129":"product_tag-vert","130":"product_tag-vert-2","131":"product_tag-vert-3","132":"product_tag-vin-rouge","133":"pa_afmeting-1014-mm","134":"pa_afmeting-1318-mm","135":"pa_afmeting-1520mm","136":"pa_afmeting-1825-mm","137":"pa_afmeting-2030-mm","138":"pa_afmeting-2230mm","139":"pa_afmeting-3040mm","140":"pa_afmeting-46-mm","141":"pa_afmeting-4mm","142":"pa_afmeting-5mm","143":"pa_afmeting-68-mm","144":"pa_afmeting-6mm","145":"pa_afmeting-79-mm","146":"pa_afmeting-810-mm","147":"pa_afmeting-8mm","149":"first","150":"instock","151":"taxable","152":"shipping-taxable","153":"purchasable","154":"product-type-simple"},"acf":[],"_links":{"self":[{"href":"https:\/\/esquell.eu\/fr\/wp-json\/wp\/v2\/product\/30174","targetHints":{"allow":["GET"]}}],"collection":[{"href":"https:\/\/esquell.eu\/fr\/wp-json\/wp\/v2\/product"}],"about":[{"href":"https:\/\/esquell.eu\/fr\/wp-json\/wp\/v2\/types\/product"}],"replies":[{"embeddable":true,"href":"https:\/\/esquell.eu\/fr\/wp-json\/wp\/v2\/comments?post=30174"}],"wp:featuredmedia":[{"embeddable":true,"href":"https:\/\/esquell.eu\/fr\/wp-json\/wp\/v2\/media\/30178"}],"wp:attachment":[{"href":"https:\/\/esquell.eu\/fr\/wp-json\/wp\/v2\/media?parent=30174"}],"wp:term":[{"taxonomy":"more","embeddable":true,"href":"https:\/\/esquell.eu\/fr\/wp-json\/wp\/v2\/more?post=30174"},{"taxonomy":"product_brand","embeddable":true,"href":"https:\/\/esquell.eu\/fr\/wp-json\/wp\/v2\/product_brand?post=30174"},{"taxonomy":"product_cat","embeddable":true,"href":"https:\/\/esquell.eu\/fr\/wp-json\/wp\/v2\/product_cat?post=30174"},{"taxonomy":"product_tag","embeddable":true,"href":"https:\/\/esquell.eu\/fr\/wp-json\/wp\/v2\/product_tag?post=30174"}],"curies":[{"name":"wp","href":"https:\/\/api.w.org\/{rel}","templated":true}]}}