{"id":29888,"date":"2026-01-18T00:32:54","date_gmt":"2026-01-18T00:32:54","guid":{"rendered":"https:\/\/esquell.eu\/?post_type=product&#038;p=29888"},"modified":"2026-02-14T10:08:54","modified_gmt":"2026-02-14T10:08:54","slug":"zirconia-aaaaa-trillion-diverses-tailles-rose-staff-discount-kopie","status":"publish","type":"product","link":"https:\/\/esquell.eu\/fr\/produit\/zirconia-aaaaa-trillion-diverses-tailles-rose-staff-discount-kopie\/","title":{"rendered":"Zirconia AAAAA Heart Various sizes Pink STAFF DISCOUNT"},"content":{"rendered":"<p><strong>Note : Remise suppl\u00e9mentaire en cas de commande de plusieurs pi\u00e8ces<\/strong><\/p>\n<p>Zircone \/ Zircone cubique \/ Pierre CZ.<br \/>\nHaute qualit\u00e9 5xA. R\u00e9sistant \u00e0 la chaleur. <\/p>\n<p>Convient \u00e0 la cuisson directe dans l&rsquo;argile argent\u00e9e.<\/p>\n<p>Convient \u00e9galement \u00e0 la co-cuisson dans l&rsquo;argile de bronze ou de cuivre. Dans l&rsquo;argile cuivre ou bronze, la pierre peut \u00eatre cuite pendant 4 heures dans du charbon actif \u00e0 820 degr\u00e9s. <\/p>\n<p>Au lieu de la co-cuisson, les pierres peuvent \u00e9galement \u00eatre ajout\u00e9es apr\u00e8s la cuisson. Par exemple, \u00e0 l&rsquo;aide d&rsquo;un setter ou de chatons. <\/p>\n<p>Ces briques peuvent \u00eatre cuites au four, avec une torche ou un br\u00fbleur manuel ou sur une cuisini\u00e8re \u00e0 gaz. Les briques ont \u00e9t\u00e9 test\u00e9es pendant 30 minutes \u00e0 850\u00b0C. <\/p>\n<p>Remarque : ne pas refroidir dans l&rsquo;eau. Les galets se fissurent, deviennent mats, changent de couleur en raison de la grande diff\u00e9rence de temp\u00e9rature. <\/p>\n<p>Les briques plus grandes doivent de pr\u00e9f\u00e9rence \u00eatre cuites au four. Placez-les dans un four froid et laissez-les refroidir \u00e0 temp\u00e9rature ambiante apr\u00e8s la cuisson. <\/p>\n","protected":false},"excerpt":{"rendered":"<p><strong>Note : Remise suppl\u00e9mentaire en cas de commande de plusieurs pi\u00e8ces<\/strong><\/p>\n<p>Zircone \/ Zircone cubique \/ Pierre CZ.<br \/>\nHaute qualit\u00e9 5xA. R\u00e9sistant \u00e0 la chaleur. <\/p>\n<p>&nbsp;<\/p>\n<p>Zircone \/ Zircone cubique \/ Pierre CZ.<br \/>\nHaute qualit\u00e9 5xA. R\u00e9sistant \u00e0 la chaleur. <\/p>\n<p>Convient \u00e0 la cuisson directe dans l&rsquo;argile argent\u00e9e.<\/p>\n<p>Convient \u00e9galement \u00e0 la co-cuisson dans l&rsquo;argile de bronze ou de cuivre. Dans l&rsquo;argile cuivre ou bronze, la pierre peut \u00eatre cuite pendant 4 heures dans du charbon actif \u00e0 820 degr\u00e9s. <\/p>\n","protected":false},"featured_media":29905,"comment_status":"closed","ping_status":"closed","template":"","meta":{"_acf_changed":false,"_seopress_robots_primary_cat":"none","_seopress_titles_title":"","_seopress_titles_desc":"","_seopress_robots_index":""},"more":[],"product_brand":[6398],"product_cat":[22117,11931,22038],"product_tag":[11988,9296,9299,9303,7664,9987,12038,12573,9989,7760,6386,12032,6638,6404,6378,6390,13147,6372,6642,7191,7223,7418,6402,6641,6389,6796,6409,13135,9385,11090,11318,8057,11561,7188,9480,13149,13151,6649,6706,11842,7245,13146,11026,13131,15359,8318,9997,6486,6743,9384,22040,6647,12531,6374,10110,6481,9392,13119,6381,7255,9459,6403,13124,15340,6559,6478,7681,6640,7398,13156,6567,13128,6652,6643,12000,6710,7279,8053,13127,13121,13139,7420,7644,13013,13125,13126,7426,13122,15529,13118,13120,13137,7258,9454,11533,7252,13143,13130,13123,15333,13141,7266,7055,10802,7248,9467,7264,6408,13159,13129,13145,6482,7604],"class_list":{"0":"post-29888","1":"product","2":"type-product","3":"status-publish","4":"has-post-thumbnail","6":"product_brand-l1","7":"product_cat-coeur","8":"product_cat-nouveau","9":"product_cat-zircone-en-forme-de-coeur","10":"product_tag-11988","11":"product_tag-9296","12":"product_tag-9299","13":"product_tag-9303","14":"product_tag-7664","15":"product_tag-5xa","16":"product_tag-12038","17":"product_tag-a-6","18":"product_tag-aaaaa","19":"product_tag-achats-2","20":"product_tag-aida","21":"product_tag-ambre-2","22":"product_tag-anneaux","23":"product_tag-argile-argentee","24":"product_tag-argile-metallique","25":"product_tag-argile-metallique-2","26":"product_tag-beaucoup","27":"product_tag-bijoux","28":"product_tag-bijoux-2","29":"product_tag-blanc-2","30":"product_tag-bleu","31":"product_tag-boite-de-reglage","32":"product_tag-bon-marche","33":"product_tag-boucles-doreilles","34":"product_tag-boutique-en-ligne","35":"product_tag-boutique-en-ligne-2","36":"product_tag-bricolage","37":"product_tag-brillant-4","38":"product_tag-carre","39":"product_tag-carre-3","40":"product_tag-chaleur","41":"product_tag-chaton","42":"product_tag-chute-2","43":"product_tag-clair","44":"product_tag-clair-2","45":"product_tag-colliers","46":"product_tag-collor","47":"product_tag-commande","48":"product_tag-commerce-de-gros","49":"product_tag-couleur","50":"product_tag-couleurs","51":"product_tag-couper-4","52":"product_tag-cubique","53":"product_tag-cubique-2","54":"product_tag-cubique-3","55":"product_tag-cz","56":"product_tag-daimond","57":"product_tag-diamant","58":"product_tag-distributeur","59":"product_tag-divers","60":"product_tag-en-forme-de-coeur","61":"product_tag-en-ligne","62":"product_tag-facette","63":"product_tag-faire","64":"product_tag-fait","65":"product_tag-galets","66":"product_tag-gamme","67":"product_tag-grand-2","68":"product_tag-japon","69":"product_tag-jaune","70":"product_tag-jaune-2","71":"product_tag-lor","72":"product_tag-laboratoire","73":"product_tag-laboratoire-2","74":"product_tag-lignes-dartisanat","75":"product_tag-lunette","76":"product_tag-magasin-de-perles","77":"product_tag-maison","78":"product_tag-mettre","79":"product_tag-mulit","80":"product_tag-offrir","81":"product_tag-olive","82":"product_tag-orfevres","83":"product_tag-ou","84":"product_tag-ovale-2","85":"product_tag-pendentifs","86":"product_tag-pierre-2","87":"product_tag-pierre-3","88":"product_tag-pierre-precieuse-2","89":"product_tag-pierres","90":"product_tag-pierres-precieuses-4","91":"product_tag-plateau-de-brassage","92":"product_tag-poli","93":"product_tag-pourpre-2","94":"product_tag-pyramide","95":"product_tag-qui","96":"product_tag-reglage","97":"product_tag-resistant-a-la-chaleur","98":"product_tag-resistant-a-la-chaleur-2","99":"product_tag-rio","100":"product_tag-riogrande","101":"product_tag-rond-poli","102":"product_tag-rose","103":"product_tag-rose-2","104":"product_tag-rose-3","105":"product_tag-rouge","106":"product_tag-saphir","107":"product_tag-swarofski","108":"product_tag-synthetique-2","109":"product_tag-synthetique-3","110":"product_tag-temperature","111":"product_tag-transparent","112":"product_tag-verre","113":"product_tag-verre-2","114":"product_tag-vert","115":"product_tag-vert-2","116":"product_tag-violet","117":"product_tag-vous","118":"product_tag-x","119":"product_tag-zc","120":"product_tag-zircon","121":"product_tag-zircone","122":"product_tag-zircone-2","123":"product_shipping_class-standard","124":"pa_afmeting-44-mm","125":"pa_afmeting-66-mm","126":"pa_afmeting-88-mm","128":"first","129":"instock","130":"taxable","131":"shipping-taxable","132":"purchasable","133":"product-type-variable"},"acf":[],"_links":{"self":[{"href":"https:\/\/esquell.eu\/fr\/wp-json\/wp\/v2\/product\/29888","targetHints":{"allow":["GET"]}}],"collection":[{"href":"https:\/\/esquell.eu\/fr\/wp-json\/wp\/v2\/product"}],"about":[{"href":"https:\/\/esquell.eu\/fr\/wp-json\/wp\/v2\/types\/product"}],"replies":[{"embeddable":true,"href":"https:\/\/esquell.eu\/fr\/wp-json\/wp\/v2\/comments?post=29888"}],"wp:featuredmedia":[{"embeddable":true,"href":"https:\/\/esquell.eu\/fr\/wp-json\/wp\/v2\/media\/29905"}],"wp:attachment":[{"href":"https:\/\/esquell.eu\/fr\/wp-json\/wp\/v2\/media?parent=29888"}],"wp:term":[{"taxonomy":"more","embeddable":true,"href":"https:\/\/esquell.eu\/fr\/wp-json\/wp\/v2\/more?post=29888"},{"taxonomy":"product_brand","embeddable":true,"href":"https:\/\/esquell.eu\/fr\/wp-json\/wp\/v2\/product_brand?post=29888"},{"taxonomy":"product_cat","embeddable":true,"href":"https:\/\/esquell.eu\/fr\/wp-json\/wp\/v2\/product_cat?post=29888"},{"taxonomy":"product_tag","embeddable":true,"href":"https:\/\/esquell.eu\/fr\/wp-json\/wp\/v2\/product_tag?post=29888"}],"curies":[{"name":"wp","href":"https:\/\/api.w.org\/{rel}","templated":true}]}}