{"id":29868,"date":"2026-01-17T04:17:44","date_gmt":"2026-01-17T04:17:44","guid":{"rendered":"https:\/\/esquell.eu\/product\/perleuse-pour-la-fabrication-de-perles-a-partir-dargile-metallique\/"},"modified":"2026-01-17T04:17:44","modified_gmt":"2026-01-17T04:17:44","slug":"perleuse-pour-la-fabrication-de-perles-a-partir-dargile-metallique","status":"publish","type":"product","link":"https:\/\/esquell.eu\/fr\/produit\/perleuse-pour-la-fabrication-de-perles-a-partir-dargile-metallique\/","title":{"rendered":"Perleuse pour la fabrication de perles \u00e0 partir d&rsquo;argile m\u00e9tallique"},"content":{"rendered":"<p>Bloc pour la fabrication de perles en argile m\u00e9tallique comme l&rsquo;argile argent\u00e9e, l&rsquo;argile bronze, l&rsquo;argile cuivre et d&rsquo;autres types d&rsquo;argile.<\/p>\n<p>Pour les perles d&rsquo;un diam\u00e8tre de 4 mm, 6 mm et 8 mm<\/p>\n<p>Facile \u00e0 utiliser<\/p>\n<p>Des perles d&rsquo;une belle r\u00e9gularit\u00e9 et d&rsquo;une taille constante.<\/p>\n","protected":false},"excerpt":{"rendered":"<p>Bloc pour la fabrication de perles en argile m\u00e9tallique comme l&rsquo;argile argent\u00e9e, l&rsquo;argile bronze, l&rsquo;argile cuivre et d&rsquo;autres types d&rsquo;argile. Pour les perles d&rsquo;un diam\u00e8tre de 4 mm, 6 mm et 8 mm Facile \u00e0 utiliser Des perles d&rsquo;une belle r\u00e9gularit\u00e9 et d&rsquo;une taille constante.<\/p>\n","protected":false},"featured_media":29818,"comment_status":"closed","ping_status":"closed","template":"","meta":{"_acf_changed":false,"_seopress_robots_primary_cat":"none","_seopress_titles_title":"","_seopress_titles_desc":"","_seopress_robots_index":""},"more":[],"product_brand":[6398],"product_cat":[7504,6364,15643,11931],"product_tag":[6404,6420,7028,6378,6423,6374,6966,8009,7319],"class_list":{"0":"post-29868","1":"product","2":"type-product","3":"status-publish","4":"has-post-thumbnail","6":"product_brand-l1","7":"product_cat-argile","8":"product_cat-materiel-supplementaire","9":"product_cat-moules","10":"product_cat-nouveau","11":"product_tag-argile-argentee","12":"product_tag-argile-bronze","13":"product_tag-argile-cuivreuse","14":"product_tag-argile-metallique","15":"product_tag-de","16":"product_tag-faire","17":"product_tag-perles-2","18":"product_tag-perles-3","19":"product_tag-points","21":"first","22":"outofstock","23":"taxable","24":"shipping-taxable","25":"purchasable","26":"product-type-simple"},"acf":[],"_links":{"self":[{"href":"https:\/\/esquell.eu\/fr\/wp-json\/wp\/v2\/product\/29868","targetHints":{"allow":["GET"]}}],"collection":[{"href":"https:\/\/esquell.eu\/fr\/wp-json\/wp\/v2\/product"}],"about":[{"href":"https:\/\/esquell.eu\/fr\/wp-json\/wp\/v2\/types\/product"}],"replies":[{"embeddable":true,"href":"https:\/\/esquell.eu\/fr\/wp-json\/wp\/v2\/comments?post=29868"}],"wp:featuredmedia":[{"embeddable":true,"href":"https:\/\/esquell.eu\/fr\/wp-json\/wp\/v2\/media\/29818"}],"wp:attachment":[{"href":"https:\/\/esquell.eu\/fr\/wp-json\/wp\/v2\/media?parent=29868"}],"wp:term":[{"taxonomy":"more","embeddable":true,"href":"https:\/\/esquell.eu\/fr\/wp-json\/wp\/v2\/more?post=29868"},{"taxonomy":"product_brand","embeddable":true,"href":"https:\/\/esquell.eu\/fr\/wp-json\/wp\/v2\/product_brand?post=29868"},{"taxonomy":"product_cat","embeddable":true,"href":"https:\/\/esquell.eu\/fr\/wp-json\/wp\/v2\/product_cat?post=29868"},{"taxonomy":"product_tag","embeddable":true,"href":"https:\/\/esquell.eu\/fr\/wp-json\/wp\/v2\/product_tag?post=29868"}],"curies":[{"name":"wp","href":"https:\/\/api.w.org\/{rel}","templated":true}]}}