{"id":29859,"date":"2026-01-14T10:49:31","date_gmt":"2026-01-14T10:49:31","guid":{"rendered":"https:\/\/esquell.eu\/product\/charnieres-charnieres-argent-sterling-925-differentes-tailles\/"},"modified":"2026-01-14T10:49:31","modified_gmt":"2026-01-14T10:49:31","slug":"charnieres-charnieres-argent-sterling-925-differentes-tailles","status":"publish","type":"product","link":"https:\/\/esquell.eu\/fr\/produit\/charnieres-charnieres-argent-sterling-925-differentes-tailles\/","title":{"rendered":"Charni\u00e8res Charni\u00e8res. Argent sterling 925 Diff\u00e9rentes tailles."},"content":{"rendered":"<p>Charni\u00e8res de diff\u00e9rentes tailles<\/p>\n<p>Argent sterling, argent fin 925.<\/p>\n<p>Pour la fabrication de bijoux.<\/p>\n","protected":false},"excerpt":{"rendered":"<p>Charni\u00e8res de diff\u00e9rentes tailles Argent sterling, argent fin 925. Pour la fabrication de bijoux.<\/p>\n","protected":false},"featured_media":29686,"comment_status":"closed","ping_status":"closed","template":"","meta":{"_acf_changed":false,"_seopress_robots_primary_cat":"none","_seopress_titles_title":"","_seopress_titles_desc":"","_seopress_robots_index":""},"more":[],"product_brand":[6363],"product_cat":[12767,12511,11931],"product_tag":[],"class_list":{"0":"post-29859","1":"product","2":"type-product","3":"status-publish","4":"has-post-thumbnail","6":"product_brand-bm","7":"product_cat-argent","8":"product_cat-broches-et-pieces","9":"product_cat-nouveau","11":"first","12":"instock","13":"taxable","14":"shipping-taxable","15":"purchasable","16":"product-type-variable"},"acf":[],"_links":{"self":[{"href":"https:\/\/esquell.eu\/fr\/wp-json\/wp\/v2\/product\/29859","targetHints":{"allow":["GET"]}}],"collection":[{"href":"https:\/\/esquell.eu\/fr\/wp-json\/wp\/v2\/product"}],"about":[{"href":"https:\/\/esquell.eu\/fr\/wp-json\/wp\/v2\/types\/product"}],"replies":[{"embeddable":true,"href":"https:\/\/esquell.eu\/fr\/wp-json\/wp\/v2\/comments?post=29859"}],"wp:featuredmedia":[{"embeddable":true,"href":"https:\/\/esquell.eu\/fr\/wp-json\/wp\/v2\/media\/29686"}],"wp:attachment":[{"href":"https:\/\/esquell.eu\/fr\/wp-json\/wp\/v2\/media?parent=29859"}],"wp:term":[{"taxonomy":"more","embeddable":true,"href":"https:\/\/esquell.eu\/fr\/wp-json\/wp\/v2\/more?post=29859"},{"taxonomy":"product_brand","embeddable":true,"href":"https:\/\/esquell.eu\/fr\/wp-json\/wp\/v2\/product_brand?post=29859"},{"taxonomy":"product_cat","embeddable":true,"href":"https:\/\/esquell.eu\/fr\/wp-json\/wp\/v2\/product_cat?post=29859"},{"taxonomy":"product_tag","embeddable":true,"href":"https:\/\/esquell.eu\/fr\/wp-json\/wp\/v2\/product_tag?post=29859"}],"curies":[{"name":"wp","href":"https:\/\/api.w.org\/{rel}","templated":true}]}}