{"id":29852,"date":"2026-01-17T04:05:11","date_gmt":"2026-01-17T04:05:11","guid":{"rendered":"https:\/\/esquell.eu\/product\/feuilles-dacetate-resistantes-a-la-chaleur-pour-la-reprise-des-cartouches-a-laide-dun-pulverisateur-dune-seringue-10-feuilles\/"},"modified":"2026-01-17T04:05:11","modified_gmt":"2026-01-17T04:05:11","slug":"feuilles-dacetate-resistantes-a-la-chaleur-pour-la-reprise-des-cartouches-a-laide-dun-pulverisateur-dune-seringue-10-feuilles","status":"publish","type":"product","link":"https:\/\/esquell.eu\/fr\/produit\/feuilles-dacetate-resistantes-a-la-chaleur-pour-la-reprise-des-cartouches-a-laide-dun-pulverisateur-dune-seringue-10-feuilles\/","title":{"rendered":"Feuilles d&rsquo;ac\u00e9tate r\u00e9sistantes \u00e0 la chaleur pour la reprise des cartouches \u00e0 l&rsquo;aide d&rsquo;un pulv\u00e9risateur \/ d&rsquo;une seringue. 10 feuilles"},"content":{"rendered":"<div data-subtree=\"aimfl,mfl\">Feuilles d&rsquo;ac\u00e9tate r\u00e9sistantes \u00e0 la chaleur.<\/div>\n<div data-subtree=\"aimfl,mfl\">Taille de la feuille 11*16 cm<\/div>\n<div data-subtree=\"aimfl,mfl\">Emball\u00e9 par 10 feuilles<\/div>\n<div data-subtree=\"aimfl,mfl\">Feuilles plastiques transparentes et robustes en ac\u00e9tate de cellulose.<\/div>\n<div data-subtree=\"aimfl,mfl\">Id\u00e9al pour copier des motifs avec de la p\u00e2te \u00e0 modeler.<\/div>\n<div data-subtree=\"aimfl,mfl\">Vous pouvez travailler directement avec de l&rsquo;argile en spray et placer ensuite le transparent avec le motif en spray sur une plaque de s\u00e9chage.<\/div>\n<div data-subtree=\"aimfl,mfl\">Les plaques transparentes r\u00e9sistent \u00e0 la chaleur jusqu&rsquo;\u00e0 environ 200 degr\u00e9s Celsius.<\/div>\n<div data-subtree=\"aimfl,mfl\">Chaque feuille peut \u00eatre utilis\u00e9e plusieurs fois.<\/div>\n<p>&nbsp;<\/p>\n","protected":false},"excerpt":{"rendered":"<p>Feuilles d&rsquo;ac\u00e9tate r\u00e9sistantes \u00e0 la chaleur. Taille de la feuille 11*16 cm Emball\u00e9 par 10 feuilles Feuilles plastiques transparentes et robustes en ac\u00e9tate de cellulose. Id\u00e9al pour copier des motifs avec de la p\u00e2te \u00e0 modeler. Vous pouvez travailler directement avec de l&rsquo;argile en spray et placer ensuite le transparent avec le motif en spray&#8230;<\/p>\n","protected":false},"featured_media":29806,"comment_status":"closed","ping_status":"closed","template":"","meta":{"_acf_changed":false,"_seopress_robots_primary_cat":"none","_seopress_titles_title":"","_seopress_titles_desc":"","_seopress_robots_index":""},"more":[],"product_brand":[6398],"product_cat":[6364,11931],"product_tag":[21943,6372,11318,6374,21939,15026,7506,21941,21940,13122,15529,6782,7266],"class_list":{"0":"post-29852","1":"product","2":"type-product","3":"status-publish","4":"has-post-thumbnail","6":"product_brand-l1","7":"product_cat-materiel-supplementaire","8":"product_cat-nouveau","9":"product_tag-acetate","10":"product_tag-bijoux","11":"product_tag-chaleur","12":"product_tag-faire","13":"product_tag-feuille-6","14":"product_tag-modeles-2","15":"product_tag-pour","16":"product_tag-pour-largile-en-spray","17":"product_tag-prendre-le-controle","18":"product_tag-resistant-a-la-chaleur","19":"product_tag-resistant-a-la-chaleur-2","20":"product_tag-seringue","21":"product_tag-transparent","23":"first","24":"outofstock","25":"taxable","26":"shipping-taxable","27":"purchasable","28":"product-type-simple"},"acf":[],"_links":{"self":[{"href":"https:\/\/esquell.eu\/fr\/wp-json\/wp\/v2\/product\/29852","targetHints":{"allow":["GET"]}}],"collection":[{"href":"https:\/\/esquell.eu\/fr\/wp-json\/wp\/v2\/product"}],"about":[{"href":"https:\/\/esquell.eu\/fr\/wp-json\/wp\/v2\/types\/product"}],"replies":[{"embeddable":true,"href":"https:\/\/esquell.eu\/fr\/wp-json\/wp\/v2\/comments?post=29852"}],"wp:featuredmedia":[{"embeddable":true,"href":"https:\/\/esquell.eu\/fr\/wp-json\/wp\/v2\/media\/29806"}],"wp:attachment":[{"href":"https:\/\/esquell.eu\/fr\/wp-json\/wp\/v2\/media?parent=29852"}],"wp:term":[{"taxonomy":"more","embeddable":true,"href":"https:\/\/esquell.eu\/fr\/wp-json\/wp\/v2\/more?post=29852"},{"taxonomy":"product_brand","embeddable":true,"href":"https:\/\/esquell.eu\/fr\/wp-json\/wp\/v2\/product_brand?post=29852"},{"taxonomy":"product_cat","embeddable":true,"href":"https:\/\/esquell.eu\/fr\/wp-json\/wp\/v2\/product_cat?post=29852"},{"taxonomy":"product_tag","embeddable":true,"href":"https:\/\/esquell.eu\/fr\/wp-json\/wp\/v2\/product_tag?post=29852"}],"curies":[{"name":"wp","href":"https:\/\/api.w.org\/{rel}","templated":true}]}}