{"id":29829,"date":"2026-01-17T04:32:51","date_gmt":"2026-01-17T04:32:51","guid":{"rendered":"https:\/\/esquell.eu\/product\/mini-cutters-fleurs-superposees-petales-pointus\/"},"modified":"2026-01-17T04:32:51","modified_gmt":"2026-01-17T04:32:51","slug":"mini-cutters-fleurs-superposees-petales-pointus","status":"publish","type":"product","link":"https:\/\/esquell.eu\/fr\/produit\/mini-cutters-fleurs-superposees-petales-pointus\/","title":{"rendered":"Mini cutters fleurs superpos\u00e9es. p\u00e9tales pointus"},"content":{"rendered":"<p>R\u00e9alisez facilement des fleurs en 3D avec ces mini d\u00e9coupoirs<\/p>\n<p>Dimensions du couteau entier 5,6* 2,75 cm<\/p>\n<p>A titre indicatif. Lorsque les fleurs en argile sont cuites, elles ont un diam\u00e8tre d&rsquo;environ 2 cm. <\/p>\n<p>Vous pouvez ou non choisir des textures dans l&rsquo;argile, toutes sortes de variations sont possibles,<\/p>\n<p>Une fleur n\u00e9cessite environ 4 grammes d&rsquo;argile argent\u00e9e.<\/p>\n<p>Etalez l&rsquo;argile sur des lattes de 1 mm.<\/p>\n<p>&nbsp;<\/p>\n","protected":false},"excerpt":{"rendered":"<p>R\u00e9alisez facilement des fleurs en 3D avec ces mini d\u00e9coupoirs<\/p>\n<p>Dimensions du couteau entier 5,6* 2,75 cm<\/p>\n<p>A titre indicatif. Lorsque les fleurs en argile sont cuites, elles ont un diam\u00e8tre d&rsquo;environ 2 cm. <\/p>\n<p>Vous pouvez ou non choisir des textures dans l&rsquo;argile, toutes sortes de variations sont possibles,<\/p>\n<p>Une fleur n\u00e9cessite environ 4 grammes d&rsquo;argile argent\u00e9e.<\/p>\n<p>Etalez l&rsquo;argile sur des lattes de 1 mm.<\/p>\n","protected":false},"featured_media":29814,"comment_status":"closed","ping_status":"closed","template":"","meta":{"_acf_changed":false,"_seopress_robots_primary_cat":"none","_seopress_titles_title":"","_seopress_titles_desc":"","_seopress_robots_index":""},"more":[],"product_brand":[6398],"product_cat":[7504,6808,6364,11931],"product_tag":[8441,6388,6404,6420,7028,6378,15021,6372,6641,6823,6423,18471,6374,18301,6821,6774,8009,6966,7933,7319,7506,20968],"class_list":{"0":"post-29829","1":"product","2":"type-product","3":"status-publish","4":"has-post-thumbnail","6":"product_brand-l1","7":"product_cat-argile","8":"product_cat-couteaux-pour-largile","9":"product_cat-materiel-supplementaire","10":"product_cat-nouveau","11":"product_tag-3d","12":"product_tag-argile","13":"product_tag-argile-argentee","14":"product_tag-argile-bronze","15":"product_tag-argile-cuivreuse","16":"product_tag-argile-metallique","17":"product_tag-argiles","18":"product_tag-bijoux","19":"product_tag-boucles-doreilles","20":"product_tag-cutter","21":"product_tag-de","22":"product_tag-decoration","23":"product_tag-faire","24":"product_tag-fleur-3","25":"product_tag-mini","26":"product_tag-pendentif","27":"product_tag-perles-3","28":"product_tag-perles-2","29":"product_tag-petit-2","30":"product_tag-points","31":"product_tag-pour","32":"product_tag-rouleaux-2","34":"first","35":"instock","36":"taxable","37":"shipping-taxable","38":"purchasable","39":"product-type-simple"},"acf":[],"_links":{"self":[{"href":"https:\/\/esquell.eu\/fr\/wp-json\/wp\/v2\/product\/29829","targetHints":{"allow":["GET"]}}],"collection":[{"href":"https:\/\/esquell.eu\/fr\/wp-json\/wp\/v2\/product"}],"about":[{"href":"https:\/\/esquell.eu\/fr\/wp-json\/wp\/v2\/types\/product"}],"replies":[{"embeddable":true,"href":"https:\/\/esquell.eu\/fr\/wp-json\/wp\/v2\/comments?post=29829"}],"wp:featuredmedia":[{"embeddable":true,"href":"https:\/\/esquell.eu\/fr\/wp-json\/wp\/v2\/media\/29814"}],"wp:attachment":[{"href":"https:\/\/esquell.eu\/fr\/wp-json\/wp\/v2\/media?parent=29829"}],"wp:term":[{"taxonomy":"more","embeddable":true,"href":"https:\/\/esquell.eu\/fr\/wp-json\/wp\/v2\/more?post=29829"},{"taxonomy":"product_brand","embeddable":true,"href":"https:\/\/esquell.eu\/fr\/wp-json\/wp\/v2\/product_brand?post=29829"},{"taxonomy":"product_cat","embeddable":true,"href":"https:\/\/esquell.eu\/fr\/wp-json\/wp\/v2\/product_cat?post=29829"},{"taxonomy":"product_tag","embeddable":true,"href":"https:\/\/esquell.eu\/fr\/wp-json\/wp\/v2\/product_tag?post=29829"}],"curies":[{"name":"wp","href":"https:\/\/api.w.org\/{rel}","templated":true}]}}