{"id":29822,"date":"2026-01-17T04:18:44","date_gmt":"2026-01-17T04:18:44","guid":{"rendered":"https:\/\/esquell.eu\/product\/rouleau-a-billes-pour-largile-metallique\/"},"modified":"2026-01-17T04:18:44","modified_gmt":"2026-01-17T04:18:44","slug":"rouleau-a-billes-pour-largile-metallique","status":"publish","type":"product","link":"https:\/\/esquell.eu\/fr\/produit\/rouleau-a-billes-pour-largile-metallique\/","title":{"rendered":"Rouleau \u00e0 billes pour l&rsquo;argile m\u00e9tallique"},"content":{"rendered":"<p>Avec ces cubes, vous pouvez facilement rouler de petites boules r\u00e9guli\u00e8res et joliment rondes que vous pouvez utiliser pour d\u00e9corer et embellir un projet en argile m\u00e9tallique (ou autre argile).<\/p>\n<p>En coupant d&rsquo;abord avec les cubes carr\u00e9s, les boules deviennent toutes de la m\u00eame taille.<\/p>\n","protected":false},"excerpt":{"rendered":"<p>Avec ces cubes, vous pouvez facilement rouler de petites boules r\u00e9guli\u00e8res et joliment rondes que vous pouvez utiliser pour d\u00e9corer et embellir un projet en argile m\u00e9tallique (ou autre argile). En coupant d&rsquo;abord avec les cubes carr\u00e9s, les boules deviennent toutes de la m\u00eame taille.<\/p>\n","protected":false},"featured_media":29826,"comment_status":"closed","ping_status":"closed","template":"","meta":{"_acf_changed":false,"_seopress_robots_primary_cat":"none","_seopress_titles_title":"","_seopress_titles_desc":"","_seopress_robots_index":""},"more":[],"product_brand":[6398],"product_cat":[7504,6364,15643,11931],"product_tag":[6388,6404,6420,7028,6378,15021,6372,6423,18471,6374,6966,8009,7933,7319,7506,20968],"class_list":{"0":"post-29822","1":"product","2":"type-product","3":"status-publish","4":"has-post-thumbnail","6":"product_brand-l1","7":"product_cat-argile","8":"product_cat-materiel-supplementaire","9":"product_cat-moules","10":"product_cat-nouveau","11":"product_tag-argile","12":"product_tag-argile-argentee","13":"product_tag-argile-bronze","14":"product_tag-argile-cuivreuse","15":"product_tag-argile-metallique","16":"product_tag-argiles","17":"product_tag-bijoux","18":"product_tag-de","19":"product_tag-decoration","20":"product_tag-faire","21":"product_tag-perles-2","22":"product_tag-perles-3","23":"product_tag-petit-2","24":"product_tag-points","25":"product_tag-pour","26":"product_tag-rouleaux-2","28":"first","29":"instock","30":"taxable","31":"shipping-taxable","32":"purchasable","33":"product-type-simple"},"acf":[],"_links":{"self":[{"href":"https:\/\/esquell.eu\/fr\/wp-json\/wp\/v2\/product\/29822","targetHints":{"allow":["GET"]}}],"collection":[{"href":"https:\/\/esquell.eu\/fr\/wp-json\/wp\/v2\/product"}],"about":[{"href":"https:\/\/esquell.eu\/fr\/wp-json\/wp\/v2\/types\/product"}],"replies":[{"embeddable":true,"href":"https:\/\/esquell.eu\/fr\/wp-json\/wp\/v2\/comments?post=29822"}],"wp:featuredmedia":[{"embeddable":true,"href":"https:\/\/esquell.eu\/fr\/wp-json\/wp\/v2\/media\/29826"}],"wp:attachment":[{"href":"https:\/\/esquell.eu\/fr\/wp-json\/wp\/v2\/media?parent=29822"}],"wp:term":[{"taxonomy":"more","embeddable":true,"href":"https:\/\/esquell.eu\/fr\/wp-json\/wp\/v2\/more?post=29822"},{"taxonomy":"product_brand","embeddable":true,"href":"https:\/\/esquell.eu\/fr\/wp-json\/wp\/v2\/product_brand?post=29822"},{"taxonomy":"product_cat","embeddable":true,"href":"https:\/\/esquell.eu\/fr\/wp-json\/wp\/v2\/product_cat?post=29822"},{"taxonomy":"product_tag","embeddable":true,"href":"https:\/\/esquell.eu\/fr\/wp-json\/wp\/v2\/product_tag?post=29822"}],"curies":[{"name":"wp","href":"https:\/\/api.w.org\/{rel}","templated":true}]}}