{"id":29620,"date":"2026-01-09T21:55:08","date_gmt":"2026-01-09T21:55:08","guid":{"rendered":"https:\/\/esquell.eu\/?post_type=product&#038;p=29620"},"modified":"2026-01-10T14:28:39","modified_gmt":"2026-01-10T14:28:39","slug":"fil-a-badigeonner-revetu-dacier-inoxydable-differents-diametres-kopie","status":"publish","type":"product","link":"https:\/\/esquell.eu\/fr\/produit\/fil-a-badigeonner-revetu-dacier-inoxydable-differents-diametres-kopie\/","title":{"rendered":"Fil doux en acier inoxydable, fil de bobinage Diff\u00e9rents diam\u00e8tres"},"content":{"rendered":"<h2>Fil d&rsquo;acier inoxydable 304 Fil d&rsquo;enroulement, par exemple pour l&#8217;emballage de fils<\/h2>\n<p>Diff\u00e9rents diam\u00e8tres<\/p>\n<p>L&rsquo;acier inoxydable ne provoque pas de r\u00e9action allergique. Les bijoux en acier inoxydable sont des bijoux parfaits car ils sont hypoallerg\u00e9niques, de sorte qu&rsquo;une r\u00e9action allergique se produit rarement. Il est \u00e9galement appel\u00e9 acier chirurgical ou acier inoxydable et est utilis\u00e9, par exemple, pour les boutons d&rsquo;ulc\u00e8re port\u00e9s apr\u00e8s les boucles d&rsquo;oreilles de tir. Les bijoux en acier inoxydable sont \u00e9galement appel\u00e9s bijoux m\u00e9dicaux.    Les bijoux en acier inoxydable ne se d\u00e9colorent pas.<\/p>\n","protected":false},"excerpt":{"rendered":"<h2>Fil d&rsquo;acier inoxydable 304 Fil d&rsquo;enroulement, adapt\u00e9 \u00e0 l&rsquo;enroulement de fils<\/h2>\n<p>Diff\u00e9rents diam\u00e8tres<\/p>\n<p>L&rsquo;acier inoxydable ne provoque pas de r\u00e9action allergique. Les bijoux en acier inoxydable sont des bijoux parfaits car ils sont hypoallerg\u00e9niques, de sorte qu&rsquo;une r\u00e9action allergique se produit rarement. Il est \u00e9galement appel\u00e9 acier chirurgical ou acier inoxydable et est utilis\u00e9, par exemple, pour les boutons d&rsquo;ulc\u00e8re port\u00e9s apr\u00e8s les boucles d&rsquo;oreilles de tir. Les bijoux en acier inoxydable sont \u00e9galement appel\u00e9s bijoux m\u00e9dicaux.    Les bijoux en acier inoxydable ne se d\u00e9colorent pas.<\/p>\n<p>&nbsp;<\/p>\n<p>&nbsp;<\/p>\n","protected":false},"featured_media":29639,"comment_status":"closed","ping_status":"closed","template":"","meta":{"_acf_changed":false,"_seopress_robots_primary_cat":"none","_seopress_titles_title":"","_seopress_titles_desc":"","_seopress_robots_index":""},"more":[],"product_brand":[6914],"product_cat":[12637,8488,11931],"product_tag":[6645,6646,6939,6847,6945,7045,7036,6923,6931,7096,6947,6949,9668,9645,6393,9666,6372,9292,6402,6641,6958,6389,6796,8026,9286,6792,16640,7360,6409,9660,9662,9665,7770,10848,11335,9252,6794,9263,7762,9656,7780,6962,14290,6649,9257,9256,9640,8519,9248,9642,9707,9676,9709,9711,16323,7778,11937,9650,8517,9244,9634,9704,9259,9273,9671,7047,8513,8489,9652,11826,8503,12638,8509,8492,6647,10234,6724,7766,7677,16639,6374,16638,8039,8507,12392,8505,12607,6765,6933,9280,6712,9304,6951,7120,9289,7121,9643,8501,21885,7042,7681,6640,8497,7040,9270,9658,7034,9674,6546,6643,6391,9278,6485,6966,10731,6483,8515,6927,8067,7506,9297,6925,9654,6943,8511,9300,7786,8499,9673,9295,9282,7764,9266,8521,8495,9648,6408,7032],"class_list":{"0":"post-29620","1":"product","2":"type-product","3":"status-publish","4":"has-post-thumbnail","6":"product_brand-ayu","7":"product_cat-fil-denroulement-fil-doux","8":"product_cat-fil-corde-et-cuir","9":"product_cat-nouveau","10":"product_tag-a","11":"product_tag-acheter","12":"product_tag-acheter-2","13":"product_tag-acier-inoxydable","14":"product_tag-alkmaar","15":"product_tag-almelo","16":"product_tag-amersfoort","17":"product_tag-amsterdam","18":"product_tag-anvers","19":"product_tag-apeldoorn","20":"product_tag-arnhem","21":"product_tag-assen","22":"product_tag-autour-de","23":"product_tag-bandeau-mobile","24":"product_tag-belgique","25":"product_tag-bergen-op-zoom","26":"product_tag-bijoux","27":"product_tag-boho","28":"product_tag-bon-marche","29":"product_tag-boucles-doreilles","30":"product_tag-boutique","31":"product_tag-boutique-en-ligne","32":"product_tag-boutique-en-ligne-2","33":"product_tag-boutons","34":"product_tag-boutons-2","35":"product_tag-bracelet","36":"product_tag-bracelet-diy","37":"product_tag-bracelets","38":"product_tag-bricolage","39":"product_tag-brun","40":"product_tag-brun-fonce","41":"product_tag-cafe","42":"product_tag-camps","43":"product_tag-caoutchouc","44":"product_tag-caoutchouc-2","45":"product_tag-chaine-3","46":"product_tag-chaine","47":"product_tag-chevre","48":"product_tag-coevorden","49":"product_tag-cognac","50":"product_tag-collier-3","51":"product_tag-collier","52":"product_tag-colliers-2","53":"product_tag-commande","54":"product_tag-cooleur","55":"product_tag-cordes","56":"product_tag-cordes-2","57":"product_tag-cordon","58":"product_tag-cordon-2","59":"product_tag-cordon-3","60":"product_tag-cordon-de-suede","61":"product_tag-cordon-en-daim","62":"product_tag-cordon-plat","63":"product_tag-cordon-rond","64":"product_tag-cordon-rond-2","65":"product_tag-corne","66":"product_tag-creux-2","67":"product_tag-cuik","68":"product_tag-cuir","69":"product_tag-cuir-2","70":"product_tag-cuir-3","71":"product_tag-cuir-4","72":"product_tag-cuir-de-chevre","73":"product_tag-cuir-de-mouton","74":"product_tag-daim","75":"product_tag-delft","76":"product_tag-delfzijl","77":"product_tag-den-bosch","78":"product_tag-den-helder","79":"product_tag-doux-2","80":"product_tag-dronten","81":"product_tag-emballage-2","82":"product_tag-emmeloord","83":"product_tag-emmen","84":"product_tag-en-ligne","85":"product_tag-enrobe","86":"product_tag-envoyer","87":"product_tag-etreilen","88":"product_tag-fabrication-de-bijoux-par-soi-meme","89":"product_tag-fabriquer-vos-propres-ornements","90":"product_tag-faire","91":"product_tag-faites-le-vous-meme-3","92":"product_tag-fermetures","93":"product_tag-fil-de-fer","94":"product_tag-fil-de-fer-2","95":"product_tag-filetage","96":"product_tag-filetage-2","97":"product_tag-fort","98":"product_tag-gentilhomme","99":"product_tag-grand","100":"product_tag-gratuit","101":"product_tag-hardenberg","102":"product_tag-heerenveen","103":"product_tag-hoogeveen","104":"product_tag-ibiza","105":"product_tag-la-haye","106":"product_tag-leleystad","107":"product_tag-lemmer","108":"product_tag-lisse-3","109":"product_tag-maastricht","110":"product_tag-magasin-de-perles","111":"product_tag-maison","112":"product_tag-meppel","113":"product_tag-middelburg","114":"product_tag-mouton","115":"product_tag-naturel-2","116":"product_tag-nijmegen","117":"product_tag-noeud-coulant","118":"product_tag-noir","119":"product_tag-ou","120":"product_tag-pays-bas","121":"product_tag-peau-de-mouton","122":"product_tag-perles","123":"product_tag-perles-2","124":"product_tag-perles-de-verre","125":"product_tag-pierre-naturelle","126":"product_tag-plat","127":"product_tag-plomb","128":"product_tag-plus-durwijk","129":"product_tag-pour","130":"product_tag-roermond","131":"product_tag-rotterdam","132":"product_tag-schagen","133":"product_tag-scheveningen","134":"product_tag-se-faufiler","135":"product_tag-serrure","136":"product_tag-solide","137":"product_tag-steenwijk","138":"product_tag-suedine","139":"product_tag-tiel","140":"product_tag-trou","141":"product_tag-urk","142":"product_tag-vache","143":"product_tag-valkenburg","144":"product_tag-venlo","145":"product_tag-vollenhove","146":"product_tag-vous","147":"product_tag-zwolle","148":"product_shipping_class-standard","149":"pa_diameter-03mm","150":"pa_diameter-045mm","151":"pa_diameter-05mm","152":"pa_diameter-06mm","153":"pa_diameter-07mm","154":"pa_diameter-08mm","155":"pa_diameter-1mm","156":"pa_diameter-2mm","157":"pa_diameter-3mm","158":"pa_diameter-4mm","159":"pa_diameter-5mm","161":"first","162":"instock","163":"taxable","164":"shipping-taxable","165":"purchasable","166":"product-type-variable"},"acf":[],"_links":{"self":[{"href":"https:\/\/esquell.eu\/fr\/wp-json\/wp\/v2\/product\/29620","targetHints":{"allow":["GET"]}}],"collection":[{"href":"https:\/\/esquell.eu\/fr\/wp-json\/wp\/v2\/product"}],"about":[{"href":"https:\/\/esquell.eu\/fr\/wp-json\/wp\/v2\/types\/product"}],"replies":[{"embeddable":true,"href":"https:\/\/esquell.eu\/fr\/wp-json\/wp\/v2\/comments?post=29620"}],"wp:featuredmedia":[{"embeddable":true,"href":"https:\/\/esquell.eu\/fr\/wp-json\/wp\/v2\/media\/29639"}],"wp:attachment":[{"href":"https:\/\/esquell.eu\/fr\/wp-json\/wp\/v2\/media?parent=29620"}],"wp:term":[{"taxonomy":"more","embeddable":true,"href":"https:\/\/esquell.eu\/fr\/wp-json\/wp\/v2\/more?post=29620"},{"taxonomy":"product_brand","embeddable":true,"href":"https:\/\/esquell.eu\/fr\/wp-json\/wp\/v2\/product_brand?post=29620"},{"taxonomy":"product_cat","embeddable":true,"href":"https:\/\/esquell.eu\/fr\/wp-json\/wp\/v2\/product_cat?post=29620"},{"taxonomy":"product_tag","embeddable":true,"href":"https:\/\/esquell.eu\/fr\/wp-json\/wp\/v2\/product_tag?post=29620"}],"curies":[{"name":"wp","href":"https:\/\/api.w.org\/{rel}","templated":true}]}}