{"id":29589,"date":"2026-01-09T21:36:02","date_gmt":"2026-01-09T21:36:02","guid":{"rendered":"https:\/\/esquell.eu\/?post_type=product&#038;p=29589"},"modified":"2026-01-10T14:24:25","modified_gmt":"2026-01-10T14:24:25","slug":"colle-epoxy-pour-bijoux-colle-minute-2-composants-marque-weicon-kopie","status":"publish","type":"product","link":"https:\/\/esquell.eu\/fr\/produit\/colle-epoxy-pour-bijoux-colle-minute-2-composants-marque-weicon-kopie\/","title":{"rendered":"Colle instantan\u00e9e gel 3 g Ergo"},"content":{"rendered":"<p>ERGO 5039 est un adh\u00e9sif instantan\u00e9\/seconde de type gel qui ne s&rsquo;\u00e9coule pas<\/p>\n<p>Convient pour les plastiques, le m\u00e9tal, le bois, le caoutchouc, le cuir, etc.<\/p>\n<p>Transparent<\/p>\n","protected":false},"excerpt":{"rendered":"<p>&nbsp;<\/p>\n<p>&nbsp;<\/p>\n<p>ERGO 5039 est un adh\u00e9sif instantan\u00e9\/seconde de type gel qui ne s&rsquo;\u00e9coule pas<\/p>\n<p>Convient pour les plastiques, le m\u00e9tal, le bois, le caoutchouc, le cuir, etc.<\/p>\n<p>Transparent<\/p>\n","protected":false},"featured_media":29595,"comment_status":"closed","ping_status":"closed","template":"","meta":{"_acf_changed":false,"_seopress_robots_primary_cat":"none","_seopress_titles_title":"","_seopress_titles_desc":"","_seopress_robots_index":""},"more":[],"product_brand":[6363],"product_cat":[11484,6364,11931],"product_tag":[13989,11487,6386,13983,6393,6372,6642,9352,6409,6412,9919,11489,12928,13985,13993,13982,13987,21877,11497,11503,13981,11493,12926,13995,6706,6650,6743,11505,11495,10080,21882,6374,7510,8317,6635,7479,6481,21879,6381,6369,11509,6400,21058,11024,6759,11507,7405,6636,6544,6391,6485,13991,6428,7279,11491,7602,11133,7506,6749,8603,11485,11499,8445,10996,21874,13980,7266,6408,11501,6482],"class_list":{"0":"post-29589","1":"product","2":"type-product","3":"status-publish","4":"has-post-thumbnail","6":"product_brand-bm","7":"product_cat-adhesifs","8":"product_cat-materiel-supplementaire","9":"product_cat-nouveau","10":"product_tag-2composants","11":"product_tag-adhesifs","12":"product_tag-aida","13":"product_tag-bave-de-bronze","14":"product_tag-belgique","15":"product_tag-bijoux","16":"product_tag-bijoux-2","17":"product_tag-bijoux-diy","18":"product_tag-bricolage","19":"product_tag-bronze","20":"product_tag-colle","21":"product_tag-colle-2","22":"product_tag-colle-a-cabochon","23":"product_tag-colle-argentee","24":"product_tag-colle-bijoux","25":"product_tag-colle-de-cuivre","26":"product_tag-colle-de-laiton","27":"product_tag-colle-en-gel","28":"product_tag-colle-epoxy","29":"product_tag-colle-minute","30":"product_tag-colle-perlee","31":"product_tag-colle-pour-bijoux","32":"product_tag-colle-pour-pierres-precieuses","33":"product_tag-colles","34":"product_tag-commerce-de-gros","35":"product_tag-cuivre","36":"product_tag-distributeur","37":"product_tag-dur","38":"product_tag-epais","39":"product_tag-fabrication-de-bijoux-2","40":"product_tag-faconne-2","41":"product_tag-faire","42":"product_tag-flexible","43":"product_tag-fort-2","44":"product_tag-fournitures","45":"product_tag-france-2","46":"product_tag-galets","47":"product_tag-gel","48":"product_tag-japon","49":"product_tag-largent","50":"product_tag-liquide-2","51":"product_tag-luxembourg","52":"product_tag-maniere","53":"product_tag-materiaux","54":"product_tag-metal","55":"product_tag-nivellement","56":"product_tag-outil-2","57":"product_tag-outils","58":"product_tag-pas","59":"product_tag-pays-bas","60":"product_tag-perles","61":"product_tag-permanent-2","62":"product_tag-pierre","63":"product_tag-pierre-2","64":"product_tag-pierre-naturelle-2","65":"product_tag-pierres-precieuses","66":"product_tag-pierres-semi-precieuses","67":"product_tag-pour","68":"product_tag-professionnel","69":"product_tag-professionnel-3","70":"product_tag-rapide-2","71":"product_tag-sieaden","72":"product_tag-strass-2","73":"product_tag-strass-4","74":"product_tag-superglue","75":"product_tag-temps-de-sechage","76":"product_tag-transparent","77":"product_tag-vous","78":"product_tag-weicon","79":"product_tag-zircone","80":"product_shipping_class-standard","82":"first","83":"instock","84":"taxable","85":"shipping-taxable","86":"purchasable","87":"product-type-simple"},"acf":[],"_links":{"self":[{"href":"https:\/\/esquell.eu\/fr\/wp-json\/wp\/v2\/product\/29589","targetHints":{"allow":["GET"]}}],"collection":[{"href":"https:\/\/esquell.eu\/fr\/wp-json\/wp\/v2\/product"}],"about":[{"href":"https:\/\/esquell.eu\/fr\/wp-json\/wp\/v2\/types\/product"}],"replies":[{"embeddable":true,"href":"https:\/\/esquell.eu\/fr\/wp-json\/wp\/v2\/comments?post=29589"}],"wp:featuredmedia":[{"embeddable":true,"href":"https:\/\/esquell.eu\/fr\/wp-json\/wp\/v2\/media\/29595"}],"wp:attachment":[{"href":"https:\/\/esquell.eu\/fr\/wp-json\/wp\/v2\/media?parent=29589"}],"wp:term":[{"taxonomy":"more","embeddable":true,"href":"https:\/\/esquell.eu\/fr\/wp-json\/wp\/v2\/more?post=29589"},{"taxonomy":"product_brand","embeddable":true,"href":"https:\/\/esquell.eu\/fr\/wp-json\/wp\/v2\/product_brand?post=29589"},{"taxonomy":"product_cat","embeddable":true,"href":"https:\/\/esquell.eu\/fr\/wp-json\/wp\/v2\/product_cat?post=29589"},{"taxonomy":"product_tag","embeddable":true,"href":"https:\/\/esquell.eu\/fr\/wp-json\/wp\/v2\/product_tag?post=29589"}],"curies":[{"name":"wp","href":"https:\/\/api.w.org\/{rel}","templated":true}]}}