{"id":28901,"date":"2025-12-05T11:08:00","date_gmt":"2025-12-05T11:08:00","guid":{"rendered":"https:\/\/esquell.eu\/?post_type=product&#038;p=28901"},"modified":"2025-12-22T10:47:47","modified_gmt":"2025-12-22T10:47:47","slug":"tapis-de-texture-caoutchouclove-blooms-am-east-kopie","status":"publish","type":"product","link":"https:\/\/esquell.eu\/fr\/produit\/tapis-de-texture-caoutchouclove-blooms-am-east-kopie\/","title":{"rendered":"Tapis textur\u00e9 Caoutchouc Aztec Wonder Pam East PE 2026"},"content":{"rendered":"<p>La deuxi\u00e8me image montre la texture de l&rsquo;argile.<\/p>\n<p>Taille 14*9,5 cm<\/p>\n<p>Tapis de texture plus large pour l&rsquo;impression dans l&rsquo;argile<\/p>\n<p>Ces textures sont flexibles, lavables et peuvent \u00eatre utilis\u00e9es avec n&rsquo;importe quelle argile molle. Appliquez la formule antiadh\u00e9sive CoolSlip avant de commencer. <\/p>\n<p>Lorsque vous utilisez l&rsquo;argile argent\u00e9e, l&rsquo;argile cuivr\u00e9e, l&rsquo;argile bronze et l&rsquo;argile dor\u00e9e, vaporisez d&rsquo;abord les tapis textur\u00e9s avec la formule antiadh\u00e9sive coolslip.<\/p>\n<p>Si vous utilisez de la fimo, du cernit, du premo, du sculpy, etc., utilisez du talc, par exemple, pour \u00e9viter qu&rsquo;ils ne collent.<\/p>\n","protected":false},"excerpt":{"rendered":"<p>La deuxi\u00e8me image montre la texture de l&rsquo;argile.<\/p>\n<p>&nbsp;<\/p>\n<p>Taille 14*9,5 cm<\/p>\n<p>&nbsp;<\/p>\n<p>Tapis de texture plus large pour l&rsquo;impression dans l&rsquo;argile<\/p>\n<p>&nbsp;<\/p>\n<p>Ces textures sont flexibles, lavables et peuvent \u00eatre utilis\u00e9es avec n&rsquo;importe quelle argile molle. Appliquez la formule antiadh\u00e9sive CoolSlip avant de commencer. <\/p>\n<p>&nbsp;<\/p>\n<p>Lorsque vous utilisez l&rsquo;argile argent\u00e9e, l&rsquo;argile cuivr\u00e9e, l&rsquo;argile bronze et l&rsquo;argile dor\u00e9e, vaporisez d&rsquo;abord les tapis textur\u00e9s avec la formule antiadh\u00e9sive <a href=\"https:\/\/www.esquell.nl\/p\/textuurmat-rubber-5-10-cm-veertjes?ObjectPath=\/Shops\/83636376\/Products\/AM0007\">coolslip<\/a>.<\/p>\n<p>Si vous utilisez de la fimo, du cernit, du premo, du sculpy, etc., utilisez du talc, par exemple, pour \u00e9viter qu&rsquo;ils ne collent.<\/p>\n<p>&nbsp;<\/p>\n","protected":false},"featured_media":25087,"comment_status":"closed","ping_status":"closed","template":"","meta":{"_acf_changed":false,"_seopress_robots_primary_cat":"none","_seopress_titles_title":"","_seopress_titles_desc":"","_seopress_robots_index":""},"more":[],"product_brand":[10590],"product_cat":[11931,12226],"product_tag":[10601,6386,6388,7500,6378,6390,6405,6376,6372,6658,6409,6706,8209,6374,6849,6381,8220,10354,15222,6559,6640,10599,10785,10784,7429,15220,11337,21841,7427,6408],"class_list":{"0":"post-28901","1":"product","2":"type-product","3":"status-publish","4":"has-post-thumbnail","6":"product_brand-pameast","7":"product_cat-nouveau","8":"product_cat-textures-et-tampons","9":"product_tag-a-lest","10":"product_tag-aida","11":"product_tag-argile","12":"product_tag-argile-argentee-3","13":"product_tag-argile-metallique","14":"product_tag-argile-metallique-2","15":"product_tag-artclay","16":"product_tag-artclaysilver","17":"product_tag-bijoux","18":"product_tag-bijoux-en-argile","19":"product_tag-bricolage","20":"product_tag-commerce-de-gros","21":"product_tag-estampillage","22":"product_tag-faire","23":"product_tag-formulaires","24":"product_tag-japon","25":"product_tag-leurope","26":"product_tag-leurope-2","27":"product_tag-la-texture-2","28":"product_tag-lignes-dartisanat","29":"product_tag-maison","30":"product_tag-pam","31":"product_tag-pam-east","32":"product_tag-pameast","33":"product_tag-structures","34":"product_tag-tapis-de-marquage","35":"product_tag-tapis-de-texture","36":"product_tag-tapis-de-texture-3","37":"product_tag-textures","38":"product_tag-vous","39":"product_shipping_class-standard","41":"first","42":"instock","43":"taxable","44":"shipping-taxable","45":"purchasable","46":"product-type-simple"},"acf":[],"_links":{"self":[{"href":"https:\/\/esquell.eu\/fr\/wp-json\/wp\/v2\/product\/28901","targetHints":{"allow":["GET"]}}],"collection":[{"href":"https:\/\/esquell.eu\/fr\/wp-json\/wp\/v2\/product"}],"about":[{"href":"https:\/\/esquell.eu\/fr\/wp-json\/wp\/v2\/types\/product"}],"replies":[{"embeddable":true,"href":"https:\/\/esquell.eu\/fr\/wp-json\/wp\/v2\/comments?post=28901"}],"wp:featuredmedia":[{"embeddable":true,"href":"https:\/\/esquell.eu\/fr\/wp-json\/wp\/v2\/media\/25087"}],"wp:attachment":[{"href":"https:\/\/esquell.eu\/fr\/wp-json\/wp\/v2\/media?parent=28901"}],"wp:term":[{"taxonomy":"more","embeddable":true,"href":"https:\/\/esquell.eu\/fr\/wp-json\/wp\/v2\/more?post=28901"},{"taxonomy":"product_brand","embeddable":true,"href":"https:\/\/esquell.eu\/fr\/wp-json\/wp\/v2\/product_brand?post=28901"},{"taxonomy":"product_cat","embeddable":true,"href":"https:\/\/esquell.eu\/fr\/wp-json\/wp\/v2\/product_cat?post=28901"},{"taxonomy":"product_tag","embeddable":true,"href":"https:\/\/esquell.eu\/fr\/wp-json\/wp\/v2\/product_tag?post=28901"}],"curies":[{"name":"wp","href":"https:\/\/api.w.org\/{rel}","templated":true}]}}