{"id":28672,"date":"2025-11-25T15:50:17","date_gmt":"2025-11-25T15:50:17","guid":{"rendered":"https:\/\/esquell.eu\/?post_type=product&#038;p=28672"},"modified":"2025-12-22T10:43:36","modified_gmt":"2025-12-22T10:43:36","slug":"art-clay-silver-start-package-basic-a-0189k-avec-la-description-de-15-projets-kopie","status":"publish","type":"product","link":"https:\/\/esquell.eu\/fr\/produit\/art-clay-silver-start-package-basic-a-0189k-avec-la-description-de-15-projets-kopie\/","title":{"rendered":"Art Clay Silver Start package Basic (A-0188K)"},"content":{"rendered":"<p>Description :<\/p>\n<p align=\"left\">Le kit de d\u00e9marrage contient les 12 \u00e9l\u00e9ments suivants.<\/p>\n<p align=\"left\">Art Clay Silver 10 g<\/p>\n<p align=\"left\">Mandrin en bois,<\/p>\n<p align=\"left\">Pince \u00e0 \u00e9piler,<\/p>\n<p align=\"left\">Acier Bruner, (pour le polissage)<\/p>\n<p align=\"left\">Brosse \u00e0 polir en acier inoxydable,<\/p>\n<p align=\"left\">Lime moyennement grossi\u00e8re,<\/p>\n<p align=\"left\">Filet en acier inoxydable (pour la cuisson),<\/p>\n<p align=\"left\">tampons abrasifs en \u00e9ponge (rouge #320-#600, bleu #800-#1000, vert #1200-#1500),<\/p>\n<p align=\"left\">Teinture Blitz pour noircir l&rsquo;argent \/ lui donner un aspect antique<\/p>\n<p align=\"left\">Chiffon de polissage pour l&rsquo;argent,<\/p>\n<p align=\"left\">\u00c9chelle de taille de bague pour d\u00e9terminer la taille de la bague<\/p>\n<p align=\"left\">Fiches de projets, description des projets<\/p>\n<p>&nbsp;<\/p>\n","protected":false},"excerpt":{"rendered":"<p>Contenu de l&#8217;emballage<\/p>\n<ul>\n<li>Art Clay Silver 7 grammes 2x<\/li>\n<li>Moule exclusif DX<\/li>\n<li>Papier de calibre annulaire<\/li>\n<\/ul>\n<ul>\n<li>\u00c9pingle \u00e0 aiguille<\/li>\n<li>Pince \u00e0 \u00e9piler<\/li>\n<li>Brosse en acier inoxydable<\/li>\n<li>Lime moyenne fine<\/li>\n<li>Baguettes en bois 2 pi\u00e8ces<\/li>\n<li>Grille en acier inoxydable avec cage de protection<\/li>\n<li>Polissage de l&rsquo;argent<\/li>\n<li>Tampons \u00e0 poncer, 3 pi\u00e8ces<\/li>\n<li>Sulfur sticker 6cc \/ Blitz stain pour noircir l&rsquo;argent<\/li>\n<li>Chiffon de polissage pour l&rsquo;argent<\/li>\n<li>Polissage de l&rsquo;argent<\/li>\n<li>Tapis de travail<\/li>\n<li>Oeil \u00e0 vis plat<\/li>\n<li>\u00c9chelle de taille des bagues<\/li>\n<li>Fiche de projet<\/li>\n<li>Flyer YouTube avec 15 projets<\/li>\n<li>Brochures<\/li>\n<\/ul>\n<p>&nbsp;<\/p>\n","protected":false},"featured_media":28681,"comment_status":"closed","ping_status":"closed","template":"","meta":{"_acf_changed":false,"_seopress_robots_primary_cat":"none","_seopress_titles_title":"","_seopress_titles_desc":"","_seopress_robots_index":""},"more":[],"product_brand":[6382],"product_cat":[7412,7393,6809],"product_tag":[11988,9296,6470,6476,6638,12830,6931,6388,6473,6378,6390,7525,7567,6393,8238,6941,6409,6935,19440,6579,6743,7041,6655,6647,13278,6374,6785,6401,6653,6933,6651,6563,20181,8428,20173,20180,20175,8433,6634,6550,6369,6472,19439,7030,14846,6789,6400,20178,20171,6661,6657,7394,6714,20179,6391,6665,17129,7029,6471,6751,6919,6663,9388,6667],"class_list":{"0":"post-28672","1":"product","2":"type-product","3":"status-publish","4":"has-post-thumbnail","6":"product_brand-acs","7":"product_cat-outils-de-base","8":"product_cat-paquets-de-depart","9":"product_cat-vente","10":"product_tag-11988","11":"product_tag-9296","12":"product_tag-6470","13":"product_tag-6476","14":"product_tag-anneaux","15":"product_tag-anneaux-dargile","16":"product_tag-anvers","17":"product_tag-argile","18":"product_tag-argile-2","19":"product_tag-argile-metallique","20":"product_tag-argile-metallique-2","21":"product_tag-art-clay-argent","22":"product_tag-artclayacademy","23":"product_tag-belgique","24":"product_tag-benelux","25":"product_tag-brabant","26":"product_tag-bricolage","27":"product_tag-bruxelles","28":"product_tag-certificat","29":"product_tag-certifie","30":"product_tag-distributeur","31":"product_tag-distributeur-artclaysil","32":"product_tag-drenthe","33":"product_tag-en-ligne","34":"product_tag-fabrication-de-bagues","35":"product_tag-faire","36":"product_tag-flevoland","37":"product_tag-france","38":"product_tag-frise","39":"product_tag-gentilhomme","40":"product_tag-groningue","41":"product_tag-instructeurs","42":"product_tag-kit-de-demarrage-3","43":"product_tag-kit-de-demarrage","44":"product_tag-kit-de-demarrage-anneaux","45":"product_tag-kit-de-demarrage-artclaysilver","46":"product_tag-kit-de-demarrage-danneau","47":"product_tag-kits-de-demarrage","48":"product_tag-largent-3","49":"product_tag-largent-2","50":"product_tag-largent","51":"product_tag-lart","52":"product_tag-large","53":"product_tag-liege","54":"product_tag-lignes-de-crafts","55":"product_tag-limbourg","56":"product_tag-luxembourg","57":"product_tag-niveau-2","58":"product_tag-niveau","59":"product_tag-nord","60":"product_tag-overijssel","61":"product_tag-pack-de-demarrage-2","62":"product_tag-pack-de-demarrage","63":"product_tag-pack-de-demarrage-artclaysil","64":"product_tag-pays-bas","65":"product_tag-pays-bas-2","66":"product_tag-plus-eleve","67":"product_tag-pmc","68":"product_tag-recycle","69":"product_tag-reduction","70":"product_tag-sterling","71":"product_tag-sud","72":"product_tag-types","73":"product_tag-zelande","74":"product_shipping_class-standard","76":"first","77":"outofstock","78":"taxable","79":"shipping-taxable","80":"purchasable","81":"product-type-simple"},"acf":[],"_links":{"self":[{"href":"https:\/\/esquell.eu\/fr\/wp-json\/wp\/v2\/product\/28672","targetHints":{"allow":["GET"]}}],"collection":[{"href":"https:\/\/esquell.eu\/fr\/wp-json\/wp\/v2\/product"}],"about":[{"href":"https:\/\/esquell.eu\/fr\/wp-json\/wp\/v2\/types\/product"}],"replies":[{"embeddable":true,"href":"https:\/\/esquell.eu\/fr\/wp-json\/wp\/v2\/comments?post=28672"}],"wp:featuredmedia":[{"embeddable":true,"href":"https:\/\/esquell.eu\/fr\/wp-json\/wp\/v2\/media\/28681"}],"wp:attachment":[{"href":"https:\/\/esquell.eu\/fr\/wp-json\/wp\/v2\/media?parent=28672"}],"wp:term":[{"taxonomy":"more","embeddable":true,"href":"https:\/\/esquell.eu\/fr\/wp-json\/wp\/v2\/more?post=28672"},{"taxonomy":"product_brand","embeddable":true,"href":"https:\/\/esquell.eu\/fr\/wp-json\/wp\/v2\/product_brand?post=28672"},{"taxonomy":"product_cat","embeddable":true,"href":"https:\/\/esquell.eu\/fr\/wp-json\/wp\/v2\/product_cat?post=28672"},{"taxonomy":"product_tag","embeddable":true,"href":"https:\/\/esquell.eu\/fr\/wp-json\/wp\/v2\/product_tag?post=28672"}],"curies":[{"name":"wp","href":"https:\/\/api.w.org\/{rel}","templated":true}]}}