{"id":28668,"date":"2025-11-25T15:42:46","date_gmt":"2025-11-25T15:42:46","guid":{"rendered":"https:\/\/esquell.eu\/?post_type=product&#038;p=28668"},"modified":"2025-12-22T10:43:27","modified_gmt":"2025-12-22T10:43:27","slug":"plan-de-travail-en-teflon-xxl-225225-cm-kopie","status":"publish","type":"product","link":"https:\/\/esquell.eu\/fr\/produit\/plan-de-travail-en-teflon-xxl-225225-cm-kopie\/","title":{"rendered":"Plan de travail en t\u00e9flon 14*14 cm. (ZF-0002)"},"content":{"rendered":"<p>Surface de travail r\u00e9sistante \u00e0 la chaleur. 14*14 cm<\/p>\n<p>T\u00e9flon tr\u00e8s \u00e9pais et robuste<\/p>\n","protected":false},"excerpt":{"rendered":"<p>Surface de travail r\u00e9sistante \u00e0 la chaleur. 14*14 cm<\/p>\n<p>T\u00e9flon tr\u00e8s \u00e9pais et robuste<\/p>\n","protected":false},"featured_media":14848,"comment_status":"closed","ping_status":"closed","template":"","meta":{"_acf_changed":false,"_seopress_robots_primary_cat":"none","_seopress_titles_title":"","_seopress_titles_desc":"","_seopress_robots_index":""},"more":[],"product_brand":[10819],"product_cat":[7504,6364,7412],"product_tag":[6388,6741,6404,6378,6658,11642,6815,13231,6816,21785,13235,7506,13233,13122,13239,21498,13238,17079,21499,13237],"class_list":{"0":"post-28668","1":"product","2":"type-product","3":"status-publish","4":"has-post-thumbnail","6":"product_brand-div","7":"product_cat-argile","8":"product_cat-materiel-supplementaire","9":"product_cat-outils-de-base","10":"product_tag-argile","11":"product_tag-argile-3","12":"product_tag-argile-argentee","13":"product_tag-argile-metallique","14":"product_tag-bijoux-en-argile","15":"product_tag-chaleur-2","16":"product_tag-fimo","17":"product_tag-mat-2","18":"product_tag-pate-polymere","19":"product_tag-plan-de-travail-4","20":"product_tag-plan-de-travail","21":"product_tag-pour","22":"product_tag-resistant","23":"product_tag-resistant-a-la-chaleur","24":"product_tag-tapis-dargile","25":"product_tag-tapis-dargile-2","26":"product_tag-tapis-de-travail","27":"product_tag-tapis-de-travail-2","28":"product_tag-tapis-de-travail-3","29":"product_tag-teflon","30":"product_shipping_class-standard","32":"first","33":"instock","34":"taxable","35":"shipping-taxable","36":"purchasable","37":"product-type-simple"},"acf":[],"_links":{"self":[{"href":"https:\/\/esquell.eu\/fr\/wp-json\/wp\/v2\/product\/28668","targetHints":{"allow":["GET"]}}],"collection":[{"href":"https:\/\/esquell.eu\/fr\/wp-json\/wp\/v2\/product"}],"about":[{"href":"https:\/\/esquell.eu\/fr\/wp-json\/wp\/v2\/types\/product"}],"replies":[{"embeddable":true,"href":"https:\/\/esquell.eu\/fr\/wp-json\/wp\/v2\/comments?post=28668"}],"wp:featuredmedia":[{"embeddable":true,"href":"https:\/\/esquell.eu\/fr\/wp-json\/wp\/v2\/media\/14848"}],"wp:attachment":[{"href":"https:\/\/esquell.eu\/fr\/wp-json\/wp\/v2\/media?parent=28668"}],"wp:term":[{"taxonomy":"more","embeddable":true,"href":"https:\/\/esquell.eu\/fr\/wp-json\/wp\/v2\/more?post=28668"},{"taxonomy":"product_brand","embeddable":true,"href":"https:\/\/esquell.eu\/fr\/wp-json\/wp\/v2\/product_brand?post=28668"},{"taxonomy":"product_cat","embeddable":true,"href":"https:\/\/esquell.eu\/fr\/wp-json\/wp\/v2\/product_cat?post=28668"},{"taxonomy":"product_tag","embeddable":true,"href":"https:\/\/esquell.eu\/fr\/wp-json\/wp\/v2\/product_tag?post=28668"}],"curies":[{"name":"wp","href":"https:\/\/api.w.org\/{rel}","templated":true}]}}