{"id":27794,"date":"2025-11-10T13:33:56","date_gmt":"2025-11-10T13:33:56","guid":{"rendered":"https:\/\/esquell.eu\/product\/925-sterling-silver-changing-top-pour-bague-et-pendentif-m2-5-prix-par-piece\/"},"modified":"2025-11-10T13:33:56","modified_gmt":"2025-11-10T13:33:56","slug":"925-sterling-silver-changing-top-pour-bague-et-pendentif-m2-5-prix-par-piece","status":"publish","type":"product","link":"https:\/\/esquell.eu\/fr\/produit\/925-sterling-silver-changing-top-pour-bague-et-pendentif-m2-5-prix-par-piece\/","title":{"rendered":"925 Sterling silver changing top pour bague et pendentif M2.5 Prix par pi\u00e8ce"},"content":{"rendered":"<p>T\u00eate interchangeable pour bague et pendentif M2.5 Taille du tube ext\u00e9rieur 3.5mm La t\u00eate et le tube sont enti\u00e8rement polis en haute brillance.<\/p>\n","protected":false},"excerpt":{"rendered":"<p>T\u00eate interchangeable pour bague et pendentif M2.5 Taille du tube ext\u00e9rieur 3.5mm La t\u00eate et le tube sont enti\u00e8rement polis en haute brillance.<\/p>\n","protected":false},"featured_media":27395,"comment_status":"closed","ping_status":"closed","template":"","meta":{"_acf_changed":false,"_seopress_robots_primary_cat":"none","_seopress_titles_title":"","_seopress_titles_desc":"","_seopress_robots_index":""},"more":[],"product_brand":[6914],"product_cat":[11931,12319,21659,7468],"product_tag":[],"class_list":{"0":"post-27794","1":"product","2":"type-product","3":"status-publish","4":"has-post-thumbnail","6":"product_brand-ayu","7":"product_cat-nouveau","8":"product_cat-oeillets-de-pendentifs-bails-et-oeillets-a-vis","9":"product_cat-oeillets-agrafes-epingles-et-oeillets-a-vis","10":"product_cat-outils-et-fournitures-pour-le-verre","12":"first","13":"instock","14":"taxable","15":"shipping-taxable","16":"purchasable","17":"product-type-simple"},"acf":[],"_links":{"self":[{"href":"https:\/\/esquell.eu\/fr\/wp-json\/wp\/v2\/product\/27794","targetHints":{"allow":["GET"]}}],"collection":[{"href":"https:\/\/esquell.eu\/fr\/wp-json\/wp\/v2\/product"}],"about":[{"href":"https:\/\/esquell.eu\/fr\/wp-json\/wp\/v2\/types\/product"}],"replies":[{"embeddable":true,"href":"https:\/\/esquell.eu\/fr\/wp-json\/wp\/v2\/comments?post=27794"}],"wp:featuredmedia":[{"embeddable":true,"href":"https:\/\/esquell.eu\/fr\/wp-json\/wp\/v2\/media\/27395"}],"wp:attachment":[{"href":"https:\/\/esquell.eu\/fr\/wp-json\/wp\/v2\/media?parent=27794"}],"wp:term":[{"taxonomy":"more","embeddable":true,"href":"https:\/\/esquell.eu\/fr\/wp-json\/wp\/v2\/more?post=27794"},{"taxonomy":"product_brand","embeddable":true,"href":"https:\/\/esquell.eu\/fr\/wp-json\/wp\/v2\/product_brand?post=27794"},{"taxonomy":"product_cat","embeddable":true,"href":"https:\/\/esquell.eu\/fr\/wp-json\/wp\/v2\/product_cat?post=27794"},{"taxonomy":"product_tag","embeddable":true,"href":"https:\/\/esquell.eu\/fr\/wp-json\/wp\/v2\/product_tag?post=27794"}],"curies":[{"name":"wp","href":"https:\/\/api.w.org\/{rel}","templated":true}]}}