{"id":27790,"date":"2025-11-10T13:29:48","date_gmt":"2025-11-10T13:29:48","guid":{"rendered":"https:\/\/esquell.eu\/product\/pendentif-avec-filetage-m2-5-acier-inoxydable-par-piece\/"},"modified":"2026-03-23T20:06:03","modified_gmt":"2026-03-23T20:06:03","slug":"pendentif-avec-filetage-m2-5-acier-inoxydable-par-piece","status":"publish","type":"product","link":"https:\/\/esquell.eu\/fr\/produit\/pendentif-avec-filetage-m2-5-acier-inoxydable-par-piece\/","title":{"rendered":"Pendentif avec filetage M2.5 Acier inoxydable Par pi\u00e8ce"},"content":{"rendered":"<p>Pendentif avec couvercle droit, largeur 6mm<br \/>\nLongueur du filetage M2.5 env. 3mm<\/p>\n<p>Ce pendentif est sp\u00e9cialement con\u00e7u pour \u00eatre fix\u00e9 \u00e0 la vis sup\u00e9rieure<br \/>\nM2.5, trait\u00e9e dans du verre ou d&rsquo;autres mat\u00e9riaux.<\/p>\n","protected":false},"excerpt":{"rendered":"<p>Pendentif avec couvercle droit, largeur 6mm Longueur du filetage M2.5 env. 3mm Ce pendentif est sp\u00e9cialement con\u00e7u pour \u00eatre fix\u00e9 \u00e0 la vis sup\u00e9rieure M2.5, trait\u00e9e dans du verre ou d&rsquo;autres mat\u00e9riaux.<\/p>\n","protected":false},"featured_media":27791,"comment_status":"closed","ping_status":"closed","template":"","meta":{"_acf_changed":false,"_seopress_robots_primary_cat":"none","_seopress_titles_title":"","_seopress_titles_desc":"","_seopress_robots_index":""},"more":[],"product_brand":[6914],"product_cat":[11931,12319,21659,7468],"product_tag":[],"class_list":{"0":"post-27790","1":"product","2":"type-product","3":"status-publish","4":"has-post-thumbnail","6":"product_brand-ayu","7":"product_cat-nouveau","8":"product_cat-oeillets-de-pendentifs-bails-et-oeillets-a-vis","9":"product_cat-oeillets-agrafes-epingles-et-oeillets-a-vis","10":"product_cat-outils-et-fournitures-pour-le-verre","12":"first","13":"instock","14":"taxable","15":"shipping-taxable","16":"purchasable","17":"product-type-simple"},"acf":[],"_links":{"self":[{"href":"https:\/\/esquell.eu\/fr\/wp-json\/wp\/v2\/product\/27790","targetHints":{"allow":["GET"]}}],"collection":[{"href":"https:\/\/esquell.eu\/fr\/wp-json\/wp\/v2\/product"}],"about":[{"href":"https:\/\/esquell.eu\/fr\/wp-json\/wp\/v2\/types\/product"}],"replies":[{"embeddable":true,"href":"https:\/\/esquell.eu\/fr\/wp-json\/wp\/v2\/comments?post=27790"}],"wp:featuredmedia":[{"embeddable":true,"href":"https:\/\/esquell.eu\/fr\/wp-json\/wp\/v2\/media\/27791"}],"wp:attachment":[{"href":"https:\/\/esquell.eu\/fr\/wp-json\/wp\/v2\/media?parent=27790"}],"wp:term":[{"taxonomy":"more","embeddable":true,"href":"https:\/\/esquell.eu\/fr\/wp-json\/wp\/v2\/more?post=27790"},{"taxonomy":"product_brand","embeddable":true,"href":"https:\/\/esquell.eu\/fr\/wp-json\/wp\/v2\/product_brand?post=27790"},{"taxonomy":"product_cat","embeddable":true,"href":"https:\/\/esquell.eu\/fr\/wp-json\/wp\/v2\/product_cat?post=27790"},{"taxonomy":"product_tag","embeddable":true,"href":"https:\/\/esquell.eu\/fr\/wp-json\/wp\/v2\/product_tag?post=27790"}],"curies":[{"name":"wp","href":"https:\/\/api.w.org\/{rel}","templated":true}]}}