{"id":27312,"date":"2025-04-04T05:32:44","date_gmt":"2025-04-04T05:32:44","guid":{"rendered":"https:\/\/esquell.eu\/product\/zapfchen-oval-aus-999er-feinsilber-differentes-tailles\/"},"modified":"2025-04-04T05:32:44","modified_gmt":"2025-04-04T05:32:44","slug":"zapfchen-oval-aus-999er-feinsilber-differentes-tailles","status":"publish","type":"product","link":"https:\/\/esquell.eu\/fr\/produit\/zapfchen-oval-aus-999er-feinsilber-differentes-tailles\/","title":{"rendered":"Z\u00e4pfchen oval aus 999er Feinsilber. Diff\u00e9rentes tailles"},"content":{"rendered":"<p>Putter ovale 999er Feinsilber.<\/p>\n<p>Diff\u00e9rentes tailles<\/p>\n<p>Glatte Kante.<br \/>\nF\u00fcr Strasssteine, Cabochons, Natursteine, Edelsteine, Halbedelsteine<\/p>\n<p>Con\u00e7ue pour les enfants en commun en m\u00e9tal. Dans le cas d&rsquo;une naissance commune avec du Silberton, nous vous conseillons d&rsquo;utiliser la p\u00e2te de recouvrement d&rsquo;argent Art Clay pour obtenir une bonne tenue.   <\/p>\n","protected":false},"excerpt":{"rendered":"<p>Kittdosen ovale 999er Feinsilber.<\/p>\n<p>Verschiedene Gr\u00f6\u00dfen<\/p>\n<p>Glatter Rand.<\/p>\n<p>Geeignet zum Mitbrennen in Metallton.<\/p>\n","protected":false},"featured_media":0,"comment_status":"closed","ping_status":"closed","template":"","meta":{"_acf_changed":false,"_seopress_robots_primary_cat":"none","_seopress_titles_title":"","_seopress_titles_desc":"","_seopress_robots_index":""},"more":[],"product_brand":[7186],"product_cat":[10991,10990],"product_tag":[6477,6476,6960,7500,6390,7418,7430,8057,8318,11079,11031,6550,6369,6634,6478,8053,11012,9284,6922,6778,6964,6776,7414,7604,6482],"class_list":{"0":"post-27312","1":"product","2":"type-product","3":"status-publish","5":"product_brand-rio","6":"product_cat-pieces-adaptees-a-la-cocuisson-avec-de-largile-metallique","7":"product_cat-reglements-et-chatons","8":"product_tag-6477","9":"product_tag-6476","10":"product_tag-amende","11":"product_tag-argile-argentee-3","12":"product_tag-argile-metallique-2","13":"product_tag-boite-de-reglage","14":"product_tag-cabochon","15":"product_tag-chaton","16":"product_tag-cz","17":"product_tag-incorpore","18":"product_tag-integration","19":"product_tag-largent-2","20":"product_tag-largent","21":"product_tag-largent-3","22":"product_tag-lunette","23":"product_tag-pierre-3","24":"product_tag-pierre-cz","25":"product_tag-pur-3","26":"product_tag-pur","27":"product_tag-reel","28":"product_tag-sollid","29":"product_tag-vraiment","30":"product_tag-zetkast","31":"product_tag-zircone-2","32":"product_tag-zircone","33":"product_shipping_class-standard","34":"pa_afmeting-10-14-mm","35":"pa_afmeting-1012-mm","36":"pa_afmeting-108-mm","37":"pa_afmeting-64-mm","39":"first","40":"instock","41":"taxable","42":"shipping-taxable","43":"purchasable","44":"product-type-variable"},"acf":[],"_links":{"self":[{"href":"https:\/\/esquell.eu\/fr\/wp-json\/wp\/v2\/product\/27312","targetHints":{"allow":["GET"]}}],"collection":[{"href":"https:\/\/esquell.eu\/fr\/wp-json\/wp\/v2\/product"}],"about":[{"href":"https:\/\/esquell.eu\/fr\/wp-json\/wp\/v2\/types\/product"}],"replies":[{"embeddable":true,"href":"https:\/\/esquell.eu\/fr\/wp-json\/wp\/v2\/comments?post=27312"}],"wp:attachment":[{"href":"https:\/\/esquell.eu\/fr\/wp-json\/wp\/v2\/media?parent=27312"}],"wp:term":[{"taxonomy":"more","embeddable":true,"href":"https:\/\/esquell.eu\/fr\/wp-json\/wp\/v2\/more?post=27312"},{"taxonomy":"product_brand","embeddable":true,"href":"https:\/\/esquell.eu\/fr\/wp-json\/wp\/v2\/product_brand?post=27312"},{"taxonomy":"product_cat","embeddable":true,"href":"https:\/\/esquell.eu\/fr\/wp-json\/wp\/v2\/product_cat?post=27312"},{"taxonomy":"product_tag","embeddable":true,"href":"https:\/\/esquell.eu\/fr\/wp-json\/wp\/v2\/product_tag?post=27312"}],"curies":[{"name":"wp","href":"https:\/\/api.w.org\/{rel}","templated":true}]}}