{"id":27308,"date":"2025-04-04T05:31:08","date_gmt":"2025-04-04T05:31:08","guid":{"rendered":"https:\/\/esquell.eu\/product\/melange-pour-la-fabrication-de-moules-en-silicone-melange-bleu-2-composants-contenu-varie-f-0117-2\/"},"modified":"2025-04-04T05:31:08","modified_gmt":"2025-04-04T05:31:08","slug":"melange-pour-la-fabrication-de-moules-en-silicone-melange-bleu-2-composants-contenu-varie-f-0117-2","status":"publish","type":"product","link":"https:\/\/esquell.eu\/fr\/produit\/melange-pour-la-fabrication-de-moules-en-silicone-melange-bleu-2-composants-contenu-varie-f-0117-2\/","title":{"rendered":"M\u00e9lange pour la fabrication de moules en silicone M\u00e9lange bleu. 2 composants Contenu vari\u00e9 (F- 0117)"},"content":{"rendered":"<p>En m\u00e9langeant les deux composants, on obtient un m\u00e9lange avec lequel on peut fabriquer un moule dans lequel on peut presser n&rsquo;importe quelle forme ou relief. Une fois le moule s\u00e9ch\u00e9, vous disposez d&rsquo;un moule dans lequel vous pouvez r\u00e9aliser plusieurs fois la m\u00eame empreinte. Le m\u00e9lange peut r\u00e9sister \u00e0 la chaleur d&rsquo;un s\u00e8che-cheveux, par exemple.     <\/p>\n<p>Disponible dans une vari\u00e9t\u00e9 de contenus.<\/p>\n","protected":false},"excerpt":{"rendered":"<p>En m\u00e9langeant les deux couleurs, on obtient un m\u00e9lange avec lequel on peut fabriquer un moule. Vous pouvez y presser la forme ou le relief de votre choix. Une fois le moule s\u00e9ch\u00e9, vous disposez d&rsquo;un moule dans lequel vous pouvez refaire plusieurs fois la m\u00eame impression. Le m\u00e9lange peut r\u00e9sister \u00e0 la chaleur d&rsquo;un s\u00e8che-cheveux, par exemple. 2 fois 25 grammes.      <\/p>\n<p>Rapport 1:1<\/p>\n","protected":false},"featured_media":0,"comment_status":"closed","ping_status":"closed","template":"","meta":{"_acf_changed":false,"_seopress_robots_primary_cat":"none","_seopress_titles_title":"","_seopress_titles_desc":"","_seopress_robots_index":""},"more":[],"product_brand":[],"product_cat":[15],"product_tag":[],"class_list":{"0":"post-27308","1":"product","2":"type-product","3":"status-publish","5":"product_cat-algemeen","7":"first","8":"instock","9":"taxable","10":"shipping-taxable","11":"purchasable","12":"product-type-simple"},"acf":[],"_links":{"self":[{"href":"https:\/\/esquell.eu\/fr\/wp-json\/wp\/v2\/product\/27308","targetHints":{"allow":["GET"]}}],"collection":[{"href":"https:\/\/esquell.eu\/fr\/wp-json\/wp\/v2\/product"}],"about":[{"href":"https:\/\/esquell.eu\/fr\/wp-json\/wp\/v2\/types\/product"}],"replies":[{"embeddable":true,"href":"https:\/\/esquell.eu\/fr\/wp-json\/wp\/v2\/comments?post=27308"}],"wp:attachment":[{"href":"https:\/\/esquell.eu\/fr\/wp-json\/wp\/v2\/media?parent=27308"}],"wp:term":[{"taxonomy":"more","embeddable":true,"href":"https:\/\/esquell.eu\/fr\/wp-json\/wp\/v2\/more?post=27308"},{"taxonomy":"product_brand","embeddable":true,"href":"https:\/\/esquell.eu\/fr\/wp-json\/wp\/v2\/product_brand?post=27308"},{"taxonomy":"product_cat","embeddable":true,"href":"https:\/\/esquell.eu\/fr\/wp-json\/wp\/v2\/product_cat?post=27308"},{"taxonomy":"product_tag","embeddable":true,"href":"https:\/\/esquell.eu\/fr\/wp-json\/wp\/v2\/product_tag?post=27308"}],"curies":[{"name":"wp","href":"https:\/\/api.w.org\/{rel}","templated":true}]}}