{"id":27304,"date":"2025-04-03T09:11:15","date_gmt":"2025-04-03T09:11:15","guid":{"rendered":"https:\/\/esquell.eu\/product\/blitzbeize-inhalt-100-ml\/"},"modified":"2025-04-03T09:11:15","modified_gmt":"2025-04-03T09:11:15","slug":"blitzbeize-inhalt-100-ml","status":"publish","type":"product","link":"https:\/\/esquell.eu\/fr\/produit\/blitzbeize-inhalt-100-ml\/","title":{"rendered":"Blitzbeize Inhalt 100 ml"},"content":{"rendered":"<p>Blitzbeize Inhalt 100 ml<\/p>\n<p>Blitzbeize et Schwefelfarbstoff sont pratiquement identiques. Pour le chauffage, l&rsquo;oxydation et la patine de l&rsquo;argent et du cuivre.   <\/p>\n<p>Tr\u00e8s facile \u00e0 installer.<\/p>\n<p>Avec une \u00e9pingle, tracez un trait de lumi\u00e8re sur les carreaux, que vous devez faire pivoter. Plongez ensuite l&rsquo;outil avec une \u00e9pingle dans de l&rsquo;eau chaude. Le m\u00e9tal devient alors noir et l&rsquo;effet Blitzbeize s&rsquo;intensifie. Placez ensuite l&rsquo;outil sous la corbeille \u00e0 eau.     <\/p>\n<p>Une autre m\u00e9thode consiste \u00e0 placer l&rsquo;ensemble du produit dans une cuvette avec de l&rsquo;eau chaude et quelques gouttes d&rsquo;eau. Nehmen Sie heraus, sp\u00fclen Sie es under dem Wasserhahn ab, lassen Sie es trocknen und polieren Sie hohe Stellen.   <\/p>\n<p>Si vous utilisez aujourd&rsquo;hui les carreaux de couleur jaune avec un papier de verre fin ou si vous les polissez \u00e0 l&rsquo;aide d&rsquo;un produit d&rsquo;achat ou d&rsquo;un produit de polissage, vous pouvez faire briller certains carreaux d&rsquo;une couleur encore plus argent\u00e9e. Neutralisieren Sie den Schmuck nach dem Schw\u00e4rzen mit Backpulver. Si n\u00e9cessaire, fixez le produit avec des lames ou de l&rsquo;eau.    <\/p>\n<p>Tiegel 10ml. Vous pouvez l&rsquo;utiliser dans un endroit sombre, o\u00f9 l&rsquo;effet se fait sentir sous l&rsquo;effet de l&rsquo;ambiance.   <\/p>\n<p>Dans la banque de donn\u00e9es scientifiques, vous trouverez une explication d\u00e9taill\u00e9e sur le lavage de l&rsquo;argent et du cuivre.<\/p>\n<p>Achtung : Die Arbeit mit Blitz Beize kann gef\u00e4hrlich sein. Lisez donc le<strong> manuel de s\u00e9curit\u00e9 de Blitz Beize<\/strong> en suivant les instructions.   <\/p>\n","protected":false},"excerpt":{"rendered":"<p>Blitzbeize Inhalt 100 ml<\/p>\n<p>&nbsp;<\/p>\n<p>Blitzbeize et Schwefelfarbstoff sont pratiquement identiques. Pour le chauffage, l&rsquo;oxydation et la patine de l&rsquo;argent et du cuivre.   <\/p>\n<p>Tr\u00e8s facile \u00e0 installer.<\/p>\n<p>&nbsp;<\/p>\n<p>Avec une \u00e9pingle, tracez un trait de lumi\u00e8re sur les carreaux, que vous devez faire pivoter. Plongez ensuite l&rsquo;outil avec une \u00e9pingle dans de l&rsquo;eau chaude. Le m\u00e9tal devient alors noir et l&rsquo;effet Blitzbeize s&rsquo;intensifie. Placez ensuite l&rsquo;outil sous la corbeille \u00e0 eau.     <\/p>\n<p>Une autre m\u00e9thode consiste \u00e0 placer l&rsquo;ensemble du produit dans une cuvette avec de l&rsquo;eau chaude et quelques gouttes d&rsquo;eau. Nehmen Sie heraus, sp\u00fclen Sie es under dem Wasserhahn ab, lassen Sie es trocknen und polieren Sie hohe Stellen.   <\/p>\n<p>Si vous utilisez aujourd&rsquo;hui les carreaux de couleur jaune avec un papier de verre fin ou si vous les polissez \u00e0 l&rsquo;aide d&rsquo;un produit d&rsquo;achat ou d&rsquo;un produit de polissage, vous pouvez faire briller certains carreaux d&rsquo;une couleur encore plus argent\u00e9e. Neutralisieren Sie den Schmuck nach dem Schw\u00e4rzen mit Backpulver. Si n\u00e9cessaire, fixez le produit avec des lames ou de l&rsquo;eau.    <\/p>\n<p>Tiegel 10ml. Vous pouvez l&rsquo;utiliser dans un endroit sombre, o\u00f9 l&rsquo;effet se fait sentir sous l&rsquo;effet de l&rsquo;ambiance.   <\/p>\n<p>Dans la banque de donn\u00e9es scientifiques, vous trouverez une explication d\u00e9taill\u00e9e sur le lavage de l&rsquo;argent et du cuivre.<\/p>\n<p>&nbsp;<\/p>\n<p>Conseil : Le travail avec Blitzbeize peut s&rsquo;av\u00e9rer difficile. Veuillez lire le<a href=\"https:\/\/www.esquell.nl\/c\/kennisbank\/blitz-beits\"><strong> Manuel de s\u00e9curit\u00e9 Blitzbeize<\/strong> <\/a>par l&rsquo;interm\u00e9diaire de.   <\/p>\n<p>&nbsp;<\/p>\n","protected":false},"featured_media":0,"comment_status":"closed","ping_status":"closed","template":"","meta":{"_acf_changed":false,"_seopress_robots_primary_cat":"none","_seopress_titles_title":"","_seopress_titles_desc":"","_seopress_robots_index":""},"more":[],"product_brand":[],"product_cat":[15],"product_tag":[],"class_list":{"0":"post-27304","1":"product","2":"type-product","3":"status-publish","5":"product_cat-algemeen","7":"first","8":"outofstock","9":"taxable","10":"shipping-taxable","11":"purchasable","12":"product-type-simple"},"acf":[],"_links":{"self":[{"href":"https:\/\/esquell.eu\/fr\/wp-json\/wp\/v2\/product\/27304","targetHints":{"allow":["GET"]}}],"collection":[{"href":"https:\/\/esquell.eu\/fr\/wp-json\/wp\/v2\/product"}],"about":[{"href":"https:\/\/esquell.eu\/fr\/wp-json\/wp\/v2\/types\/product"}],"replies":[{"embeddable":true,"href":"https:\/\/esquell.eu\/fr\/wp-json\/wp\/v2\/comments?post=27304"}],"wp:attachment":[{"href":"https:\/\/esquell.eu\/fr\/wp-json\/wp\/v2\/media?parent=27304"}],"wp:term":[{"taxonomy":"more","embeddable":true,"href":"https:\/\/esquell.eu\/fr\/wp-json\/wp\/v2\/more?post=27304"},{"taxonomy":"product_brand","embeddable":true,"href":"https:\/\/esquell.eu\/fr\/wp-json\/wp\/v2\/product_brand?post=27304"},{"taxonomy":"product_cat","embeddable":true,"href":"https:\/\/esquell.eu\/fr\/wp-json\/wp\/v2\/product_cat?post=27304"},{"taxonomy":"product_tag","embeddable":true,"href":"https:\/\/esquell.eu\/fr\/wp-json\/wp\/v2\/product_tag?post=27304"}],"curies":[{"name":"wp","href":"https:\/\/api.w.org\/{rel}","templated":true}]}}