{"id":27111,"date":"2025-04-03T09:22:12","date_gmt":"2025-04-03T09:22:12","guid":{"rendered":"https:\/\/esquell.eu\/product\/ltd-agent-de-polissage-pour-plastiques-et-metaux-f-0326\/"},"modified":"2026-01-10T14:32:33","modified_gmt":"2026-01-10T14:32:33","slug":"ltd-agent-de-polissage-pour-plastiques-et-metaux-f-0326","status":"publish","type":"product","link":"https:\/\/esquell.eu\/fr\/produit\/ltd-agent-de-polissage-pour-plastiques-et-metaux-f-0326\/","title":{"rendered":"LTD Agent de polissage pour plastiques et m\u00e9taux F-0326"},"content":{"rendered":"<p>LTD Agent de polissage pour plastiques \/ plastiques et m\u00e9taux<\/p>\n<p>Convient parfaitement au polissage de la r\u00e9sine LED UV<\/p>\n<p>et de la r\u00e9sine LED UV en combinaison avec l&rsquo;argent et d&rsquo;autres m\u00e9taux<\/p>\n<p>Produit de qualit\u00e9 japonaise<\/p>\n<p>Contenu 100 ml<\/p>\n","protected":false},"excerpt":{"rendered":"<p>LTD Agent de polissage pour plastiques \/ plastiques et m\u00e9taux<\/p>\n<p>Tr\u00e8s appropri\u00e9 pour le polissage de la r\u00e9sine UV LED<\/p>\n<p>et de la r\u00e9sine UV LED en combinaison avec de l&rsquo;argent et d&rsquo;autres m\u00e9taux.<\/p>\n<p>Contenu 100 ml<\/p>\n<p>&nbsp;<\/p>\n","protected":false},"featured_media":27115,"comment_status":"closed","ping_status":"closed","template":"","meta":{"_acf_changed":false,"_seopress_robots_primary_cat":"none","_seopress_titles_title":"","_seopress_titles_desc":"","_seopress_robots_index":""},"more":[],"product_brand":[6382],"product_cat":[9873,6366],"product_tag":[6939,17316,6412,17315,12930,9660,6649,7245,6650,12350,11505,6647,9797,6369,6403,8682,8701,7268,17310,17317,7926,14619,21411,10088,13868,8861,14626,7774,9894,9896,6443,14620,8638,7266],"class_list":{"0":"post-27111","1":"product","2":"type-product","3":"status-publish","4":"has-post-thumbnail","6":"product_brand-acs","7":"product_cat-led-et-resine-uv","8":"product_cat-poncage-limage-et-polissage","9":"product_tag-acheter-2","10":"product_tag-bordeaux","11":"product_tag-bronze","12":"product_tag-brun-4","13":"product_tag-brun-2","14":"product_tag-brun","15":"product_tag-commande","16":"product_tag-couleurs","17":"product_tag-cuivre","18":"product_tag-dirige","19":"product_tag-dur","20":"product_tag-en-ligne","21":"product_tag-epoxy","22":"product_tag-largent","23":"product_tag-lor","24":"product_tag-laiton","25":"product_tag-metal-3","26":"product_tag-opaque","27":"product_tag-petit-3","28":"product_tag-pigment-bricolage","29":"product_tag-plastique","30":"product_tag-plastiques","31":"product_tag-plastiques-2","32":"product_tag-polir-2","33":"product_tag-polissage-3","34":"product_tag-polissage","35":"product_tag-pour-la-resine","36":"product_tag-resine","37":"product_tag-resine-2","38":"product_tag-resine-acrylique","39":"product_tag-resine-uv","40":"product_tag-resine-lumiere","41":"product_tag-retrecissement","42":"product_tag-transparent","43":"product_shipping_class-standard","45":"first","46":"instock","47":"taxable","48":"shipping-taxable","49":"purchasable","50":"product-type-simple"},"acf":[],"_links":{"self":[{"href":"https:\/\/esquell.eu\/fr\/wp-json\/wp\/v2\/product\/27111","targetHints":{"allow":["GET"]}}],"collection":[{"href":"https:\/\/esquell.eu\/fr\/wp-json\/wp\/v2\/product"}],"about":[{"href":"https:\/\/esquell.eu\/fr\/wp-json\/wp\/v2\/types\/product"}],"replies":[{"embeddable":true,"href":"https:\/\/esquell.eu\/fr\/wp-json\/wp\/v2\/comments?post=27111"}],"wp:featuredmedia":[{"embeddable":true,"href":"https:\/\/esquell.eu\/fr\/wp-json\/wp\/v2\/media\/27115"}],"wp:attachment":[{"href":"https:\/\/esquell.eu\/fr\/wp-json\/wp\/v2\/media?parent=27111"}],"wp:term":[{"taxonomy":"more","embeddable":true,"href":"https:\/\/esquell.eu\/fr\/wp-json\/wp\/v2\/more?post=27111"},{"taxonomy":"product_brand","embeddable":true,"href":"https:\/\/esquell.eu\/fr\/wp-json\/wp\/v2\/product_brand?post=27111"},{"taxonomy":"product_cat","embeddable":true,"href":"https:\/\/esquell.eu\/fr\/wp-json\/wp\/v2\/product_cat?post=27111"},{"taxonomy":"product_tag","embeddable":true,"href":"https:\/\/esquell.eu\/fr\/wp-json\/wp\/v2\/product_tag?post=27111"}],"curies":[{"name":"wp","href":"https:\/\/api.w.org\/{rel}","templated":true}]}}