{"id":27096,"date":"2025-04-03T09:22:12","date_gmt":"2025-04-03T09:22:12","guid":{"rendered":"https:\/\/esquell.eu\/product\/limez-avec-une-rape-grossiere-et-une-rape-fine-4-en-1\/"},"modified":"2025-04-03T09:22:12","modified_gmt":"2025-04-03T09:22:12","slug":"limez-avec-une-rape-grossiere-et-une-rape-fine-4-en-1","status":"publish","type":"product","link":"https:\/\/esquell.eu\/fr\/produit\/limez-avec-une-rape-grossiere-et-une-rape-fine-4-en-1\/","title":{"rendered":"Limez avec une r\u00e2pe grossi\u00e8re et une r\u00e2pe fine. 4 en 1"},"content":{"rendered":"<p>Limez avec 2 r\u00e2pes grossi\u00e8res et 2 r\u00e2pes fines. 4 en 1 <\/p>\n<p>Taille 20*2 cm<\/p>\n<p>Acier tremp\u00e9<\/p>\n","protected":false},"excerpt":{"rendered":"<p>Limez avec 2 r\u00e2pes grossi\u00e8res et 2 r\u00e2pes fines. 4 en 1 <\/p>\n<p>Taille 20*2 cm<\/p>\n<p>Acier tremp\u00e9<\/p>\n","protected":false},"featured_media":7457,"comment_status":"closed","ping_status":"closed","template":"","meta":{"_acf_changed":false,"_seopress_robots_primary_cat":"none","_seopress_titles_title":"","_seopress_titles_desc":"","_seopress_robots_index":""},"more":[],"product_brand":[6398],"product_cat":[6366],"product_tag":[11988,9303,20064,6645,8192,6646,7409,7016,11488,14618,20053,10192,11278,6643,20063],"class_list":{"0":"post-27096","1":"product","2":"type-product","3":"status-publish","4":"has-post-thumbnail","6":"product_brand-l1","7":"product_cat-poncage-limage-et-polissage","8":"product_tag-11988","9":"product_tag-9303","10":"product_tag-4en1","11":"product_tag-a","12":"product_tag-a-4","13":"product_tag-acheter","14":"product_tag-acier","15":"product_tag-amende-2","16":"product_tag-bois","17":"product_tag-fichier","18":"product_tag-fichier-3","19":"product_tag-fichiers","20":"product_tag-grossier","21":"product_tag-ou","22":"product_tag-rape","23":"product_shipping_class-standard","25":"first","26":"instock","27":"taxable","28":"shipping-taxable","29":"purchasable","30":"product-type-simple"},"acf":[],"_links":{"self":[{"href":"https:\/\/esquell.eu\/fr\/wp-json\/wp\/v2\/product\/27096","targetHints":{"allow":["GET"]}}],"collection":[{"href":"https:\/\/esquell.eu\/fr\/wp-json\/wp\/v2\/product"}],"about":[{"href":"https:\/\/esquell.eu\/fr\/wp-json\/wp\/v2\/types\/product"}],"replies":[{"embeddable":true,"href":"https:\/\/esquell.eu\/fr\/wp-json\/wp\/v2\/comments?post=27096"}],"wp:featuredmedia":[{"embeddable":true,"href":"https:\/\/esquell.eu\/fr\/wp-json\/wp\/v2\/media\/7457"}],"wp:attachment":[{"href":"https:\/\/esquell.eu\/fr\/wp-json\/wp\/v2\/media?parent=27096"}],"wp:term":[{"taxonomy":"more","embeddable":true,"href":"https:\/\/esquell.eu\/fr\/wp-json\/wp\/v2\/more?post=27096"},{"taxonomy":"product_brand","embeddable":true,"href":"https:\/\/esquell.eu\/fr\/wp-json\/wp\/v2\/product_brand?post=27096"},{"taxonomy":"product_cat","embeddable":true,"href":"https:\/\/esquell.eu\/fr\/wp-json\/wp\/v2\/product_cat?post=27096"},{"taxonomy":"product_tag","embeddable":true,"href":"https:\/\/esquell.eu\/fr\/wp-json\/wp\/v2\/product_tag?post=27096"}],"curies":[{"name":"wp","href":"https:\/\/api.w.org\/{rel}","templated":true}]}}