{"id":27085,"date":"2025-04-03T09:22:03","date_gmt":"2025-04-03T09:22:03","guid":{"rendered":"https:\/\/esquell.eu\/product\/aiguille-de-polissage-acs-zf-031a\/"},"modified":"2026-01-17T04:48:28","modified_gmt":"2026-01-17T04:48:28","slug":"aiguille-de-polissage-acs-zf-031a","status":"publish","type":"product","link":"https:\/\/esquell.eu\/fr\/produit\/aiguille-de-polissage-acs-zf-031a\/","title":{"rendered":"Aiguille de polissage ACS (ZF-031A)"},"content":{"rendered":"<p>L&rsquo;aiguille de polissage est utilis\u00e9e pour polir de tr\u00e8s petites surfaces. L&rsquo;aiguille peut souvent atteindre des endroits que les poils de la brosse ne peuvent pas atteindre. Utilisez autant que possible le c\u00f4t\u00e9 de l&rsquo;aiguille pour \u00e9viter de rayer l&rsquo;argent.  <\/p>\n","protected":false},"excerpt":{"rendered":"<p>L&rsquo;aiguille de polissage est utilis\u00e9e pour polir de tr\u00e8s petites surfaces. L&rsquo;aiguille peut souvent atteindre des endroits que les poils de la brosse ne peuvent pas atteindre. Utilisez autant que possible le c\u00f4t\u00e9 de l&rsquo;aiguille pour \u00e9viter de rayer l&rsquo;argent.  <\/p>\n","protected":false},"featured_media":27086,"comment_status":"closed","ping_status":"closed","template":"","meta":{"_acf_changed":false,"_seopress_robots_primary_cat":"none","_seopress_titles_title":"","_seopress_titles_desc":"","_seopress_robots_index":""},"more":[],"product_brand":[6398],"product_cat":[6366],"product_tag":[7675,7409,9048,6386,20024,7339,6473,6404,7500,6406,6420,7028,15021,6405,7567,6376,8422,6982,6372,6409,10197,20026,7546,14660,11636,7498,6743,10344,9051,9797,11087,6374,12392,14315,11839,7513,7679,11633,6381,6550,6634,6472,7287,14662,6559,10200,14490,7031,20023,20025,6652,7422,7279,9055,7029,8861,8743,7486,8736,6418,7774,9894,6407,6411,7055],"class_list":{"0":"post-27085","1":"product","2":"type-product","3":"status-publish","4":"has-post-thumbnail","6":"product_brand-l1","7":"product_cat-poncage-limage-et-polissage","8":"product_tag-achats","9":"product_tag-acier","10":"product_tag-agate","11":"product_tag-aida","12":"product_tag-aiguille-de-polissage","13":"product_tag-argent-malleable","14":"product_tag-argile-2","15":"product_tag-argile-argentee","16":"product_tag-argile-argentee-3","17":"product_tag-argile-aurifere","18":"product_tag-argile-bronze","19":"product_tag-argile-cuivreuse","20":"product_tag-argiles","21":"product_tag-artclay","22":"product_tag-artclayacademy","23":"product_tag-artclaysilver","24":"product_tag-aussie","25":"product_tag-bijoutier","26":"product_tag-bijoux","27":"product_tag-bricolage","28":"product_tag-brillant-2","29":"product_tag-brillant-6","30":"product_tag-bronze-3","31":"product_tag-brune","32":"product_tag-byoux","33":"product_tag-cuivre-3","34":"product_tag-distributeur","35":"product_tag-emballage-en-fil-metallique","36":"product_tag-epingle-en-agate","37":"product_tag-epoxy","38":"product_tag-et","39":"product_tag-faire","40":"product_tag-fil-de-fer-2","41":"product_tag-fimo-pate-polymere","42":"product_tag-finition-2","43":"product_tag-flechir","44":"product_tag-google","45":"product_tag-hommes","46":"product_tag-japon","47":"product_tag-largent-2","48":"product_tag-largent-3","49":"product_tag-lart","50":"product_tag-lor-3","51":"product_tag-laiton-3","52":"product_tag-lignes-dartisanat","53":"product_tag-lisse","54":"product_tag-lisse-2","55":"product_tag-metal-2","56":"product_tag-moderne-2","57":"product_tag-motifs-2","58":"product_tag-orfevres","59":"product_tag-outils-de-bijouterie","60":"product_tag-pierre-2","61":"product_tag-pierre-dagate","62":"product_tag-pmc","63":"product_tag-polissage","64":"product_tag-poncage","65":"product_tag-porcelaine","66":"product_tag-presomptueux","67":"product_tag-promethee","68":"product_tag-resine","69":"product_tag-resine-2","70":"product_tag-silverclay-co-uk","71":"product_tag-tempete-de-sable","72":"product_tag-verre","73":"product_shipping_class-standard","75":"first","76":"instock","77":"taxable","78":"shipping-taxable","79":"purchasable","80":"product-type-simple"},"acf":[],"_links":{"self":[{"href":"https:\/\/esquell.eu\/fr\/wp-json\/wp\/v2\/product\/27085","targetHints":{"allow":["GET"]}}],"collection":[{"href":"https:\/\/esquell.eu\/fr\/wp-json\/wp\/v2\/product"}],"about":[{"href":"https:\/\/esquell.eu\/fr\/wp-json\/wp\/v2\/types\/product"}],"replies":[{"embeddable":true,"href":"https:\/\/esquell.eu\/fr\/wp-json\/wp\/v2\/comments?post=27085"}],"wp:featuredmedia":[{"embeddable":true,"href":"https:\/\/esquell.eu\/fr\/wp-json\/wp\/v2\/media\/27086"}],"wp:attachment":[{"href":"https:\/\/esquell.eu\/fr\/wp-json\/wp\/v2\/media?parent=27085"}],"wp:term":[{"taxonomy":"more","embeddable":true,"href":"https:\/\/esquell.eu\/fr\/wp-json\/wp\/v2\/more?post=27085"},{"taxonomy":"product_brand","embeddable":true,"href":"https:\/\/esquell.eu\/fr\/wp-json\/wp\/v2\/product_brand?post=27085"},{"taxonomy":"product_cat","embeddable":true,"href":"https:\/\/esquell.eu\/fr\/wp-json\/wp\/v2\/product_cat?post=27085"},{"taxonomy":"product_tag","embeddable":true,"href":"https:\/\/esquell.eu\/fr\/wp-json\/wp\/v2\/product_tag?post=27085"}],"curies":[{"name":"wp","href":"https:\/\/api.w.org\/{rel}","templated":true}]}}