{"id":27078,"date":"2025-04-03T09:22:03","date_gmt":"2025-04-03T09:22:03","guid":{"rendered":"https:\/\/esquell.eu\/product\/boite-de-securite-pour-le-poncage-et-le-classement-f-0110\/"},"modified":"2025-12-22T11:10:31","modified_gmt":"2025-12-22T11:10:31","slug":"boite-de-securite-pour-le-poncage-et-le-classement-f-0110","status":"publish","type":"product","link":"https:\/\/esquell.eu\/fr\/produit\/boite-de-securite-pour-le-poncage-et-le-classement-f-0110\/","title":{"rendered":"Bo\u00eete de s\u00e9curit\u00e9 pour le pon\u00e7age et le classement (F-0110)"},"content":{"rendered":"<p>Le coffret de s\u00e9curit\u00e9 vous prot\u00e8ge des poussi\u00e8res volantes et des particules d\u00e9tach\u00e9es lors du pon\u00e7age et du polissage.<\/p>\n<p>\u00c9galement utile lors de l&rsquo;utilisation d&rsquo;un Dremel ou d&rsquo;un autre micro-outil.<\/p>\n<p>Dimensions 200x200x190mm<\/p>\n<p>Reposez vos poignets sur les supports. Taille 200x200x190mm. Fabriqu\u00e9 en polyvinyle.  <\/p>\n","protected":false},"excerpt":{"rendered":"<p>Le coffret de s\u00e9curit\u00e9 vous prot\u00e8ge des poussi\u00e8res volantes et des particules d\u00e9tach\u00e9es lors du pon\u00e7age et du polissage.<\/p>\n<p>\u00c9galement utile lors de l&rsquo;utilisation d&rsquo;un Dremel ou d&rsquo;un autre micro-outil.<\/p>\n<p>Dimensions 200x200x190mm<\/p>\n<p>Reposez vos poignets sur les supports. Taille 200x200x190mm. Fabriqu\u00e9 en polyvinyle.  <\/p>\n<p>&nbsp;<\/p>\n<p>&nbsp;<\/p>\n","protected":false},"featured_media":27088,"comment_status":"closed","ping_status":"closed","template":"","meta":{"_acf_changed":false,"_seopress_robots_primary_cat":"none","_seopress_titles_title":"","_seopress_titles_desc":"","_seopress_robots_index":""},"more":[],"product_brand":[6382],"product_cat":[6366],"product_tag":[6645,6646,6945,7024,7036,6923,6527,7339,6404,6420,6530,7141,7028,6378,6390,6947,6949,6372,8006,21384,6402,6958,6389,6941,7582,7770,21377,8424,15049,6650,7104,18283,14458,6655,7038,7766,21237,10192,14553,11839,6785,21236,6653,21390,7417,21386,6651,6659,6951,7120,21382,7648,20098,7645,6403,7215,6930,7026,15044,6789,14554,7042,21379,6426,6759,16506,17835,21380,7040,6661,6567,10082,6643,6399,7405,14506,6726,6657,9819,6665,12552,8743,9924,21233,10488,6925,21376,6943,21388,6663,21378,6787,7102,9977,8037,6667,7032],"class_list":{"0":"post-27078","1":"product","2":"type-product","3":"status-publish","4":"has-post-thumbnail","6":"product_brand-acs","7":"product_cat-poncage-limage-et-polissage","8":"product_tag-a","9":"product_tag-acheter","10":"product_tag-alkmaar","11":"product_tag-almere","12":"product_tag-amersfoort","13":"product_tag-amsterdam","14":"product_tag-anti","15":"product_tag-argent-malleable","16":"product_tag-argile-argentee","17":"product_tag-argile-bronze","18":"product_tag-argile-bronzee","19":"product_tag-argile-cuivree","20":"product_tag-argile-cuivreuse","21":"product_tag-argile-metallique","22":"product_tag-argile-metallique-2","23":"product_tag-arnhem","24":"product_tag-assen","25":"product_tag-bijoux","26":"product_tag-boite-2","27":"product_tag-boite-de-poncage","28":"product_tag-bon-marche","29":"product_tag-boutique","30":"product_tag-boutique-en-ligne","31":"product_tag-brabant","32":"product_tag-breda","33":"product_tag-camps","34":"product_tag-coffre-fort","35":"product_tag-cooltools","36":"product_tag-couverture","37":"product_tag-cuivre","38":"product_tag-cuivre-2","39":"product_tag-decorations","40":"product_tag-dremel","41":"product_tag-drenthe","42":"product_tag-eindhoven","43":"product_tag-etreilen","44":"product_tag-faire-des-boucles-doreilles","45":"product_tag-fichiers","46":"product_tag-fichiers-2","47":"product_tag-finition-2","48":"product_tag-flevoland","49":"product_tag-formule","50":"product_tag-frise","51":"product_tag-gereedsxhappen","52":"product_tag-glissiere-de-securite","53":"product_tag-godet-de-poncage","54":"product_tag-groningue","55":"product_tag-gueldre","56":"product_tag-heerenveen","57":"product_tag-hoogeveen","58":"product_tag-housse-de-protection","59":"product_tag-idees","60":"product_tag-idees-2","61":"product_tag-iles","62":"product_tag-lor","63":"product_tag-lor-2","64":"product_tag-leeuwarden","65":"product_tag-lelystad","66":"product_tag-les-4","67":"product_tag-limbourg","68":"product_tag-limes-diamantees","69":"product_tag-maastricht","70":"product_tag-machines-a-poncer","71":"product_tag-malleable","72":"product_tag-metal","73":"product_tag-metallurgie-4","74":"product_tag-micro-outil","75":"product_tag-microfilm","76":"product_tag-middelburg","77":"product_tag-nord","78":"product_tag-offrir","79":"product_tag-orfevre-3","80":"product_tag-ou","81":"product_tag-outil","82":"product_tag-outil-2","83":"product_tag-outil-rotatif","84":"product_tag-outils-2","85":"product_tag-overijssel","86":"product_tag-pate-3","87":"product_tag-pays-bas-2","88":"product_tag-pendentif-oeil-2","89":"product_tag-poncage","90":"product_tag-protection","91":"product_tag-pulveriser-4","92":"product_tag-rotatif","93":"product_tag-rotterdam","94":"product_tag-saftybox","95":"product_tag-scheveningen","96":"product_tag-semblait","97":"product_tag-sud","98":"product_tag-tissu-2","99":"product_tag-utrecht","100":"product_tag-vasieres","101":"product_tag-winschoten","102":"product_tag-yeux","103":"product_tag-zelande","104":"product_tag-zwolle","105":"product_shipping_class-standard","107":"first","108":"instock","109":"taxable","110":"shipping-taxable","111":"purchasable","112":"product-type-simple"},"acf":[],"_links":{"self":[{"href":"https:\/\/esquell.eu\/fr\/wp-json\/wp\/v2\/product\/27078","targetHints":{"allow":["GET"]}}],"collection":[{"href":"https:\/\/esquell.eu\/fr\/wp-json\/wp\/v2\/product"}],"about":[{"href":"https:\/\/esquell.eu\/fr\/wp-json\/wp\/v2\/types\/product"}],"replies":[{"embeddable":true,"href":"https:\/\/esquell.eu\/fr\/wp-json\/wp\/v2\/comments?post=27078"}],"wp:featuredmedia":[{"embeddable":true,"href":"https:\/\/esquell.eu\/fr\/wp-json\/wp\/v2\/media\/27088"}],"wp:attachment":[{"href":"https:\/\/esquell.eu\/fr\/wp-json\/wp\/v2\/media?parent=27078"}],"wp:term":[{"taxonomy":"more","embeddable":true,"href":"https:\/\/esquell.eu\/fr\/wp-json\/wp\/v2\/more?post=27078"},{"taxonomy":"product_brand","embeddable":true,"href":"https:\/\/esquell.eu\/fr\/wp-json\/wp\/v2\/product_brand?post=27078"},{"taxonomy":"product_cat","embeddable":true,"href":"https:\/\/esquell.eu\/fr\/wp-json\/wp\/v2\/product_cat?post=27078"},{"taxonomy":"product_tag","embeddable":true,"href":"https:\/\/esquell.eu\/fr\/wp-json\/wp\/v2\/product_tag?post=27078"}],"curies":[{"name":"wp","href":"https:\/\/api.w.org\/{rel}","templated":true}]}}