{"id":27032,"date":"2025-04-03T09:21:27","date_gmt":"2025-04-03T09:21:27","guid":{"rendered":"https:\/\/esquell.eu\/product\/spatules-de-modelage-avec-embout-en-caoutchouc-set-de-5-spatules\/"},"modified":"2025-04-03T09:21:27","modified_gmt":"2025-04-03T09:21:27","slug":"spatules-de-modelage-avec-embout-en-caoutchouc-set-de-5-spatules","status":"publish","type":"product","link":"https:\/\/esquell.eu\/fr\/produit\/spatules-de-modelage-avec-embout-en-caoutchouc-set-de-5-spatules\/","title":{"rendered":"Spatules de modelage avec embout en caoutchouc set de 5 spatules"},"content":{"rendered":"<p>Jeu de 5 spatules \u00e0 modeler l&rsquo;argile avec dessus en caoutchouc.<br \/>\nCes spatules en caoutchouc sont un outil indispensable pour modeler l&rsquo;argile.<br \/>\nUtilisez ces spatules pour appliquer des formes et des motifs dans l&rsquo;argile encore molle et, si n\u00e9cessaire, pour lisser l&rsquo;argile.<br \/>\nLe dessus en caoutchouc est plus ferme qu&rsquo;un pinceau et plus flexible qu&rsquo;une spatule en m\u00e9tal.<\/p>\n","protected":false},"excerpt":{"rendered":"<p>Jeu de 5 spatules \u00e0 modeler l&rsquo;argile avec dessus en caoutchouc.<br \/>\nCes spatules en caoutchouc sont un outil indispensable pour modeler l&rsquo;argile. Vous pouvez les utiliser pour cr\u00e9er des formes et des motifs dans l&rsquo;argile encore molle et, si n\u00e9cessaire, la lisser. La partie sup\u00e9rieure en caoutchouc est plus ferme qu&rsquo;un pinceau et plus souple qu&rsquo;une spatule en m\u00e9tal.  <\/p>\n<p>&nbsp;<\/p>\n","protected":false},"featured_media":4363,"comment_status":"closed","ping_status":"closed","template":"","meta":{"_acf_changed":false,"_seopress_robots_primary_cat":"none","_seopress_titles_title":"","_seopress_titles_desc":"","_seopress_robots_index":""},"more":[],"product_brand":[6398],"product_cat":[7412],"product_tag":[6473,6741,6404,6378,6390,14958,18152,10848,11335,7490,6819,21268,21269,6815,11839,6849,14490,21271,7031,15026,7695,6416,6816,6829,21270,20717,21029,7429,7427],"class_list":{"0":"post-27032","1":"product","2":"type-product","3":"status-publish","4":"has-post-thumbnail","6":"product_brand-l1","7":"product_cat-outils-de-base","8":"product_tag-argile-2","9":"product_tag-argile-3","10":"product_tag-argile-argentee","11":"product_tag-argile-metallique","12":"product_tag-argile-metallique-2","13":"product_tag-brosse-2","14":"product_tag-brosse-3","15":"product_tag-caoutchouc","16":"product_tag-caoutchouc-2","17":"product_tag-ceramique","18":"product_tag-cernit","19":"product_tag-couvercle-en-silicone","20":"product_tag-faconneur","21":"product_tag-fimo","22":"product_tag-finition-2","23":"product_tag-formulaires","24":"product_tag-lisse-2","25":"product_tag-marmites","26":"product_tag-metal-2","27":"product_tag-modeles-2","28":"product_tag-modelisation-2","29":"product_tag-modelisation","30":"product_tag-pate-polymere","31":"product_tag-poubelles","32":"product_tag-repassage","33":"product_tag-spatule-2","34":"product_tag-spatule-de-modelage","35":"product_tag-structures","36":"product_tag-textures","37":"product_shipping_class-standard","39":"first","40":"instock","41":"taxable","42":"shipping-taxable","43":"purchasable","44":"product-type-simple"},"acf":[],"_links":{"self":[{"href":"https:\/\/esquell.eu\/fr\/wp-json\/wp\/v2\/product\/27032","targetHints":{"allow":["GET"]}}],"collection":[{"href":"https:\/\/esquell.eu\/fr\/wp-json\/wp\/v2\/product"}],"about":[{"href":"https:\/\/esquell.eu\/fr\/wp-json\/wp\/v2\/types\/product"}],"replies":[{"embeddable":true,"href":"https:\/\/esquell.eu\/fr\/wp-json\/wp\/v2\/comments?post=27032"}],"wp:featuredmedia":[{"embeddable":true,"href":"https:\/\/esquell.eu\/fr\/wp-json\/wp\/v2\/media\/4363"}],"wp:attachment":[{"href":"https:\/\/esquell.eu\/fr\/wp-json\/wp\/v2\/media?parent=27032"}],"wp:term":[{"taxonomy":"more","embeddable":true,"href":"https:\/\/esquell.eu\/fr\/wp-json\/wp\/v2\/more?post=27032"},{"taxonomy":"product_brand","embeddable":true,"href":"https:\/\/esquell.eu\/fr\/wp-json\/wp\/v2\/product_brand?post=27032"},{"taxonomy":"product_cat","embeddable":true,"href":"https:\/\/esquell.eu\/fr\/wp-json\/wp\/v2\/product_cat?post=27032"},{"taxonomy":"product_tag","embeddable":true,"href":"https:\/\/esquell.eu\/fr\/wp-json\/wp\/v2\/product_tag?post=27032"}],"curies":[{"name":"wp","href":"https:\/\/api.w.org\/{rel}","templated":true}]}}