{"id":27023,"date":"2025-04-03T09:21:27","date_gmt":"2025-04-03T09:21:27","guid":{"rendered":"https:\/\/esquell.eu\/product\/spatules-a-modeler-assortmenti-3-pcs-premium-acs-f-132a\/"},"modified":"2025-04-03T09:21:27","modified_gmt":"2025-04-03T09:21:27","slug":"spatules-a-modeler-assortmenti-3-pcs-premium-acs-f-132a","status":"publish","type":"product","link":"https:\/\/esquell.eu\/fr\/produit\/spatules-a-modeler-assortmenti-3-pcs-premium-acs-f-132a\/","title":{"rendered":"Spatules \u00e0 modeler Assortmenti 3 pcs Premium ACS (F-132A)"},"content":{"rendered":"<p>Set de 3 spatules de modelage double face en acier inoxydable pour travailler l&rsquo;argile.<br \/>\nLes diff\u00e9rentes spatules de modelage permettent de modeler l&rsquo;argile et d&rsquo;y appliquer des motifs.<\/p>\n","protected":false},"excerpt":{"rendered":"<p>Set de 3 spatules de modelage en acier inoxydable \u00e0 double face pour le travail de l&rsquo;argile. Les diff\u00e9rentes spatules de modelage permettent de fa\u00e7onner l&rsquo;argile et d&rsquo;y appliquer des motifs. Emballage imprim\u00e9 avec le logo Art Clay Silver.  <\/p>\n","protected":false},"featured_media":7540,"comment_status":"closed","ping_status":"closed","template":"","meta":{"_acf_changed":false,"_seopress_robots_primary_cat":"none","_seopress_titles_title":"","_seopress_titles_desc":"","_seopress_robots_index":""},"more":[],"product_brand":[6382],"product_cat":[7504,7412],"product_tag":[6386,6378,6390,6376,8444,7100,17726,6658,6402,6579,6706,6743,6724,6635,6712,6381,10354,8220,11024,19923,7695,6636,6407,13399],"class_list":{"0":"post-27023","1":"product","2":"type-product","3":"status-publish","4":"has-post-thumbnail","6":"product_brand-acs","7":"product_cat-argile","8":"product_cat-outils-de-base","9":"product_tag-aida","10":"product_tag-argile-metallique","11":"product_tag-argile-metallique-2","12":"product_tag-artclaysilver","13":"product_tag-artclaysilveracademy","14":"product_tag-artclaysilvershop","15":"product_tag-artclaysilverworld","16":"product_tag-bijoux-en-argile","17":"product_tag-bon-marche","18":"product_tag-certifie","19":"product_tag-commerce-de-gros","20":"product_tag-distributeur","21":"product_tag-envoyer","22":"product_tag-fournitures","23":"product_tag-gratuit","24":"product_tag-japon","25":"product_tag-leurope-2","26":"product_tag-leurope","27":"product_tag-materiaux","28":"product_tag-metalclayshop","29":"product_tag-modelisation-2","30":"product_tag-outils","31":"product_tag-silverclay-co-uk","32":"product_tag-spatules","33":"product_shipping_class-standard","35":"first","36":"instock","37":"taxable","38":"shipping-taxable","39":"purchasable","40":"product-type-simple"},"acf":[],"_links":{"self":[{"href":"https:\/\/esquell.eu\/fr\/wp-json\/wp\/v2\/product\/27023","targetHints":{"allow":["GET"]}}],"collection":[{"href":"https:\/\/esquell.eu\/fr\/wp-json\/wp\/v2\/product"}],"about":[{"href":"https:\/\/esquell.eu\/fr\/wp-json\/wp\/v2\/types\/product"}],"replies":[{"embeddable":true,"href":"https:\/\/esquell.eu\/fr\/wp-json\/wp\/v2\/comments?post=27023"}],"wp:featuredmedia":[{"embeddable":true,"href":"https:\/\/esquell.eu\/fr\/wp-json\/wp\/v2\/media\/7540"}],"wp:attachment":[{"href":"https:\/\/esquell.eu\/fr\/wp-json\/wp\/v2\/media?parent=27023"}],"wp:term":[{"taxonomy":"more","embeddable":true,"href":"https:\/\/esquell.eu\/fr\/wp-json\/wp\/v2\/more?post=27023"},{"taxonomy":"product_brand","embeddable":true,"href":"https:\/\/esquell.eu\/fr\/wp-json\/wp\/v2\/product_brand?post=27023"},{"taxonomy":"product_cat","embeddable":true,"href":"https:\/\/esquell.eu\/fr\/wp-json\/wp\/v2\/product_cat?post=27023"},{"taxonomy":"product_tag","embeddable":true,"href":"https:\/\/esquell.eu\/fr\/wp-json\/wp\/v2\/product_tag?post=27023"}],"curies":[{"name":"wp","href":"https:\/\/api.w.org\/{rel}","templated":true}]}}